{"id":26810,"date":"2025-06-19T16:55:32","date_gmt":"2025-06-19T15:31:14","guid":{"rendered":"https:\/\/toolhouse.fi\/?post_type=product&#038;p=26810"},"modified":"2025-06-19T18:48:07","modified_gmt":"2025-06-19T15:48:07","slug":"auton-siirtoalusta-4kpl-2720kg","status":"publish","type":"product","link":"https:\/\/toolhouse.fi\/fi\/tuote\/auton-siirtoalusta-4kpl-2720kg\/","title":{"rendered":"Auton siirtoalusta 4kpl. 2720kg"},"content":{"rendered":"<table class=\"n54117_dictionary\">\n<tbody>\n<tr>\n<td class=\"n54117_item_a1\">Valmistaja\u00a0<span class=\"n67256colon\">:<\/span><\/td>\n<td class=\"n54117_item_b1\">\n<div class=\"n54117_item_b_sub\"><span class=\"n54117_name_sub\">Geko<\/span><\/div>\n<\/td>\n<\/tr>\n<tr>\n<td class=\"n54117_item_a2\"><span class=\"n67256colon\">Rullien v\u00e4li:<\/span><\/td>\n<td class=\"n54117_item_b2\">\n<div class=\"n54117_item_b_sub\">275\u2013590 mm<\/div>\n<\/td>\n<\/tr>\n<tr>\n<td class=\"n54117_item_a1\">Rullien pituus:<\/td>\n<td class=\"n54117_item_b1\">\n<div class=\"n54117_item_b_sub\">297 mm<\/div>\n<\/td>\n<\/tr>\n<tr>\n<td class=\"n54117_item_a2\">Kantokahva:<\/td>\n<td class=\"n54117_item_b2\">\n<div class=\"n54117_item_b_sub\">kyll\u00e4<\/div>\n<\/td>\n<\/tr>\n<tr>\n<td class=\"n54117_item_a1\">Ylikuormitusventtiili:<\/td>\n<td class=\"n54117_item_b1\">kyll\u00e4<\/td>\n<\/tr>\n<tr>\n<td class=\"n54117_item_a2\">Turvalukitus:<\/td>\n<td class=\"n54117_item_b2\">\n<div class=\"n54117_item_b_sub\">kyll\u00e4<\/div>\n<\/td>\n<\/tr>\n<tr>\n<td class=\"n54117_item_a1\">360\u00b0 k\u00e4\u00e4ntyv\u00e4t py\u00f6r\u00e4t:<\/td>\n<td class=\"n54117_item_b1\">\n<div class=\"n54117_item_b_sub\"><span class=\"n67256colon\">kyll\u00e4<\/span><\/div>\n<\/td>\n<\/tr>\n<tr>\n<td class=\"n54117_item_a2\">Py\u00f6r\u00e4t:<\/td>\n<td class=\"n54117_item_b2\">34\u00d7100 mm<\/td>\n<\/tr>\n<tr>\n<td class=\"n54117_item_a1\">Paino\u00a0<span class=\"n67256colon\">:<\/span><\/td>\n<td class=\"n54117_item_b1\">\n<div class=\"n54117_item_b_sub\">17 kg\/kpl<\/div>\n<\/td>\n<\/tr>\n<tr>\n<td class=\"n54117_item_a2\"><span class=\"n67256colon\">Pituus:<\/span><\/td>\n<td class=\"n54117_item_b2\">\n<div class=\"n54117_item_b_sub\">540\u2013820 mm<\/div>\n<\/td>\n<\/tr>\n<tr>\n<td class=\"n54117_item_a1\">Leveys:<\/td>\n<td class=\"n54117_item_b1\">\n<div class=\"n54117_item_b_sub\">630 mm<\/div>\n<\/td>\n<\/tr>\n<tr>\n<td class=\"n54117_item_a2\"><span class=\"n67256colon\">Suurin nostokapasiteetti:<\/span><\/td>\n<td class=\"n54117_item_b2\">\n<div class=\"n54117_item_b_sub\">680 kg \/ 2720 kg<\/div>\n<\/td>\n<\/tr>\n<tr>\n<td class=\"n54117_item_a1\">CE-hyv\u00e4ksytty<span class=\"n67256colon\">:<\/span><\/td>\n<td class=\"n54117_item_b1\">\n<div class=\"n54117_item_b_sub\"><span class=\"n67256colon\">kyll\u00e4<\/span><\/div>\n<\/td>\n<\/tr>\n<tr>\n<td class=\"n54117_item_a2\">Takuu<span class=\"n67256colon\">:<\/span><\/td>\n<td class=\"n54117_item_b2\">\n<div class=\"n54117_item_b_sub\">1 vuosi<\/div>\n<\/td>\n<\/tr>\n<\/tbody>\n<\/table>\n","protected":false},"excerpt":{"rendered":"<p data-start=\"29\" data-end=\"91\"><strong data-start=\"29\" data-end=\"91\">Sarja, jossa 4 kpl hydraulista rengassiirtovaunua (4 \u00d7 680 kg)<\/strong><\/p>\n<p data-start=\"93\" data-end=\"338\">Vakaat ja helppok\u00e4ytt\u00f6iset siirtovaunut, joissa on tehokas jalkapolkimella toimiva hydraulipumppu nopeaan ja vaivattomaan nostamiseen. Kuulalaakeroidut, k\u00e4\u00e4ntyv\u00e4t py\u00f6r\u00e4t mahdollistavat ajoneuvon siirt\u00e4misen helposti yksin mihin suuntaan tahansa.<\/p>\n<p data-start=\"340\" data-end=\"594\" data-is-last-node=\"\" data-is-only-node=\"\">Yksi vaunu nostaa jopa 680 kg, eli yhteens\u00e4 2720 kg \u2013 riitt\u00e4\u00e4 useimpien henkil\u00f6autojen ja kevyiden hy\u00f6tyajoneuvojen siirtoon. Vankka hydraulipumppu on sijoitettu suojaan vaunun alle, mik\u00e4 tekee rakenteesta kest\u00e4v\u00e4n ja sopivan my\u00f6s matalille ajoneuvoille.<\/p>\n","protected":false},"featured_media":26826,"template":"","meta":{"_acf_changed":false,"_seopress_robots_primary_cat":"none","_seopress_titles_title":"","_seopress_titles_desc":"","_seopress_robots_index":""},"product_cat":[455,37,287],"product_tag":[],"class_list":{"0":"post-26810","1":"product","2":"type-product","3":"status-publish","4":"has-post-thumbnail","6":"product_cat-ajoneuvonostimet","7":"product_cat-autonostimet","8":"product_cat-tunkit-pukit","10":"first","11":"instock","12":"taxable","13":"shipping-taxable","14":"purchasable","15":"product-type-simple","swatches":"rey-swatches","show_selected":""},"acf":[],"_links":{"self":[{"href":"https:\/\/toolhouse.fi\/fi\/wp-json\/wp\/v2\/product\/26810","targetHints":{"allow":["GET"]}}],"collection":[{"href":"https:\/\/toolhouse.fi\/fi\/wp-json\/wp\/v2\/product"}],"about":[{"href":"https:\/\/toolhouse.fi\/fi\/wp-json\/wp\/v2\/types\/product"}],"version-history":[{"count":0,"href":"https:\/\/toolhouse.fi\/fi\/wp-json\/wp\/v2\/product\/26810\/revisions"}],"wp:featuredmedia":[{"embeddable":true,"href":"https:\/\/toolhouse.fi\/fi\/wp-json\/wp\/v2\/media\/26826"}],"wp:attachment":[{"href":"https:\/\/toolhouse.fi\/fi\/wp-json\/wp\/v2\/media?parent=26810"}],"wp:term":[{"taxonomy":"product_cat","embeddable":true,"href":"https:\/\/toolhouse.fi\/fi\/wp-json\/wp\/v2\/product_cat?post=26810"},{"taxonomy":"product_tag","embeddable":true,"href":"https:\/\/toolhouse.fi\/fi\/wp-json\/wp\/v2\/product_tag?post=26810"}],"curies":[{"name":"wp","href":"https:\/\/api.w.org\/{rel}","templated":true}]}}