{"id":26847,"date":"2025-06-24T12:07:34","date_gmt":"2025-06-24T09:13:37","guid":{"rendered":"https:\/\/toolhouse.fi\/?post_type=product&#038;p=26847"},"modified":"2025-07-29T19:25:24","modified_gmt":"2025-07-29T16:25:24","slug":"jarrumantatyokalusarja-12-osaa","status":"publish","type":"product","link":"https:\/\/toolhouse.fi\/fi\/tuote\/jarrumantatyokalusarja-12-osaa\/","title":{"rendered":"Jarrum\u00e4nt\u00e4ty\u00f6kalusarja 12 osaa"},"content":{"rendered":"","protected":false},"excerpt":{"rendered":"<p>jarrum\u00e4nt\u00e4ty\u00f6kalusarja jarrum\u00e4nn\u00e4n sis\u00e4\u00e4n kiert\u00e4miseen.<\/p>\n<p>Sis\u00e4lt\u00e4\u00e4 oikeak\u00e4tinen k\u00e4\u00e4nt\u00f6ty\u00f6kalu sek\u00e4 adaptereita eri jarrusatuloiden m\u00e4nnille.<\/p>\n<p>Sopii sis\u00e4\u00e4nkierrett\u00e4viin ja puristettaviin jarrum\u00e4ntiin.<\/p>\n<p>Sopii takajarrusatuloissa jotka on varustettu k\u00e4sijarrulla.<\/p>\n<p>Jarruty\u00f6kalusarjan avulla m\u00e4nt\u00e4 saadaan palautettua vahingoittamatta m\u00e4nt\u00e4\u00e4 tai siin\u00e4 olevaa kumitiivistett\u00e4.<\/p>\n<p>&nbsp;<\/p>\n<p>&nbsp;<\/p>\n<ul>\n<li>12 osaa<\/li>\n<li>1 x oikeanpuoleinen v\u00e4\u00e4nt\u00f6ty\u00f6kalu<\/li>\n<li>1 x kiinnityslevy<\/li>\n<li>10 x adapteria<\/li>\n<li>Muovisalku<\/li>\n<li>Valmistaja: Geko<\/li>\n<\/ul>\n<p data-start=\"0\" data-end=\"15\">\n<p data-start=\"0\" data-end=\"15\">Sarjan sis\u00e4lt\u00f6:<\/p>\n<ul>\n<li data-start=\"17\" data-end=\"1214\">Adapteri #0 \u2013 General Motors, Cadillac Seville, Eldorado<\/li>\n<li data-start=\"17\" data-end=\"1214\">Adapteri #1 \u2013 Puristuslevy<\/li>\n<li data-start=\"17\" data-end=\"1214\">Adapteri #2 \u2013 Citro\u00ebn XM, Xantia ja muut<\/li>\n<li data-start=\"17\" data-end=\"1214\">Adapteri #3 \u2013 Alfa Romeo, Audi, Austin, BMW 318 iS, 320 i, 325 TD, 518 i, 525 i, 740 i, 850 ci, M5, Ford Fiesta, Honda Concerto, Jaguar XJ6, XJ40, Mercedes-Benz 190, 200, 300, 420, 560, Mitsubishi Colt, Nissan Micra, Stanza, Sunny, Range Rover, Toyota Camry, VW Passat, Golf GTI, Volvo<\/li>\n<li data-start=\"17\" data-end=\"1214\">Adapteri #4 \u2013 Alfa Romeo 164 2.0, Fiat, Ford Telstar, Laser, General Motors Saturn, Grand Prix, Lumina, Honda Prelude, CRX, Mazda, Saab 9000, Subaru<\/li>\n<li data-start=\"17\" data-end=\"1214\">Adapteri #5 \u2013 Sovitin 3\/8&#8243;<\/li>\n<li data-start=\"17\" data-end=\"1214\">Adapteri #6 \u2013 Nissan Primera, VW Golf 4<\/li>\n<li data-start=\"17\" data-end=\"1214\">Adapteri #7 \u2013 Audi 80, 90, V8, 100, Coupe, Ford Sierra ABS, Granada, Scorpio (vuodesta 1985), Honda Prelude, Nissan Silvia 1.8 Turbo, Bluebird, Primera 2.0 i LS\/GS\/GSX, Rover 8000, Saab 9000, Subaru L ja Z, Peugeot 405 1.9Gi\/Gri\/Sri\/GTXI\/MI16, 605 2.0 Sri, Toyota Celica, Corolla GT, MR2, VW Golf, Passat Cl\/Gl\/GT\/GT 16V, Corrado, Scirocco GTX 16V, Jetta Synchro, Jetta GTI 16V<\/li>\n<li data-start=\"17\" data-end=\"1214\">Adapteri #8 \u2013 General Motors<\/li>\n<li data-start=\"17\" data-end=\"1214\">Adapteri #9 \u2013 General Motors, Cadillac Seville, Eldorado<\/li>\n<li data-start=\"17\" data-end=\"1214\">Adapteri #E \u2013 Nissan Cefiro, Maxima<\/li>\n<li data-start=\"17\" data-end=\"1214\">V\u00e4\u00e4nnin, jossa magneettinen k\u00e4rki<\/li>\n<\/ul>\n","protected":false},"featured_media":26852,"template":"","meta":{"_acf_changed":false,"_seopress_robots_primary_cat":"","_seopress_titles_title":"","_seopress_titles_desc":"","_seopress_robots_index":""},"product_cat":[339,482,40],"product_tag":[],"class_list":{"0":"post-26847","1":"product","2":"type-product","3":"status-publish","4":"has-post-thumbnail","6":"product_cat-autotyokalut","7":"product_cat-jarrutyokalut","8":"product_cat-korjaamolaitteet","10":"first","11":"instock","12":"taxable","13":"shipping-taxable","14":"purchasable","15":"product-type-simple","swatches":"rey-swatches","show_selected":""},"acf":[],"_links":{"self":[{"href":"https:\/\/toolhouse.fi\/fi\/wp-json\/wp\/v2\/product\/26847","targetHints":{"allow":["GET"]}}],"collection":[{"href":"https:\/\/toolhouse.fi\/fi\/wp-json\/wp\/v2\/product"}],"about":[{"href":"https:\/\/toolhouse.fi\/fi\/wp-json\/wp\/v2\/types\/product"}],"version-history":[{"count":0,"href":"https:\/\/toolhouse.fi\/fi\/wp-json\/wp\/v2\/product\/26847\/revisions"}],"wp:featuredmedia":[{"embeddable":true,"href":"https:\/\/toolhouse.fi\/fi\/wp-json\/wp\/v2\/media\/26852"}],"wp:attachment":[{"href":"https:\/\/toolhouse.fi\/fi\/wp-json\/wp\/v2\/media?parent=26847"}],"wp:term":[{"taxonomy":"product_cat","embeddable":true,"href":"https:\/\/toolhouse.fi\/fi\/wp-json\/wp\/v2\/product_cat?post=26847"},{"taxonomy":"product_tag","embeddable":true,"href":"https:\/\/toolhouse.fi\/fi\/wp-json\/wp\/v2\/product_tag?post=26847"}],"curies":[{"name":"wp","href":"https:\/\/api.w.org\/{rel}","templated":true}]}}