{"id":26899,"date":"2025-06-25T14:14:30","date_gmt":"2025-06-25T11:14:30","guid":{"rendered":"https:\/\/toolhouse.fi\/?post_type=product&#038;p=26899"},"modified":"2025-12-08T10:00:40","modified_gmt":"2025-12-08T08:00:40","slug":"auton-siirtovaunu-2-x-680kg","status":"publish","type":"product","link":"https:\/\/toolhouse.fi\/fi\/tuote\/auton-siirtovaunu-2-x-680kg\/","title":{"rendered":"Auton siirtovaunu 2 x 680kg"},"content":{"rendered":"","protected":false},"excerpt":{"rendered":"<p data-start=\"44\" data-end=\"154\"><strong data-start=\"44\" data-end=\"154\">Eritt\u00e4in tukevat siirtoalustat, valmistettu 5 mm paksusta, maalatusta ter\u00e4slevyst\u00e4, jossa liukumaton pinta.<\/strong><\/p>\n<p data-start=\"156\" data-end=\"355\">Kantavuus on 680 kg per alusta, joten ne soveltuvat hyvin my\u00f6s raskaampien ajoneuvojen siirt\u00e4miseen. Alustat liikkuvat helposti vankkojen nailonpy\u00f6rien ansiosta, jotka eiv\u00e4t j\u00e4t\u00e4 j\u00e4lki\u00e4 lattiaan.<\/p>\n<p data-start=\"357\" data-end=\"377\"><strong data-start=\"357\" data-end=\"377\">Tekniset tiedot:<\/strong><\/p>\n<ul>\n<li data-start=\"381\" data-end=\"397\">Pituus: 405 mm<\/li>\n<li data-start=\"400\" data-end=\"416\">Leveys: 300 mm<\/li>\n<li data-start=\"419\" data-end=\"436\">Korkeus: 105 mm<\/li>\n<li data-start=\"439\" data-end=\"458\">Paino: 7 kg \/ kpl<\/li>\n<li data-start=\"461\" data-end=\"484\">Py\u00f6r\u00e4koko: 72 x 30 mm<\/li>\n<li data-start=\"487\" data-end=\"526\">Materiaali: ter\u00e4slevy, 5 mm<\/li>\n<li data-start=\"529\" data-end=\"577\">Nelj\u00e4 360\u00b0 k\u00e4\u00e4ntyv\u00e4\u00e4, laakeroitua nailonpy\u00f6r\u00e4\u00e4<\/li>\n<li data-start=\"580\" data-end=\"603\">Kaksi py\u00f6r\u00e4\u00e4 jarrulla<\/li>\n<li data-start=\"606\" data-end=\"625\">Kantokahva<\/li>\n<li data-start=\"628\" data-end=\"646\">Valmistaja: Geko<\/li>\n<li data-start=\"649\" data-end=\"681\">Toimitus: 2 kpl:n pakkauksessa<\/li>\n<li data-start=\"649\" data-end=\"681\">\n<article class=\"text-token-text-primary w-full focus:outline-none [--shadow-height:45px] has-data-writing-block:pointer-events-none has-data-writing-block:-mt-(--shadow-height) has-data-writing-block:pt-(--shadow-height) [&amp;:has([data-writing-block])&gt;*]:pointer-events-auto [content-visibility:auto] supports-[content-visibility:auto]:[contain-intrinsic-size:auto_100lvh] scroll-mt-[calc(var(--header-height)+min(200px,max(70px,20svh)))]\" dir=\"auto\" tabindex=\"-1\" data-turn-id=\"request-WEB:aa0bd2c7-b66b-4746-8b77-9f92e30b3f24-33\" data-testid=\"conversation-turn-6\" data-scroll-anchor=\"true\" data-turn=\"assistant\">\n<div class=\"text-base my-auto mx-auto pb-10 [--thread-content-margin:--spacing(4)] thread-sm:[--thread-content-margin:--spacing(6)] thread-lg:[--thread-content-margin:--spacing(16)] px-(--thread-content-margin)\">\n<div class=\"[--thread-content-max-width:40rem] thread-lg:[--thread-content-max-width:48rem] mx-auto max-w-(--thread-content-max-width) flex-1 group\/turn-messages focus-visible:outline-hidden relative flex w-full min-w-0 flex-col agent-turn\" tabindex=\"-1\">\n<div class=\"flex max-w-full flex-col grow\">\n<div class=\"min-h-8 text-message relative flex w-full flex-col items-end gap-2 text-start break-words whitespace-normal [.text-message+&amp;]:mt-1\" dir=\"auto\" data-message-author-role=\"assistant\" data-message-id=\"766a5666-4dcf-481b-96fa-12b64bd1346d\" data-message-model-slug=\"gpt-5-1\">\n<div class=\"flex w-full flex-col gap-1 empty:hidden first:pt-[1px]\">\n<div class=\"markdown prose dark:prose-invert w-full break-words light markdown-new-styling\">\n<p data-start=\"11\" data-end=\"46\" data-is-last-node=\"\" data-is-only-node=\"\">Huom. Tuotteen v\u00e4ri on sininen.<\/p>\n<\/div>\n<\/div>\n<\/div>\n<\/div>\n<div class=\"z-0 flex min-h-[46px] justify-start\"><\/div>\n<div class=\"mt-3 w-full empty:hidden\">\n<div class=\"text-center\"><\/div>\n<\/div>\n<\/div>\n<\/div>\n<\/article>\n<div class=\"pointer-events-none h-px w-px\" aria-hidden=\"true\" data-edge=\"true\"><\/div>\n<\/li>\n<\/ul>\n","protected":false},"featured_media":26894,"template":"","meta":{"_acf_changed":false,"_seopress_robots_primary_cat":"none","_seopress_titles_title":"","_seopress_titles_desc":"","_seopress_robots_index":""},"product_cat":[455,287,290],"product_tag":[],"class_list":{"0":"post-26899","1":"product","2":"type-product","3":"status-publish","4":"has-post-thumbnail","6":"product_cat-ajoneuvonostimet","7":"product_cat-tunkit-pukit","8":"product_cat-varaosat-ja-tarvikkeet","10":"first","11":"outofstock","12":"taxable","13":"shipping-taxable","14":"purchasable","15":"product-type-simple","swatches":"rey-swatches","show_selected":""},"acf":[],"_links":{"self":[{"href":"https:\/\/toolhouse.fi\/fi\/wp-json\/wp\/v2\/product\/26899","targetHints":{"allow":["GET"]}}],"collection":[{"href":"https:\/\/toolhouse.fi\/fi\/wp-json\/wp\/v2\/product"}],"about":[{"href":"https:\/\/toolhouse.fi\/fi\/wp-json\/wp\/v2\/types\/product"}],"version-history":[{"count":0,"href":"https:\/\/toolhouse.fi\/fi\/wp-json\/wp\/v2\/product\/26899\/revisions"}],"wp:featuredmedia":[{"embeddable":true,"href":"https:\/\/toolhouse.fi\/fi\/wp-json\/wp\/v2\/media\/26894"}],"wp:attachment":[{"href":"https:\/\/toolhouse.fi\/fi\/wp-json\/wp\/v2\/media?parent=26899"}],"wp:term":[{"taxonomy":"product_cat","embeddable":true,"href":"https:\/\/toolhouse.fi\/fi\/wp-json\/wp\/v2\/product_cat?post=26899"},{"taxonomy":"product_tag","embeddable":true,"href":"https:\/\/toolhouse.fi\/fi\/wp-json\/wp\/v2\/product_tag?post=26899"}],"curies":[{"name":"wp","href":"https:\/\/api.w.org\/{rel}","templated":true}]}}