{"id":26908,"date":"2025-06-25T15:00:13","date_gmt":"2025-06-25T12:00:13","guid":{"rendered":"https:\/\/toolhouse.fi\/?post_type=product&#038;p=26908"},"modified":"2025-09-14T09:28:46","modified_gmt":"2025-09-14T06:28:46","slug":"renkaantayttolaite-180cm-letkulla","status":"publish","type":"product","link":"https:\/\/toolhouse.fi\/fi\/tuote\/renkaantayttolaite-180cm-letkulla\/","title":{"rendered":"Renkaant\u00e4ytt\u00f6laite 180cm letkulla"},"content":{"rendered":"","protected":false},"excerpt":{"rendered":"<p data-start=\"48\" data-end=\"223\"><strong data-start=\"48\" data-end=\"127\">Rengaspainemittari , jossa suuri ja selke\u00e4 painemittari sek\u00e4 pitk\u00e4 180 cm letku.<\/strong><br data-start=\"127\" data-end=\"130\" \/>Mittausalue 0\u201312 bar ja ilmanpoistopainike tekev\u00e4t laitteesta sopivan useimpiin ajoneuvoihin.<\/p>\n<p data-start=\"225\" data-end=\"464\"><strong data-start=\"225\" data-end=\"239\">Toiminnot:<\/strong> ilman t\u00e4ytt\u00f6, ilman tyhjennys ja paineen mittaus<br data-start=\"288\" data-end=\"291\" \/>Painemittarissa on kuminen iskusuojus<br data-start=\"328\" data-end=\"331\" \/>Mittayksik\u00f6t: bar ja psi<br data-start=\"355\" data-end=\"358\" \/>Mittausalue: 0\u201312 bar (tarkkuus +\/- 1 %)<br data-start=\"398\" data-end=\"401\" \/>Letkun pituus: 180 cm<br data-start=\"422\" data-end=\"425\" \/>Ilmaliit\u00e4nt\u00e4: 1\/4\u2033<br data-start=\"443\" data-end=\"446\" \/>Valmistaja: Geko<\/p>\n","protected":false},"featured_media":26913,"template":"","meta":{"_acf_changed":false,"_seopress_robots_primary_cat":"","_seopress_titles_title":"","_seopress_titles_desc":"","_seopress_robots_index":""},"product_cat":[217,324],"product_tag":[],"class_list":{"0":"post-26908","1":"product","2":"type-product","3":"status-publish","4":"has-post-thumbnail","6":"product_cat-kompressori-ja-paineilma","7":"product_cat-renkaantayttolaitteet","9":"first","10":"instock","11":"taxable","12":"shipping-taxable","13":"purchasable","14":"product-type-simple","swatches":"rey-swatches","show_selected":""},"acf":[],"_links":{"self":[{"href":"https:\/\/toolhouse.fi\/fi\/wp-json\/wp\/v2\/product\/26908","targetHints":{"allow":["GET"]}}],"collection":[{"href":"https:\/\/toolhouse.fi\/fi\/wp-json\/wp\/v2\/product"}],"about":[{"href":"https:\/\/toolhouse.fi\/fi\/wp-json\/wp\/v2\/types\/product"}],"version-history":[{"count":1,"href":"https:\/\/toolhouse.fi\/fi\/wp-json\/wp\/v2\/product\/26908\/revisions"}],"predecessor-version":[{"id":26911,"href":"https:\/\/toolhouse.fi\/fi\/wp-json\/wp\/v2\/product\/26908\/revisions\/26911"}],"wp:featuredmedia":[{"embeddable":true,"href":"https:\/\/toolhouse.fi\/fi\/wp-json\/wp\/v2\/media\/26913"}],"wp:attachment":[{"href":"https:\/\/toolhouse.fi\/fi\/wp-json\/wp\/v2\/media?parent=26908"}],"wp:term":[{"taxonomy":"product_cat","embeddable":true,"href":"https:\/\/toolhouse.fi\/fi\/wp-json\/wp\/v2\/product_cat?post=26908"},{"taxonomy":"product_tag","embeddable":true,"href":"https:\/\/toolhouse.fi\/fi\/wp-json\/wp\/v2\/product_tag?post=26908"}],"curies":[{"name":"wp","href":"https:\/\/api.w.org\/{rel}","templated":true}]}}