{"id":26937,"date":"2025-06-26T18:19:08","date_gmt":"2025-06-26T15:24:19","guid":{"rendered":"https:\/\/toolhouse.fi\/?post_type=product&#038;p=26937"},"modified":"2026-02-10T10:16:33","modified_gmt":"2026-02-10T08:16:33","slug":"renkaantayttosuutin-kaksipuolinen","status":"publish","type":"product","link":"https:\/\/toolhouse.fi\/fi\/tuote\/renkaantayttosuutin-kaksipuolinen\/","title":{"rendered":"Renkaant\u00e4ytt\u00f6suutin kaksipuolinen"},"content":{"rendered":"","protected":false},"excerpt":{"rendered":"<div class=\"ProductPageContent__model\">Kaksipuolinen\u00a0 renkaant\u00e4ytt\u00f6suulake.<\/div>\n<div><\/div>\n<div>\n<ul>\n<li>\n<p data-start=\"41\" data-end=\"111\">Sopii kaikkiin 1\/4&#8243; kierteell\u00e4 varustettuihin ilman t\u00e4ytt\u00f6laitteisiin.<\/p>\n<\/li>\n<li>\n<p data-start=\"41\" data-end=\"111\"><span style=\"color: #484f56; font-size: 1.125rem;\">Liitin: 1\/4\u2033 sis\u00e4kierre.<\/span><\/p>\n<\/li>\n<li>\n<p data-start=\"41\" data-end=\"111\">Pituus: 145mm<\/p>\n<\/li>\n<li>Valmistaja: Geko<\/li>\n<\/ul>\n<\/div>\n","protected":false},"featured_media":26931,"template":"","meta":{"_acf_changed":false,"_seopress_robots_primary_cat":"none","_seopress_titles_title":"","_seopress_titles_desc":"","_seopress_robots_index":""},"product_cat":[217,324],"product_tag":[],"class_list":{"0":"post-26937","1":"product","2":"type-product","3":"status-publish","4":"has-post-thumbnail","6":"product_cat-kompressori-ja-paineilma","7":"product_cat-renkaantayttolaitteet","9":"first","10":"instock","11":"taxable","12":"shipping-taxable","13":"purchasable","14":"product-type-simple","swatches":"rey-swatches","show_selected":""},"acf":[],"_links":{"self":[{"href":"https:\/\/toolhouse.fi\/fi\/wp-json\/wp\/v2\/product\/26937","targetHints":{"allow":["GET"]}}],"collection":[{"href":"https:\/\/toolhouse.fi\/fi\/wp-json\/wp\/v2\/product"}],"about":[{"href":"https:\/\/toolhouse.fi\/fi\/wp-json\/wp\/v2\/types\/product"}],"version-history":[{"count":2,"href":"https:\/\/toolhouse.fi\/fi\/wp-json\/wp\/v2\/product\/26937\/revisions"}],"predecessor-version":[{"id":26941,"href":"https:\/\/toolhouse.fi\/fi\/wp-json\/wp\/v2\/product\/26937\/revisions\/26941"}],"wp:featuredmedia":[{"embeddable":true,"href":"https:\/\/toolhouse.fi\/fi\/wp-json\/wp\/v2\/media\/26931"}],"wp:attachment":[{"href":"https:\/\/toolhouse.fi\/fi\/wp-json\/wp\/v2\/media?parent=26937"}],"wp:term":[{"taxonomy":"product_cat","embeddable":true,"href":"https:\/\/toolhouse.fi\/fi\/wp-json\/wp\/v2\/product_cat?post=26937"},{"taxonomy":"product_tag","embeddable":true,"href":"https:\/\/toolhouse.fi\/fi\/wp-json\/wp\/v2\/product_tag?post=26937"}],"curies":[{"name":"wp","href":"https:\/\/api.w.org\/{rel}","templated":true}]}}