{"id":26971,"date":"2025-07-02T14:10:43","date_gmt":"2025-07-02T13:33:08","guid":{"rendered":"https:\/\/toolhouse.fi\/?post_type=product&#038;p=26971"},"modified":"2025-12-22T10:19:54","modified_gmt":"2025-12-22T08:19:54","slug":"digitaalinen-mikrometri-ulkopuolinen-0-25-mm","status":"publish","type":"product","link":"https:\/\/toolhouse.fi\/fi\/tuote\/digitaalinen-mikrometri-ulkopuolinen-0-25-mm\/","title":{"rendered":"Digitaalinen mikrometri ulkopuolinen 0 \u2013 25 mm"},"content":{"rendered":"","protected":false},"excerpt":{"rendered":"<p data-start=\"74\" data-end=\"142\"><strong data-start=\"74\" data-end=\"142\">Digitaalinen mikrometri LCD-n\u00e4yt\u00f6ll\u00e4 0\u201325 mm | Tarkkuus 0,001 mm<\/strong><\/p>\n<p data-start=\"144\" data-end=\"386\">Soveltuu tarkkoihin mittauksiin esimerkiksi konepajoissa, autokorjaamoilla ja muissa mekaanisen alan tarkkuutta vaativissa teht\u00e4viss\u00e4. Suuren ja selke\u00e4n LCD-n\u00e4yt\u00f6n ansiosta mittaustulokset on helppo ja nopea lukea \u2014 millimetrein\u00e4 tai tuumina.<\/p>\n<p data-start=\"388\" data-end=\"598\">Mikrometri on varustettu lukituksella, joka pit\u00e4\u00e4 sen halutussa asennossa mittauksen aikana. Mukana toimitetaan my\u00f6s ter\u00e4skuula kumikiinnikkeess\u00e4, joka helpottaa pienten tai py\u00f6ristettyjen pintojen mittaamista.<\/p>\n<p data-start=\"600\" data-end=\"616\"><strong data-start=\"600\" data-end=\"616\">Tuotetiedot:<\/strong><\/p>\n<ul>\n<li data-start=\"620\" data-end=\"641\">Mitta-alue: 0\u201325 mm<\/li>\n<li data-start=\"644\" data-end=\"696\">Mittapinnat kest\u00e4v\u00e4\u00e4 kovametallia (volframkarbidi)<\/li>\n<li data-start=\"699\" data-end=\"723\">Tarkkuus jopa 0,001 mm<\/li>\n<li data-start=\"726\" data-end=\"765\">Suuri ja helposti luettava LCD-n\u00e4ytt\u00f6<\/li>\n<li data-start=\"768\" data-end=\"795\">Mittayksik\u00f6t: mm ja tuuma<\/li>\n<li data-start=\"768\" data-end=\"795\">Mukana ter\u00e4skuula pienten ja py\u00f6reiden kohteiden mittaamiseen.<\/li>\n<\/ul>\n<p data-start=\"861\" data-end=\"881\"><strong data-start=\"861\" data-end=\"881\">Tekniset tiedot:<\/strong><\/p>\n<ul>\n<li data-start=\"885\" data-end=\"906\">Mitta-alue: 0\u201325 mm<\/li>\n<li data-start=\"909\" data-end=\"929\">Tarkkuus: 0,001 mm<\/li>\n<li data-start=\"932\" data-end=\"994\">Virtal\u00e4hde: 3,0V CR2032 litiumparisto (sis\u00e4ltyy pakkaukseen)<\/li>\n<\/ul>\n<p data-start=\"996\" data-end=\"1012\">Valmistaja: Geko<\/p>\n","protected":false},"featured_media":26986,"template":"","meta":{"_acf_changed":false,"_seopress_robots_primary_cat":"","_seopress_titles_title":"","_seopress_titles_desc":"","_seopress_robots_index":""},"product_cat":[491,337,40],"product_tag":[],"class_list":{"0":"post-26971","1":"product","2":"type-product","3":"status-publish","4":"has-post-thumbnail","6":"product_cat-mittavalineet","7":"product_cat-tyokalut","8":"product_cat-korjaamolaitteet","10":"first","11":"instock","12":"taxable","13":"shipping-taxable","14":"purchasable","15":"product-type-simple","swatches":"rey-swatches","show_selected":""},"acf":[],"_links":{"self":[{"href":"https:\/\/toolhouse.fi\/fi\/wp-json\/wp\/v2\/product\/26971","targetHints":{"allow":["GET"]}}],"collection":[{"href":"https:\/\/toolhouse.fi\/fi\/wp-json\/wp\/v2\/product"}],"about":[{"href":"https:\/\/toolhouse.fi\/fi\/wp-json\/wp\/v2\/types\/product"}],"version-history":[{"count":1,"href":"https:\/\/toolhouse.fi\/fi\/wp-json\/wp\/v2\/product\/26971\/revisions"}],"predecessor-version":[{"id":26974,"href":"https:\/\/toolhouse.fi\/fi\/wp-json\/wp\/v2\/product\/26971\/revisions\/26974"}],"wp:featuredmedia":[{"embeddable":true,"href":"https:\/\/toolhouse.fi\/fi\/wp-json\/wp\/v2\/media\/26986"}],"wp:attachment":[{"href":"https:\/\/toolhouse.fi\/fi\/wp-json\/wp\/v2\/media?parent=26971"}],"wp:term":[{"taxonomy":"product_cat","embeddable":true,"href":"https:\/\/toolhouse.fi\/fi\/wp-json\/wp\/v2\/product_cat?post=26971"},{"taxonomy":"product_tag","embeddable":true,"href":"https:\/\/toolhouse.fi\/fi\/wp-json\/wp\/v2\/product_tag?post=26971"}],"curies":[{"name":"wp","href":"https:\/\/api.w.org\/{rel}","templated":true}]}}