{"id":27050,"date":"2025-07-03T16:16:10","date_gmt":"2025-07-03T13:18:22","guid":{"rendered":"https:\/\/toolhouse.fi\/?post_type=product&#038;p=27050"},"modified":"2025-07-03T16:18:23","modified_gmt":"2025-07-03T13:18:23","slug":"sytytystesteri-10-40-kv","status":"publish","type":"product","link":"https:\/\/toolhouse.fi\/fi\/tuote\/sytytystesteri-10-40-kv\/","title":{"rendered":"Sytytystesteri 10 &#8211; 40 kV"},"content":{"rendered":"","protected":false},"excerpt":{"rendered":"<p data-start=\"58\" data-end=\"90\"><strong data-start=\"58\" data-end=\"90\">Sytytysj\u00e4rjestelm\u00e4n testaaja<\/strong><\/p>\n<p data-start=\"92\" data-end=\"238\">Laitteen avulla voidaan helposti diagnosoida sytytyspuolan viat sek\u00e4 tarkistaa sytytystulpan kipin\u00e4n laatu ja voimakkuus. Mittausalue on 10\u201340 kV.<\/p>\n<p data-start=\"240\" data-end=\"343\">Laite kytket\u00e4\u00e4n sytytysjohdon ja rungon v\u00e4liin, mink\u00e4 j\u00e4lkeen kipin\u00e4 testataan k\u00e4ynnist\u00e4m\u00e4ll\u00e4 moottori.<\/p>\n","protected":false},"featured_media":27044,"template":"","meta":{"_acf_changed":false,"_seopress_robots_primary_cat":"","_seopress_titles_title":"","_seopress_titles_desc":"","_seopress_robots_index":""},"product_cat":[339,480,350,40],"product_tag":[],"class_list":{"0":"post-27050","1":"product","2":"type-product","3":"status-publish","4":"has-post-thumbnail","6":"product_cat-autotyokalut","7":"product_cat-moottorityokalut","8":"product_cat-muut","9":"product_cat-korjaamolaitteet","11":"first","12":"instock","13":"taxable","14":"shipping-taxable","15":"purchasable","16":"product-type-simple","swatches":"rey-swatches","show_selected":""},"acf":[],"_links":{"self":[{"href":"https:\/\/toolhouse.fi\/fi\/wp-json\/wp\/v2\/product\/27050","targetHints":{"allow":["GET"]}}],"collection":[{"href":"https:\/\/toolhouse.fi\/fi\/wp-json\/wp\/v2\/product"}],"about":[{"href":"https:\/\/toolhouse.fi\/fi\/wp-json\/wp\/v2\/types\/product"}],"version-history":[{"count":1,"href":"https:\/\/toolhouse.fi\/fi\/wp-json\/wp\/v2\/product\/27050\/revisions"}],"predecessor-version":[{"id":27053,"href":"https:\/\/toolhouse.fi\/fi\/wp-json\/wp\/v2\/product\/27050\/revisions\/27053"}],"wp:featuredmedia":[{"embeddable":true,"href":"https:\/\/toolhouse.fi\/fi\/wp-json\/wp\/v2\/media\/27044"}],"wp:attachment":[{"href":"https:\/\/toolhouse.fi\/fi\/wp-json\/wp\/v2\/media?parent=27050"}],"wp:term":[{"taxonomy":"product_cat","embeddable":true,"href":"https:\/\/toolhouse.fi\/fi\/wp-json\/wp\/v2\/product_cat?post=27050"},{"taxonomy":"product_tag","embeddable":true,"href":"https:\/\/toolhouse.fi\/fi\/wp-json\/wp\/v2\/product_tag?post=27050"}],"curies":[{"name":"wp","href":"https:\/\/api.w.org\/{rel}","templated":true}]}}