{"id":27097,"date":"2025-07-10T13:04:13","date_gmt":"2025-07-10T10:04:13","guid":{"rendered":"https:\/\/toolhouse.fi\/?post_type=product&#038;p=27097"},"modified":"2025-08-10T14:40:31","modified_gmt":"2025-08-10T11:40:31","slug":"magneettinostin-taipuvalla-varrella-ja-led-valolla","status":"publish","type":"product","link":"https:\/\/toolhouse.fi\/fi\/tuote\/magneettinostin-taipuvalla-varrella-ja-led-valolla\/","title":{"rendered":"Magneettinostin taipuvalla varrella ja LED-valolla"},"content":{"rendered":"","protected":false},"excerpt":{"rendered":"<h3 class=\"MuiTypography-root MuiTypography-dsH3 mui-1h6k39g\">Magneettinostin taipuvalla varrella ja LED-valolla<\/h3>\n<p data-start=\"130\" data-end=\"321\">K\u00e4tev\u00e4 magneettity\u00f6kalu, jossa on joustava metallivarsi ja sis\u00e4\u00e4nrakennettu LED-valo \u2013 ihanteellinen pudonneiden ruuvien, muttereiden tai muiden metalliosien poimimiseen ahtaista paikoista.<\/p>\n<ul>\n<li data-start=\"325\" data-end=\"340\">Pituus: 57 cm<\/li>\n<li data-start=\"343\" data-end=\"372\">Magneetin halkaisija: 17 mm<\/li>\n<li data-start=\"375\" data-end=\"418\">Taivutettava varsi<\/li>\n<li data-start=\"421\" data-end=\"448\">Sis\u00e4\u00e4nrakennettu LED-valo<\/li>\n<li data-start=\"451\" data-end=\"494\">Vaihdettavat paristot (3 kpl LR44 sis\u00e4ltyy)<\/li>\n<\/ul>\n","protected":false},"featured_media":27090,"template":"","meta":{"_acf_changed":false,"_seopress_robots_primary_cat":"","_seopress_titles_title":"","_seopress_titles_desc":"","_seopress_robots_index":""},"product_cat":[350,337,40],"product_tag":[],"class_list":{"0":"post-27097","1":"product","2":"type-product","3":"status-publish","4":"has-post-thumbnail","6":"product_cat-muut","7":"product_cat-tyokalut","8":"product_cat-korjaamolaitteet","10":"first","11":"instock","12":"taxable","13":"shipping-taxable","14":"purchasable","15":"product-type-simple","swatches":"rey-swatches","show_selected":""},"acf":[],"_links":{"self":[{"href":"https:\/\/toolhouse.fi\/fi\/wp-json\/wp\/v2\/product\/27097","targetHints":{"allow":["GET"]}}],"collection":[{"href":"https:\/\/toolhouse.fi\/fi\/wp-json\/wp\/v2\/product"}],"about":[{"href":"https:\/\/toolhouse.fi\/fi\/wp-json\/wp\/v2\/types\/product"}],"version-history":[{"count":1,"href":"https:\/\/toolhouse.fi\/fi\/wp-json\/wp\/v2\/product\/27097\/revisions"}],"predecessor-version":[{"id":27100,"href":"https:\/\/toolhouse.fi\/fi\/wp-json\/wp\/v2\/product\/27097\/revisions\/27100"}],"wp:featuredmedia":[{"embeddable":true,"href":"https:\/\/toolhouse.fi\/fi\/wp-json\/wp\/v2\/media\/27090"}],"wp:attachment":[{"href":"https:\/\/toolhouse.fi\/fi\/wp-json\/wp\/v2\/media?parent=27097"}],"wp:term":[{"taxonomy":"product_cat","embeddable":true,"href":"https:\/\/toolhouse.fi\/fi\/wp-json\/wp\/v2\/product_cat?post=27097"},{"taxonomy":"product_tag","embeddable":true,"href":"https:\/\/toolhouse.fi\/fi\/wp-json\/wp\/v2\/product_tag?post=27097"}],"curies":[{"name":"wp","href":"https:\/\/api.w.org\/{rel}","templated":true}]}}