{"id":27117,"date":"2025-07-10T14:52:59","date_gmt":"2025-07-10T11:52:59","guid":{"rendered":"https:\/\/toolhouse.fi\/?post_type=product&#038;p=27117"},"modified":"2026-01-26T13:11:28","modified_gmt":"2026-01-26T11:11:28","slug":"jaahdyttimen-evien-suoristuslaite","status":"publish","type":"product","link":"https:\/\/toolhouse.fi\/fi\/tuote\/jaahdyttimen-evien-suoristuslaite\/","title":{"rendered":"J\u00e4\u00e4hdyttimen evien suoristuslaite"},"content":{"rendered":"","protected":false},"excerpt":{"rendered":"<p data-start=\"52\" data-end=\"129\"><strong data-start=\"52\" data-end=\"129\">Ty\u00f6kalu j\u00e4\u00e4hdyttimen lamellien oikaisuun<\/strong><\/p>\n<p data-start=\"131\" data-end=\"344\" data-is-last-node=\"\" data-is-only-node=\"\">Lamellinsuoristusty\u00f6kalu, jossa on kuusi erikokoista kampaa \u2013 sopii useimpiin j\u00e4\u00e4hdyttimiin.<\/p>\n","protected":false},"featured_media":27109,"template":"","meta":{"_acf_changed":false,"_seopress_robots_primary_cat":"","_seopress_titles_title":"","_seopress_titles_desc":"","_seopress_robots_index":""},"product_cat":[339,480,350,40],"product_tag":[],"class_list":{"0":"post-27117","1":"product","2":"type-product","3":"status-publish","4":"has-post-thumbnail","6":"product_cat-autotyokalut","7":"product_cat-moottorityokalut","8":"product_cat-muut","9":"product_cat-korjaamolaitteet","11":"first","12":"instock","13":"taxable","14":"shipping-taxable","15":"purchasable","16":"product-type-simple","swatches":"rey-swatches","show_selected":""},"acf":[],"_links":{"self":[{"href":"https:\/\/toolhouse.fi\/fi\/wp-json\/wp\/v2\/product\/27117","targetHints":{"allow":["GET"]}}],"collection":[{"href":"https:\/\/toolhouse.fi\/fi\/wp-json\/wp\/v2\/product"}],"about":[{"href":"https:\/\/toolhouse.fi\/fi\/wp-json\/wp\/v2\/types\/product"}],"version-history":[{"count":1,"href":"https:\/\/toolhouse.fi\/fi\/wp-json\/wp\/v2\/product\/27117\/revisions"}],"predecessor-version":[{"id":27120,"href":"https:\/\/toolhouse.fi\/fi\/wp-json\/wp\/v2\/product\/27117\/revisions\/27120"}],"wp:featuredmedia":[{"embeddable":true,"href":"https:\/\/toolhouse.fi\/fi\/wp-json\/wp\/v2\/media\/27109"}],"wp:attachment":[{"href":"https:\/\/toolhouse.fi\/fi\/wp-json\/wp\/v2\/media?parent=27117"}],"wp:term":[{"taxonomy":"product_cat","embeddable":true,"href":"https:\/\/toolhouse.fi\/fi\/wp-json\/wp\/v2\/product_cat?post=27117"},{"taxonomy":"product_tag","embeddable":true,"href":"https:\/\/toolhouse.fi\/fi\/wp-json\/wp\/v2\/product_tag?post=27117"}],"curies":[{"name":"wp","href":"https:\/\/api.w.org\/{rel}","templated":true}]}}