{"id":27131,"date":"2025-07-10T15:20:16","date_gmt":"2025-07-10T13:06:00","guid":{"rendered":"https:\/\/toolhouse.fi\/?post_type=product&#038;p=27131"},"modified":"2025-10-02T11:18:54","modified_gmt":"2025-10-02T08:18:54","slug":"porakierretappisarja-m3-m10","status":"publish","type":"product","link":"https:\/\/toolhouse.fi\/fi\/tuote\/porakierretappisarja-m3-m10\/","title":{"rendered":"Porakierretappisarja M3-M10"},"content":{"rendered":"","protected":false},"excerpt":{"rendered":"<p data-start=\"40\" data-end=\"117\"><strong data-start=\"40\" data-end=\"117\">Porakierretappisarja \u2013 HSS-ter\u00e4st\u00e4, titaanipinnoitteella \u2013 6 osaa<\/strong><\/p>\n<p data-start=\"339\" data-end=\"358\"><strong data-start=\"339\" data-end=\"358\">Sis\u00e4lt\u00f6 \u2013 koot:<\/strong><\/p>\n<ul>\n<li data-start=\"362\" data-end=\"375\">M3 x 0,5 mm<\/li>\n<li data-start=\"378\" data-end=\"391\">M4 x 0,7 mm<\/li>\n<li data-start=\"394\" data-end=\"407\">M5 x 0,8 mm<\/li>\n<li data-start=\"410\" data-end=\"423\">M6 x 1,0 mm<\/li>\n<li data-start=\"426\" data-end=\"440\">M8 x 1,25 mm<\/li>\n<li data-start=\"443\" data-end=\"457\">M10 x 1,5 mm<\/li>\n<\/ul>\n<p data-start=\"459\" data-end=\"479\"><strong data-start=\"459\" data-end=\"479\">Tekniset tiedot:<\/strong><\/p>\n<ul>\n<li data-start=\"483\" data-end=\"508\">Materiaali: HSS-TiN<\/li>\n<li data-start=\"511\" data-end=\"583\">Pinnoite: Titaani (TiN) \u2013 lis\u00e4\u00e4 kulutuskest\u00e4vyytt\u00e4 ja l\u00e4mm\u00f6nsietoa<\/li>\n<li data-start=\"586\" data-end=\"664\">Kiinnitys: HEX 1\/4\u201d \u2013 sopii useimpiin ruuvinv\u00e4\u00e4ntimiin ja pikaistukoihin<\/li>\n<li data-start=\"667\" data-end=\"747\">K\u00e4ytt\u00f6: Metallille, alumiinille, muoville ja synteettisille materiaaleille<\/li>\n<li data-start=\"750\" data-end=\"772\">Valmistaja: Geko<\/li>\n<\/ul>\n","protected":false},"featured_media":27128,"template":"","meta":{"_acf_changed":false,"_seopress_robots_primary_cat":"","_seopress_titles_title":"","_seopress_titles_desc":"","_seopress_robots_index":""},"product_cat":[262,489,472,473,337,40],"product_tag":[],"class_list":{"0":"post-27131","1":"product","2":"type-product","3":"status-publish","4":"has-post-thumbnail","6":"product_cat-hitsaus-metallityo","7":"product_cat-kierretyokalut","8":"product_cat-metallityo","9":"product_cat-metallityon-tarvikkeet","10":"product_cat-tyokalut","11":"product_cat-korjaamolaitteet","13":"first","14":"instock","15":"taxable","16":"shipping-taxable","17":"purchasable","18":"product-type-simple","swatches":"rey-swatches","show_selected":""},"acf":[],"_links":{"self":[{"href":"https:\/\/toolhouse.fi\/fi\/wp-json\/wp\/v2\/product\/27131","targetHints":{"allow":["GET"]}}],"collection":[{"href":"https:\/\/toolhouse.fi\/fi\/wp-json\/wp\/v2\/product"}],"about":[{"href":"https:\/\/toolhouse.fi\/fi\/wp-json\/wp\/v2\/types\/product"}],"version-history":[{"count":1,"href":"https:\/\/toolhouse.fi\/fi\/wp-json\/wp\/v2\/product\/27131\/revisions"}],"predecessor-version":[{"id":27134,"href":"https:\/\/toolhouse.fi\/fi\/wp-json\/wp\/v2\/product\/27131\/revisions\/27134"}],"wp:featuredmedia":[{"embeddable":true,"href":"https:\/\/toolhouse.fi\/fi\/wp-json\/wp\/v2\/media\/27128"}],"wp:attachment":[{"href":"https:\/\/toolhouse.fi\/fi\/wp-json\/wp\/v2\/media?parent=27131"}],"wp:term":[{"taxonomy":"product_cat","embeddable":true,"href":"https:\/\/toolhouse.fi\/fi\/wp-json\/wp\/v2\/product_cat?post=27131"},{"taxonomy":"product_tag","embeddable":true,"href":"https:\/\/toolhouse.fi\/fi\/wp-json\/wp\/v2\/product_tag?post=27131"}],"curies":[{"name":"wp","href":"https:\/\/api.w.org\/{rel}","templated":true}]}}