{"id":27162,"date":"2025-07-11T09:05:15","date_gmt":"2025-07-11T06:05:15","guid":{"rendered":"https:\/\/toolhouse.fi\/?post_type=product&#038;p=27162"},"modified":"2025-12-28T20:51:34","modified_gmt":"2025-12-28T18:51:34","slug":"palteennostin-18l-invento","status":"publish","type":"product","link":"https:\/\/toolhouse.fi\/fi\/tuote\/palteennostin-18l-invento\/","title":{"rendered":"Palteennostin 18L Invento"},"content":{"rendered":"<table class=\"n54117_dictionary\">\n<tbody>\n<tr>\n<td class=\"n54117_item_a1\">Valmistaja\u00a0<span class=\"n67256colon\">:<\/span><\/td>\n<td class=\"n54117_item_b1\">\n<div class=\"n54117_item_b_sub\"><span class=\"n54117_name_sub\">Invento<\/span><\/div>\n<\/td>\n<\/tr>\n<tr>\n<td class=\"n54117_item_a2\">S\u00e4ili\u00f6\u00a0<span class=\"n67256colon\">:<\/span><\/td>\n<td class=\"n54117_item_b2\">\n<div class=\"n54117_item_b_sub\">18 L.<\/div>\n<\/td>\n<\/tr>\n<tr>\n<td class=\"n54117_item_a1\">Max paine\u00a0<span class=\"n67256colon\">:<\/span><\/td>\n<td class=\"n54117_item_b1\">\n<div class=\"n54117_item_b_sub\">10 Bar<\/div>\n<\/td>\n<\/tr>\n<tr>\n<td class=\"n54117_item_a2\">CE hyv\u00e4ksytty<\/td>\n<td class=\"n54117_item_b2\">\n<div class=\"n54117_item_b_sub\">kyll\u00e4<\/div>\n<\/td>\n<\/tr>\n<tr>\n<td class=\"n54117_item_a1\">Ty\u00f6paine\u00a0<span class=\"n67256colon\">:<\/span><\/td>\n<td class=\"n54117_item_b1\">\n<div class=\"n54117_item_b_sub\">8 Bar<\/div>\n<\/td>\n<\/tr>\n<tr>\n<td class=\"n54117_item_a2\">Ylipaineventtiili\u00a0<span class=\"n67256colon\">:<\/span><\/p>\n<p>Paino:<\/td>\n<td class=\"n54117_item_b2\">\n<div class=\"n54117_item_b_sub\">kyll\u00e4<\/div>\n<div>11,3 kg<\/div>\n<\/td>\n<\/tr>\n<tr>\n<td class=\"n54117_item_a1\">Takuu\u00a0<span class=\"n67256colon\">:<\/span><\/td>\n<td class=\"n54117_item_b1\">\n<div class=\"n54117_item_b_sub\">1 vuosi<\/div>\n<\/td>\n<\/tr>\n<\/tbody>\n<\/table>\n","protected":false},"excerpt":{"rendered":"<p>Kompakti ja tehokas 18 litran Ilmaiskulaite,\u00a0t\u00e4ydellinen henkil\u00f6autoille, pakettiautoille ja kevyille kuorma-autoille..<\/p>\n<ul>\n<li>Tukevat kahvat tekev\u00e4t k\u00e4yt\u00f6st\u00e4 mukavaa ja helppoa<\/li>\n<li>Varustettu ylipaineventtiilill\u00e4 turvallista k\u00e4ytt\u00f6\u00e4 varten<\/li>\n<li>Selke\u00e4 painemittari takaa tarkan ilmanpaineen hallinnan<\/li>\n<\/ul>\n","protected":false},"featured_media":27167,"template":"","meta":{"_acf_changed":false,"_seopress_robots_primary_cat":"none","_seopress_titles_title":"","_seopress_titles_desc":"","_seopress_robots_index":""},"product_cat":[309,39],"product_tag":[],"class_list":{"0":"post-27162","1":"product","2":"type-product","3":"status-publish","4":"has-post-thumbnail","6":"product_cat-palteennostin","7":"product_cat-rengastyo","9":"first","10":"outofstock","11":"taxable","12":"shipping-taxable","13":"purchasable","14":"product-type-simple","swatches":"rey-swatches","show_selected":""},"acf":[],"_links":{"self":[{"href":"https:\/\/toolhouse.fi\/fi\/wp-json\/wp\/v2\/product\/27162","targetHints":{"allow":["GET"]}}],"collection":[{"href":"https:\/\/toolhouse.fi\/fi\/wp-json\/wp\/v2\/product"}],"about":[{"href":"https:\/\/toolhouse.fi\/fi\/wp-json\/wp\/v2\/types\/product"}],"version-history":[{"count":1,"href":"https:\/\/toolhouse.fi\/fi\/wp-json\/wp\/v2\/product\/27162\/revisions"}],"predecessor-version":[{"id":27165,"href":"https:\/\/toolhouse.fi\/fi\/wp-json\/wp\/v2\/product\/27162\/revisions\/27165"}],"wp:featuredmedia":[{"embeddable":true,"href":"https:\/\/toolhouse.fi\/fi\/wp-json\/wp\/v2\/media\/27167"}],"wp:attachment":[{"href":"https:\/\/toolhouse.fi\/fi\/wp-json\/wp\/v2\/media?parent=27162"}],"wp:term":[{"taxonomy":"product_cat","embeddable":true,"href":"https:\/\/toolhouse.fi\/fi\/wp-json\/wp\/v2\/product_cat?post=27162"},{"taxonomy":"product_tag","embeddable":true,"href":"https:\/\/toolhouse.fi\/fi\/wp-json\/wp\/v2\/product_tag?post=27162"}],"curies":[{"name":"wp","href":"https:\/\/api.w.org\/{rel}","templated":true}]}}