{"id":27203,"date":"2025-07-14T13:08:55","date_gmt":"2025-07-14T10:08:55","guid":{"rendered":"https:\/\/toolhouse.fi\/?post_type=product&#038;p=27203"},"modified":"2026-02-22T22:07:06","modified_gmt":"2026-02-22T20:07:06","slug":"korjaamovaunu-invento","status":"publish","type":"product","link":"https:\/\/toolhouse.fi\/fi\/tuote\/korjaamovaunu-invento\/","title":{"rendered":"Korjaamovaunu Invento"},"content":{"rendered":"","protected":false},"excerpt":{"rendered":"<p>3-tasoinen ty\u00f6kaluvaunu jossa on kolme hylly\u00e4, ruuvimeisseliteline sek\u00e4 sivupaneelit siirrett\u00e4vill\u00e4 ripustuskoukuilla.<\/p>\n<p>Varustettu nelj\u00e4ll\u00e4 nailonpy\u00f6r\u00e4ll\u00e4, joista kaksi on k\u00e4\u00e4ntyvi\u00e4.<\/p>\n<p>Sopii erinomaisesti mm. autotalleihin, korjaamoihin ja varastoihin.<\/p>\n<ul>\n<li>Korkeus: 75 cm<\/li>\n<li>Pituus: 80 cm<\/li>\n<li>Leveys: 36 cm<\/li>\n<li>Kantavuus : 140 kg<\/li>\n<li>Paino: 12 kg<\/li>\n<li>Mukana 12 koukkua<\/li>\n<\/ul>\n","protected":false},"featured_media":27219,"template":"","meta":{"_acf_changed":false,"_seopress_robots_primary_cat":"none","_seopress_titles_title":"","_seopress_titles_desc":"","_seopress_robots_index":""},"product_cat":[350,337,40,484],"product_tag":[],"class_list":{"0":"post-27203","1":"product","2":"type-product","3":"status-publish","4":"has-post-thumbnail","6":"product_cat-muut","7":"product_cat-tyokalut","8":"product_cat-korjaamolaitteet","9":"product_cat-tyokaluvaunut-tyokalujen-sailytys","10":"product_shipping_class-k-160-1090e","12":"first","13":"instock","14":"taxable","15":"shipping-taxable","16":"purchasable","17":"product-type-simple","swatches":"rey-swatches","show_selected":""},"acf":[],"_links":{"self":[{"href":"https:\/\/toolhouse.fi\/fi\/wp-json\/wp\/v2\/product\/27203","targetHints":{"allow":["GET"]}}],"collection":[{"href":"https:\/\/toolhouse.fi\/fi\/wp-json\/wp\/v2\/product"}],"about":[{"href":"https:\/\/toolhouse.fi\/fi\/wp-json\/wp\/v2\/types\/product"}],"version-history":[{"count":1,"href":"https:\/\/toolhouse.fi\/fi\/wp-json\/wp\/v2\/product\/27203\/revisions"}],"predecessor-version":[{"id":27209,"href":"https:\/\/toolhouse.fi\/fi\/wp-json\/wp\/v2\/product\/27203\/revisions\/27209"}],"wp:featuredmedia":[{"embeddable":true,"href":"https:\/\/toolhouse.fi\/fi\/wp-json\/wp\/v2\/media\/27219"}],"wp:attachment":[{"href":"https:\/\/toolhouse.fi\/fi\/wp-json\/wp\/v2\/media?parent=27203"}],"wp:term":[{"taxonomy":"product_cat","embeddable":true,"href":"https:\/\/toolhouse.fi\/fi\/wp-json\/wp\/v2\/product_cat?post=27203"},{"taxonomy":"product_tag","embeddable":true,"href":"https:\/\/toolhouse.fi\/fi\/wp-json\/wp\/v2\/product_tag?post=27203"}],"curies":[{"name":"wp","href":"https:\/\/api.w.org\/{rel}","templated":true}]}}