{"id":27258,"date":"2025-07-16T10:24:36","date_gmt":"2025-07-16T07:24:36","guid":{"rendered":"https:\/\/toolhouse.fi\/?post_type=product&#038;p=27258"},"modified":"2025-12-28T20:51:35","modified_gmt":"2025-12-28T18:51:35","slug":"rullalevy-rengaskoneisiin","status":"publish","type":"product","link":"https:\/\/toolhouse.fi\/fi\/tuote\/rullalevy-rengaskoneisiin\/","title":{"rendered":"Rullalevy rengaskoneisiin"},"content":{"rendered":"","protected":false},"excerpt":{"rendered":"<p data-start=\"0\" data-end=\"52\">Palteenirroittajan rullalevy rengaskoneisiin<\/p>\n<p data-start=\"54\" data-end=\"280\">Lis\u00e4varuste, joka helpottaa ty\u00f6skentely\u00e4 renkaan irrotuksessa vanteelta. Rullalevy asetetaan py\u00f6r\u00e4n alle ja sen ansiosta voit helposti py\u00f6ritt\u00e4\u00e4 py\u00f6r\u00e4\u00e4 oikeaan asentoon ilman nostamista tai siirt\u00e4mist\u00e4 k\u00e4sin.<\/p>\n<p data-start=\"282\" data-end=\"377\">Vankka rakenne 3 mm paksusta ter\u00e4slevyst\u00e4 ja kest\u00e4v\u00e4t 24 mm halkaisijaltaan olevat ter\u00e4srullat.<\/p>\n<ul>\n<li data-start=\"381\" data-end=\"413\">Sopii kaikkiin rengaskoneisiin<\/li>\n<li data-start=\"416\" data-end=\"450\">Vakaa, t\u00e4ysin metallinen rakenne<\/li>\n<li data-start=\"453\" data-end=\"478\">Liukuestomatto sis\u00e4ltyy<\/li>\n<li data-start=\"481\" data-end=\"494\">Paino: 8 kg<\/li>\n<li data-start=\"497\" data-end=\"513\">Pituus: 450 mm<\/li>\n<li data-start=\"516\" data-end=\"532\">Leveys: 290 mm<\/li>\n<li data-start=\"535\" data-end=\"551\">Korkeus: 30 mm<\/li>\n<li data-start=\"554\" data-end=\"573\">Valmistaja: Invento<\/li>\n<\/ul>\n","protected":false},"featured_media":27254,"template":"","meta":{"_acf_changed":false,"_seopress_robots_primary_cat":"","_seopress_titles_title":"","_seopress_titles_desc":"","_seopress_robots_index":""},"product_cat":[475,188,39],"product_tag":[],"class_list":{"0":"post-27258","1":"product","2":"type-product","3":"status-publish","4":"has-post-thumbnail","6":"product_cat-lisavarusteet-ja-varaosat","7":"product_cat-rengaskoneet","8":"product_cat-rengastyo","10":"first","11":"outofstock","12":"taxable","13":"shipping-taxable","14":"purchasable","15":"product-type-simple","swatches":"rey-swatches","show_selected":""},"acf":[],"_links":{"self":[{"href":"https:\/\/toolhouse.fi\/fi\/wp-json\/wp\/v2\/product\/27258","targetHints":{"allow":["GET"]}}],"collection":[{"href":"https:\/\/toolhouse.fi\/fi\/wp-json\/wp\/v2\/product"}],"about":[{"href":"https:\/\/toolhouse.fi\/fi\/wp-json\/wp\/v2\/types\/product"}],"version-history":[{"count":1,"href":"https:\/\/toolhouse.fi\/fi\/wp-json\/wp\/v2\/product\/27258\/revisions"}],"predecessor-version":[{"id":27261,"href":"https:\/\/toolhouse.fi\/fi\/wp-json\/wp\/v2\/product\/27258\/revisions\/27261"}],"wp:featuredmedia":[{"embeddable":true,"href":"https:\/\/toolhouse.fi\/fi\/wp-json\/wp\/v2\/media\/27254"}],"wp:attachment":[{"href":"https:\/\/toolhouse.fi\/fi\/wp-json\/wp\/v2\/media?parent=27258"}],"wp:term":[{"taxonomy":"product_cat","embeddable":true,"href":"https:\/\/toolhouse.fi\/fi\/wp-json\/wp\/v2\/product_cat?post=27258"},{"taxonomy":"product_tag","embeddable":true,"href":"https:\/\/toolhouse.fi\/fi\/wp-json\/wp\/v2\/product_tag?post=27258"}],"curies":[{"name":"wp","href":"https:\/\/api.w.org\/{rel}","templated":true}]}}