{"id":27280,"date":"2025-07-17T15:32:28","date_gmt":"2025-07-17T12:32:28","guid":{"rendered":"https:\/\/toolhouse.fi\/?post_type=product&#038;p=27280"},"modified":"2025-08-13T12:04:27","modified_gmt":"2025-08-13T09:04:27","slug":"asentajan-alusta-150kg","status":"publish","type":"product","link":"https:\/\/toolhouse.fi\/fi\/tuote\/asentajan-alusta-150kg\/","title":{"rendered":"Asentajan alusta 150kg"},"content":{"rendered":"","protected":false},"excerpt":{"rendered":"<p data-start=\"0\" data-end=\"50\">Asentajan alusta 150kg \u2013 Invento.<\/p>\n<p data-start=\"52\" data-end=\"187\" data-is-last-node=\"\" data-is-only-node=\"\">Vankkarakenteinen ja ergonomisesti muotoiltu asentajan alusta, valmistettu iskunkest\u00e4v\u00e4st\u00e4 muovista.\u00a0 Sis\u00e4\u00e4nrakennetut s\u00e4ilytyslokerot ja kevyesti rullaavat 360\u00b0 k\u00e4\u00e4ntyv\u00e4t nylonpy\u00f6r\u00e4t tekev\u00e4t ty\u00f6skentelyst\u00e4 vaivatonta.<\/p>\n<p>&nbsp;<\/p>\n<ul>\n<li data-start=\"284\" data-end=\"302\">Paksu pehmustettu p\u00e4\u00e4noja<\/li>\n<li data-start=\"305\" data-end=\"341\">K\u00e4\u00e4ntyv\u00e4t, laakeroidut nylonpy\u00f6r\u00e4t<\/li>\n<li data-start=\"344\" data-end=\"378\">Ergonominen muotoilu k\u00e4ytt\u00e4j\u00e4lle<\/li>\n<li data-start=\"381\" data-end=\"417\">S\u00e4ilytystilaa ty\u00f6kaluille sivuilla<\/li>\n<li data-start=\"420\" data-end=\"446\">Varustettu kantokahvalla<\/li>\n<\/ul>\n<p data-start=\"448\" data-end=\"468\"><strong data-start=\"448\" data-end=\"468\">Tekniset tiedot:<\/strong><\/p>\n<ul>\n<li data-start=\"472\" data-end=\"489\">Korkeus: 115 mm<\/li>\n<li data-start=\"492\" data-end=\"508\">Pituus: 920 mm<\/li>\n<li data-start=\"511\" data-end=\"527\">Leveys: 430 mm<\/li>\n<li data-start=\"530\" data-end=\"549\">Kantavuus: 150 kg<\/li>\n<li data-start=\"552\" data-end=\"579\">Py\u00f6rien halkaisija: 70 mm<\/li>\n<li data-start=\"582\" data-end=\"597\">Paino: 4,8 kg<\/li>\n<li data-start=\"600\" data-end=\"619\">Valmistaja: Invento<\/li>\n<\/ul>\n","protected":false},"featured_media":27271,"template":"","meta":{"_acf_changed":false,"_seopress_robots_primary_cat":"none","_seopress_titles_title":"","_seopress_titles_desc":"","_seopress_robots_index":""},"product_cat":[339,350,287,40],"product_tag":[],"class_list":{"0":"post-27280","1":"product","2":"type-product","3":"status-publish","4":"has-post-thumbnail","6":"product_cat-autotyokalut","7":"product_cat-muut","8":"product_cat-tunkit-pukit","9":"product_cat-korjaamolaitteet","11":"first","12":"instock","13":"taxable","14":"shipping-taxable","15":"purchasable","16":"product-type-simple","swatches":"rey-swatches","show_selected":""},"acf":[],"_links":{"self":[{"href":"https:\/\/toolhouse.fi\/fi\/wp-json\/wp\/v2\/product\/27280","targetHints":{"allow":["GET"]}}],"collection":[{"href":"https:\/\/toolhouse.fi\/fi\/wp-json\/wp\/v2\/product"}],"about":[{"href":"https:\/\/toolhouse.fi\/fi\/wp-json\/wp\/v2\/types\/product"}],"version-history":[{"count":1,"href":"https:\/\/toolhouse.fi\/fi\/wp-json\/wp\/v2\/product\/27280\/revisions"}],"predecessor-version":[{"id":27283,"href":"https:\/\/toolhouse.fi\/fi\/wp-json\/wp\/v2\/product\/27280\/revisions\/27283"}],"wp:featuredmedia":[{"embeddable":true,"href":"https:\/\/toolhouse.fi\/fi\/wp-json\/wp\/v2\/media\/27271"}],"wp:attachment":[{"href":"https:\/\/toolhouse.fi\/fi\/wp-json\/wp\/v2\/media?parent=27280"}],"wp:term":[{"taxonomy":"product_cat","embeddable":true,"href":"https:\/\/toolhouse.fi\/fi\/wp-json\/wp\/v2\/product_cat?post=27280"},{"taxonomy":"product_tag","embeddable":true,"href":"https:\/\/toolhouse.fi\/fi\/wp-json\/wp\/v2\/product_tag?post=27280"}],"curies":[{"name":"wp","href":"https:\/\/api.w.org\/{rel}","templated":true}]}}