{"id":27330,"date":"2025-07-24T11:27:40","date_gmt":"2025-07-24T08:27:40","guid":{"rendered":"https:\/\/toolhouse.fi\/?post_type=product&#038;p=27330"},"modified":"2025-10-23T02:17:04","modified_gmt":"2025-10-22T23:17:04","slug":"asentajan-jakkara-135kg","status":"publish","type":"product","link":"https:\/\/toolhouse.fi\/fi\/tuote\/asentajan-jakkara-135kg\/","title":{"rendered":"Asentajan jakkara 135kg"},"content":{"rendered":"","protected":false},"excerpt":{"rendered":"<p data-start=\"0\" data-end=\"34\"><strong data-start=\"0\" data-end=\"34\">Invento &#8211; Asentajan jakkara<\/strong><\/p>\n<p data-start=\"36\" data-end=\"268\">Tukeva ja k\u00e4yt\u00e4nn\u00f6llinen asentajantuoli. Helppo korkeudens\u00e4\u00e4t\u00f6 kaasujousella, tukeva metallirunko ja kevyesti rullaavat nailonpy\u00f6r\u00e4t.<\/p>\n<ul>\n<li data-start=\"272\" data-end=\"291\">Kantavuus: 135 kg<\/li>\n<li data-start=\"294\" data-end=\"318\">Korkeuss\u00e4\u00e4t\u00f6: 40\u201354 cm<\/li>\n<li data-start=\"321\" data-end=\"375\">360\u00b0 py\u00f6riv\u00e4, pehmustettu istuin (halkaisija 300 mm)<\/li>\n<li data-start=\"378\" data-end=\"404\">5 k\u00e4\u00e4ntyv\u00e4\u00e4 nailonpy\u00f6r\u00e4\u00e4<\/li>\n<li data-start=\"407\" data-end=\"452\">Metallinen ty\u00f6kaluhylly (halkaisija 385 mm)<\/li>\n<li data-start=\"455\" data-end=\"474\">Valmistaja: Invento<\/li>\n<\/ul>\n","protected":false},"featured_media":27336,"template":"","meta":{"_acf_changed":false,"_seopress_robots_primary_cat":"none","_seopress_titles_title":"","_seopress_titles_desc":"","_seopress_robots_index":""},"product_cat":[455,339,350,40,290],"product_tag":[],"class_list":{"0":"post-27330","1":"product","2":"type-product","3":"status-publish","4":"has-post-thumbnail","6":"product_cat-ajoneuvonostimet","7":"product_cat-autotyokalut","8":"product_cat-muut","9":"product_cat-korjaamolaitteet","10":"product_cat-varaosat-ja-tarvikkeet","12":"first","13":"instock","14":"taxable","15":"shipping-taxable","16":"purchasable","17":"product-type-simple","swatches":"rey-swatches","show_selected":""},"acf":[],"_links":{"self":[{"href":"https:\/\/toolhouse.fi\/fi\/wp-json\/wp\/v2\/product\/27330","targetHints":{"allow":["GET"]}}],"collection":[{"href":"https:\/\/toolhouse.fi\/fi\/wp-json\/wp\/v2\/product"}],"about":[{"href":"https:\/\/toolhouse.fi\/fi\/wp-json\/wp\/v2\/types\/product"}],"version-history":[{"count":0,"href":"https:\/\/toolhouse.fi\/fi\/wp-json\/wp\/v2\/product\/27330\/revisions"}],"wp:featuredmedia":[{"embeddable":true,"href":"https:\/\/toolhouse.fi\/fi\/wp-json\/wp\/v2\/media\/27336"}],"wp:attachment":[{"href":"https:\/\/toolhouse.fi\/fi\/wp-json\/wp\/v2\/media?parent=27330"}],"wp:term":[{"taxonomy":"product_cat","embeddable":true,"href":"https:\/\/toolhouse.fi\/fi\/wp-json\/wp\/v2\/product_cat?post=27330"},{"taxonomy":"product_tag","embeddable":true,"href":"https:\/\/toolhouse.fi\/fi\/wp-json\/wp\/v2\/product_tag?post=27330"}],"curies":[{"name":"wp","href":"https:\/\/api.w.org\/{rel}","templated":true}]}}