{"id":27344,"date":"2025-07-24T11:50:04","date_gmt":"2025-07-24T08:50:04","guid":{"rendered":"https:\/\/toolhouse.fi\/?post_type=product&#038;p=27344"},"modified":"2025-11-19T13:51:29","modified_gmt":"2025-11-19T11:51:29","slug":"jarrumantatyokalusarja-12-osaa-kopia","status":"publish","type":"product","link":"https:\/\/toolhouse.fi\/fi\/tuote\/jarrumantatyokalusarja-12-osaa-kopia\/","title":{"rendered":"Jarrum\u00e4nt\u00e4ty\u00f6kalusarja 35 osaa"},"content":{"rendered":"","protected":false},"excerpt":{"rendered":"<p>Jarrum\u00e4nt\u00e4ty\u00f6kalusarja jarrum\u00e4nn\u00e4n sis\u00e4\u00e4n kiert\u00e4miseen.<\/p>\n<p>Sis\u00e4lt\u00e4\u00e4 oikea ja vasenk\u00e4tinen k\u00e4\u00e4nt\u00f6ty\u00f6kalu sek\u00e4 adaptereita eri jarrusatuloiden m\u00e4nnille.<\/p>\n<p>Sopii sis\u00e4\u00e4nkierrett\u00e4viin ja puristettaviin jarrum\u00e4ntiin.<\/p>\n<p>Sopii takajarrusatuloissa jotka on varustettu k\u00e4sijarrulla.<\/p>\n<p>Jarruty\u00f6kalusarjan avulla m\u00e4nt\u00e4 saadaan palautettua vahingoittamatta m\u00e4nt\u00e4\u00e4 tai siin\u00e4 olevaa kumitiivistett\u00e4.<\/p>\n<p>&nbsp;<\/p>\n<p data-start=\"0\" data-end=\"15\">Sarjan sis\u00e4lt\u00f6:<\/p>\n<ul>\n<li data-start=\"16\" data-end=\"29\">Adapteri #0<\/li>\n<li data-start=\"32\" data-end=\"45\">Adapteri #1<\/li>\n<li data-start=\"48\" data-end=\"61\">Adapteri #2<\/li>\n<li data-start=\"64\" data-end=\"77\">Adapteri #3<\/li>\n<li data-start=\"80\" data-end=\"93\">Adapteri #4<\/li>\n<li data-start=\"96\" data-end=\"109\">Adapteri #5<\/li>\n<li data-start=\"112\" data-end=\"125\">Adapteri #6<\/li>\n<li data-start=\"128\" data-end=\"141\">Adapteri #7<\/li>\n<li data-start=\"144\" data-end=\"157\">Adapteri #8<\/li>\n<li data-start=\"160\" data-end=\"173\">Adapteri #9<\/li>\n<li data-start=\"176\" data-end=\"190\">Adapteri #11<\/li>\n<li data-start=\"193\" data-end=\"207\">Adapteri #12<\/li>\n<li data-start=\"210\" data-end=\"223\">Adapteri #A<\/li>\n<li data-start=\"226\" data-end=\"239\">Adapteri #B<\/li>\n<li data-start=\"242\" data-end=\"255\">Adapteri #C<\/li>\n<li data-start=\"258\" data-end=\"271\">Adapteri #D<\/li>\n<li data-start=\"274\" data-end=\"287\">Adapteri #E<\/li>\n<li data-start=\"290\" data-end=\"303\">Adapteri #F<\/li>\n<li data-start=\"306\" data-end=\"319\">Adapteri #G<\/li>\n<li data-start=\"322\" data-end=\"335\">Adapteri #J<\/li>\n<li data-start=\"338\" data-end=\"351\">Adapteri #K<\/li>\n<li data-start=\"354\" data-end=\"368\">Adapteri #K1<\/li>\n<li data-start=\"371\" data-end=\"385\">Adapteri #K2<\/li>\n<li data-start=\"388\" data-end=\"401\">Adapteri #M<\/li>\n<li data-start=\"404\" data-end=\"417\">Adapteri #N<\/li>\n<li data-start=\"420\" data-end=\"433\">Adapteri #O<\/li>\n<li data-start=\"436\" data-end=\"449\">Adapteri #P<\/li>\n<li data-start=\"452\" data-end=\"465\">Adapteri #Z<\/li>\n<li data-start=\"468\" data-end=\"510\">Perusty\u00f6kalu oikealle, magneettik\u00e4rjell\u00e4<\/li>\n<li data-start=\"513\" data-end=\"557\">Perusty\u00f6kalu vasemmalle, magneettik\u00e4rjell\u00e4<\/li>\n<li data-start=\"560\" data-end=\"573\">Rasvas\u00e4ili\u00f6<\/li>\n<li data-start=\"576\" data-end=\"603\">Kuusiokoloavain 6 ja 8 mm<\/li>\n<li data-start=\"606\" data-end=\"626\">Tapit, 2 kpl<\/li>\n<\/ul>\n<p>&nbsp;<\/p>\n<p>Valmistaja: Invento<\/p>\n<p>&nbsp;<\/p>\n<article class=\"text-token-text-primary w-full\" dir=\"auto\" data-testid=\"conversation-turn-258\" data-scroll-anchor=\"true\">\n<div class=\"text-base my-auto mx-auto pb-10 [--thread-content-margin:--spacing(4)] @[37rem]:[--thread-content-margin:--spacing(6)] @[72rem]:[--thread-content-margin:--spacing(16)] px-(--thread-content-margin)\">\n<div class=\"[--thread-content-max-width:32rem] @[34rem]:[--thread-content-max-width:40rem] @[64rem]:[--thread-content-max-width:48rem] mx-auto max-w-(--thread-content-max-width) flex-1 group\/turn-messages focus-visible:outline-hidden relative flex w-full min-w-0 flex-col agent-turn\" tabindex=\"-1\">\n<div class=\"flex max-w-full flex-col grow\">\n<div class=\"min-h-8 text-message relative flex w-full flex-col items-end gap-2 text-start break-words whitespace-normal [.text-message+&amp;]:mt-5\" dir=\"auto\" data-message-author-role=\"assistant\" data-message-id=\"1ad9b612-e572-4ab1-9098-2589440eda03\" data-message-model-slug=\"gpt-4o\">\n<div class=\"flex w-full flex-col gap-1 empty:hidden first:pt-[3px]\">\n<div class=\"markdown prose dark:prose-invert w-full break-words light\">\n<p data-start=\"652\" data-end=\"964\" data-is-last-node=\"\" data-is-only-node=\"\"><strong data-start=\"652\" data-end=\"671\">Yhteensopivuus:<\/strong><br data-start=\"671\" data-end=\"674\" \/>Sopii mm. seuraaviin automerkkeihin: Alfa Romeo, Audi, BMW, Citro\u00ebn, Fiat, Ford (Aus, Eu, USA), General Motors (GM), Honda, Isuzu, Jaguar, Lancia, Mazda, Mercedes-Benz, MINI, Mitsubishi, Nissan, Opel, Peugeot, Proton, Renault, Rover, Saab, Seat, Subaru, Toyota, Volkswagen, Volvo.<\/p>\n<\/div>\n<\/div>\n<\/div>\n<\/div>\n<\/div>\n<\/div>\n<\/article>\n<p>&nbsp;<\/p>\n<p>&nbsp;<\/p>\n<p>&nbsp;<\/p>\n","protected":false},"featured_media":27347,"template":"","meta":{"_acf_changed":false,"_seopress_robots_primary_cat":"none","_seopress_titles_title":"","_seopress_titles_desc":"","_seopress_robots_index":""},"product_cat":[339,482,40],"product_tag":[],"class_list":{"0":"post-27344","1":"product","2":"type-product","3":"status-publish","4":"has-post-thumbnail","6":"product_cat-autotyokalut","7":"product_cat-jarrutyokalut","8":"product_cat-korjaamolaitteet","10":"first","11":"instock","12":"taxable","13":"shipping-taxable","14":"purchasable","15":"product-type-simple","swatches":"rey-swatches","show_selected":""},"acf":[],"_links":{"self":[{"href":"https:\/\/toolhouse.fi\/fi\/wp-json\/wp\/v2\/product\/27344","targetHints":{"allow":["GET"]}}],"collection":[{"href":"https:\/\/toolhouse.fi\/fi\/wp-json\/wp\/v2\/product"}],"about":[{"href":"https:\/\/toolhouse.fi\/fi\/wp-json\/wp\/v2\/types\/product"}],"version-history":[{"count":0,"href":"https:\/\/toolhouse.fi\/fi\/wp-json\/wp\/v2\/product\/27344\/revisions"}],"wp:featuredmedia":[{"embeddable":true,"href":"https:\/\/toolhouse.fi\/fi\/wp-json\/wp\/v2\/media\/27347"}],"wp:attachment":[{"href":"https:\/\/toolhouse.fi\/fi\/wp-json\/wp\/v2\/media?parent=27344"}],"wp:term":[{"taxonomy":"product_cat","embeddable":true,"href":"https:\/\/toolhouse.fi\/fi\/wp-json\/wp\/v2\/product_cat?post=27344"},{"taxonomy":"product_tag","embeddable":true,"href":"https:\/\/toolhouse.fi\/fi\/wp-json\/wp\/v2\/product_tag?post=27344"}],"curies":[{"name":"wp","href":"https:\/\/api.w.org\/{rel}","templated":true}]}}