{"id":27391,"date":"2025-07-24T15:31:56","date_gmt":"2025-07-24T12:31:56","guid":{"rendered":"https:\/\/toolhouse.fi\/?post_type=product&#038;p=27391"},"modified":"2026-03-21T13:28:35","modified_gmt":"2026-03-21T11:28:35","slug":"aluvanteisiin-liimattavat-painot-25g-3kg","status":"publish","type":"product","link":"https:\/\/toolhouse.fi\/fi\/tuote\/aluvanteisiin-liimattavat-painot-25g-3kg\/","title":{"rendered":"Aluvanteisiin liimattavat painot. 2,5G. 3kg"},"content":{"rendered":"","protected":false},"excerpt":{"rendered":"<p><strong data-start=\"0\" data-end=\"55\" data-is-only-node=\"\">Eritt\u00e4in ohuet 2,5g tasapainopainot \u2013 vain 2,4 mm paksut<\/strong><\/p>\n<ul>\n<li>Invento liimapainot \u2013 Huippulaatua ja eritt\u00e4in vahva kiinnitysteippi<\/li>\n<li>Materiaali: Sinkitty ter\u00e4s<\/li>\n<li>Paksuus: 2,4 mm<\/li>\n<li>Sopii alumiinivanteille<\/li>\n<\/ul>\n<p><strong>Pakkaus sis\u00e4lt\u00e4\u00e4:<\/strong><\/p>\n<ul>\n<li>100 nauhaa<\/li>\n<li>12\u00d72,5 g painoja per nauha (yhteens\u00e4 30 g per nauha)<\/li>\n<li>Yhteens\u00e4 1200 painoa<\/li>\n<li>Paino: 3 kg<\/li>\n<\/ul>\n","protected":false},"featured_media":27397,"template":"","meta":{"_acf_changed":false,"_seopress_robots_primary_cat":"none","_seopress_titles_title":"","_seopress_titles_desc":"","_seopress_robots_index":""},"product_cat":[295,39,478],"product_tag":[],"class_list":{"0":"post-27391","1":"product","2":"type-product","3":"status-publish","4":"has-post-thumbnail","6":"product_cat-liimapainot-aluvanteille","7":"product_cat-rengastyo","8":"product_cat-tasapainotuspainot","10":"first","11":"instock","12":"taxable","13":"shipping-taxable","14":"purchasable","15":"product-type-simple","swatches":"rey-swatches","show_selected":""},"acf":[],"_links":{"self":[{"href":"https:\/\/toolhouse.fi\/fi\/wp-json\/wp\/v2\/product\/27391","targetHints":{"allow":["GET"]}}],"collection":[{"href":"https:\/\/toolhouse.fi\/fi\/wp-json\/wp\/v2\/product"}],"about":[{"href":"https:\/\/toolhouse.fi\/fi\/wp-json\/wp\/v2\/types\/product"}],"version-history":[{"count":0,"href":"https:\/\/toolhouse.fi\/fi\/wp-json\/wp\/v2\/product\/27391\/revisions"}],"wp:featuredmedia":[{"embeddable":true,"href":"https:\/\/toolhouse.fi\/fi\/wp-json\/wp\/v2\/media\/27397"}],"wp:attachment":[{"href":"https:\/\/toolhouse.fi\/fi\/wp-json\/wp\/v2\/media?parent=27391"}],"wp:term":[{"taxonomy":"product_cat","embeddable":true,"href":"https:\/\/toolhouse.fi\/fi\/wp-json\/wp\/v2\/product_cat?post=27391"},{"taxonomy":"product_tag","embeddable":true,"href":"https:\/\/toolhouse.fi\/fi\/wp-json\/wp\/v2\/product_tag?post=27391"}],"curies":[{"name":"wp","href":"https:\/\/api.w.org\/{rel}","templated":true}]}}