{"id":27418,"date":"2025-07-25T10:25:03","date_gmt":"2025-07-25T07:25:03","guid":{"rendered":"https:\/\/toolhouse.fi\/?post_type=product&#038;p=27418"},"modified":"2025-08-13T13:18:27","modified_gmt":"2025-08-13T10:18:27","slug":"asennuspaa-mp-atv-28-mm","status":"publish","type":"product","link":"https:\/\/toolhouse.fi\/fi\/tuote\/asennuspaa-mp-atv-28-mm\/","title":{"rendered":"Asennusp\u00e4\u00e4 mp\/atv. 28 mm"},"content":{"rendered":"","protected":false},"excerpt":{"rendered":"<p>Asennusp\u00e4\u00e4 moottoripy\u00f6r\u00e4n, skoottereiden, mopojen ja atv renkaiden vaihtamiseen.<\/p>\n<ul>\n<li data-start=\"81\" data-end=\"137\">Asennusreik\u00e4: 28 mm<\/li>\n<li data-start=\"81\" data-end=\"137\">Pituus: 137 mm<\/li>\n<\/ul>\n<p class=\"\" data-start=\"139\" data-end=\"166\">Sopii seuraaviin malleihin:<\/p>\n<ul>\n<li data-start=\"170\" data-end=\"190\">Invento TCS 521 SA<\/li>\n<li data-start=\"193\" data-end=\"216\">Invento TCS 524 2V HA<\/li>\n<li data-start=\"219\" data-end=\"255\">Koneisiin joissa asennusp\u00e4\u00e4n rei\u00e4n halkaisija 28 mm.<\/li>\n<\/ul>\n<p>&nbsp;<\/p>\n","protected":false},"featured_media":27412,"template":"","meta":{"_acf_changed":false,"_seopress_robots_primary_cat":"none","_seopress_titles_title":"","_seopress_titles_desc":"","_seopress_robots_index":""},"product_cat":[475,188,39],"product_tag":[],"class_list":{"0":"post-27418","1":"product","2":"type-product","3":"status-publish","4":"has-post-thumbnail","6":"product_cat-lisavarusteet-ja-varaosat","7":"product_cat-rengaskoneet","8":"product_cat-rengastyo","10":"first","11":"instock","12":"taxable","13":"shipping-taxable","14":"purchasable","15":"product-type-simple","swatches":"rey-swatches","show_selected":""},"acf":[],"_links":{"self":[{"href":"https:\/\/toolhouse.fi\/fi\/wp-json\/wp\/v2\/product\/27418","targetHints":{"allow":["GET"]}}],"collection":[{"href":"https:\/\/toolhouse.fi\/fi\/wp-json\/wp\/v2\/product"}],"about":[{"href":"https:\/\/toolhouse.fi\/fi\/wp-json\/wp\/v2\/types\/product"}],"version-history":[{"count":0,"href":"https:\/\/toolhouse.fi\/fi\/wp-json\/wp\/v2\/product\/27418\/revisions"}],"wp:featuredmedia":[{"embeddable":true,"href":"https:\/\/toolhouse.fi\/fi\/wp-json\/wp\/v2\/media\/27412"}],"wp:attachment":[{"href":"https:\/\/toolhouse.fi\/fi\/wp-json\/wp\/v2\/media?parent=27418"}],"wp:term":[{"taxonomy":"product_cat","embeddable":true,"href":"https:\/\/toolhouse.fi\/fi\/wp-json\/wp\/v2\/product_cat?post=27418"},{"taxonomy":"product_tag","embeddable":true,"href":"https:\/\/toolhouse.fi\/fi\/wp-json\/wp\/v2\/product_tag?post=27418"}],"curies":[{"name":"wp","href":"https:\/\/api.w.org\/{rel}","templated":true}]}}