{"id":27429,"date":"2025-07-25T11:07:07","date_gmt":"2025-07-25T08:07:07","guid":{"rendered":"https:\/\/toolhouse.fi\/?post_type=product&#038;p=27429"},"modified":"2026-01-27T21:37:44","modified_gmt":"2026-01-27T19:37:44","slug":"rengasrasva-invento-universal-1kg","status":"publish","type":"product","link":"https:\/\/toolhouse.fi\/fi\/tuote\/rengasrasva-invento-universal-1kg\/","title":{"rendered":"Rengasrasva Invento Universal. 1kg"},"content":{"rendered":"","protected":false},"excerpt":{"rendered":"<h3><strong>Invento Universal Rengasrasva<\/strong><\/h3>\n<p>Invento Universal on korkealaatuinen rengasrasva, joka sopii kaikentyyppisille renkaille. Tuote muuttuu t\u00e4ysin v\u00e4ritt\u00f6m\u00e4ksi kuivuessaan eik\u00e4 j\u00e4t\u00e4 j\u00e4lki\u00e4 renkaisiin tai vanteisiin.<\/p>\n<ul>\n<li>Keskikova koostumus \u2013 erinomainen tarttuvuus kumille ja metallille<\/li>\n<li>Sopii kaikille rengastyypeille<\/li>\n<li>V\u00e4rit\u00f6n kuivuttuaan \u2013 ei j\u00e4t\u00e4 j\u00e4lki\u00e4 renkaisiin tai vanteisiin<\/li>\n<li>Pakkaus: 1 kg<\/li>\n<li>S\u00e4ilytysl\u00e4mp\u00f6tila: 0 \u00b0C \u2013 +22 \u00b0C<\/li>\n<\/ul>\n","protected":false},"featured_media":27427,"template":"","meta":{"_acf_changed":false,"_seopress_robots_primary_cat":"none","_seopress_titles_title":"","_seopress_titles_desc":"","_seopress_robots_index":""},"product_cat":[475,163,39],"product_tag":[],"class_list":{"0":"post-27429","1":"product","2":"type-product","3":"status-publish","4":"has-post-thumbnail","6":"product_cat-lisavarusteet-ja-varaosat","7":"product_cat-rengaskoneiden-tarvikkeet","8":"product_cat-rengastyo","10":"first","11":"instock","12":"taxable","13":"shipping-taxable","14":"purchasable","15":"product-type-simple","swatches":"rey-swatches","show_selected":""},"acf":[],"_links":{"self":[{"href":"https:\/\/toolhouse.fi\/fi\/wp-json\/wp\/v2\/product\/27429","targetHints":{"allow":["GET"]}}],"collection":[{"href":"https:\/\/toolhouse.fi\/fi\/wp-json\/wp\/v2\/product"}],"about":[{"href":"https:\/\/toolhouse.fi\/fi\/wp-json\/wp\/v2\/types\/product"}],"version-history":[{"count":0,"href":"https:\/\/toolhouse.fi\/fi\/wp-json\/wp\/v2\/product\/27429\/revisions"}],"wp:featuredmedia":[{"embeddable":true,"href":"https:\/\/toolhouse.fi\/fi\/wp-json\/wp\/v2\/media\/27427"}],"wp:attachment":[{"href":"https:\/\/toolhouse.fi\/fi\/wp-json\/wp\/v2\/media?parent=27429"}],"wp:term":[{"taxonomy":"product_cat","embeddable":true,"href":"https:\/\/toolhouse.fi\/fi\/wp-json\/wp\/v2\/product_cat?post=27429"},{"taxonomy":"product_tag","embeddable":true,"href":"https:\/\/toolhouse.fi\/fi\/wp-json\/wp\/v2\/product_tag?post=27429"}],"curies":[{"name":"wp","href":"https:\/\/api.w.org\/{rel}","templated":true}]}}