{"id":27445,"date":"2025-07-25T11:20:46","date_gmt":"2025-07-25T08:20:46","guid":{"rendered":"https:\/\/toolhouse.fi\/?post_type=product&#038;p=27445"},"modified":"2025-07-25T11:28:39","modified_gmt":"2025-07-25T08:28:39","slug":"mp-atv-rengas-adapterit-invento-tcs-524","status":"publish","type":"product","link":"https:\/\/toolhouse.fi\/fi\/tuote\/mp-atv-rengas-adapterit-invento-tcs-524\/","title":{"rendered":"Mp\/atv rengas adapterit Invento TCS 524"},"content":{"rendered":"","protected":false},"excerpt":{"rendered":"<p class=\"product-title\">Mp\/atv rengas adapterit rengaskoneeseen.<\/p>\n<ul>\n<li class=\"item_kuvaus\">4kpl sarja.<\/li>\n<li>\n<article class=\"text-token-text-primary w-full\" dir=\"auto\" data-testid=\"conversation-turn-272\" data-scroll-anchor=\"true\">\n<div class=\"text-base my-auto mx-auto pb-10 [--thread-content-margin:--spacing(4)] @[37rem]:[--thread-content-margin:--spacing(6)] @[72rem]:[--thread-content-margin:--spacing(16)] px-(--thread-content-margin)\">\n<div class=\"[--thread-content-max-width:32rem] @[34rem]:[--thread-content-max-width:40rem] @[64rem]:[--thread-content-max-width:48rem] mx-auto max-w-(--thread-content-max-width) flex-1 group\/turn-messages focus-visible:outline-hidden relative flex w-full min-w-0 flex-col agent-turn\" tabindex=\"-1\">\n<div class=\"flex max-w-full flex-col grow\">\n<div class=\"min-h-8 text-message relative flex w-full flex-col items-end gap-2 text-start break-words whitespace-normal [.text-message+&amp;]:mt-5\" dir=\"auto\" data-message-author-role=\"assistant\" data-message-id=\"de7587ad-5436-4207-8f97-dc3e57c08ca3\" data-message-model-slug=\"gpt-4o\">\n<div class=\"flex w-full flex-col gap-1 empty:hidden first:pt-[3px]\">\n<div class=\"markdown prose dark:prose-invert w-full break-words light\">\n<p data-start=\"0\" data-end=\"34\" data-is-last-node=\"\" data-is-only-node=\"\">Siirrett\u00e4v\u00e4t ja k\u00e4\u00e4nnett\u00e4v\u00e4t leuat<\/p>\n<\/div>\n<\/div>\n<\/div>\n<\/div>\n<div class=\"mx-[var(--mini-thread-content-inset)]\">\n<div class=\"flex min-h-[46px] justify-start\"><\/div>\n<\/div>\n<\/div>\n<\/div>\n<\/article>\n<\/li>\n<\/ul>\n<p>Lis\u00e4\u00e4 noin 3-5\u2033\u00a0 koneen vanteen kokoa ja v\u00e4hent\u00e4\u00e4 noin 3-5\u2033 rengaskoneen mallista riippuen.<\/p>\n<p class=\"item_kuvaus\"><strong>Sopii<\/strong>:<\/p>\n<ul>\n<li>Invento TCS 524<\/li>\n<\/ul>\n","protected":false},"featured_media":27439,"template":"","meta":{"_acf_changed":false,"_seopress_robots_primary_cat":"none","_seopress_titles_title":"","_seopress_titles_desc":"","_seopress_robots_index":""},"product_cat":[475,39],"product_tag":[],"class_list":{"0":"post-27445","1":"product","2":"type-product","3":"status-publish","4":"has-post-thumbnail","6":"product_cat-lisavarusteet-ja-varaosat","7":"product_cat-rengastyo","9":"first","10":"instock","11":"taxable","12":"shipping-taxable","13":"purchasable","14":"product-type-simple","swatches":"rey-swatches","show_selected":""},"acf":[],"_links":{"self":[{"href":"https:\/\/toolhouse.fi\/fi\/wp-json\/wp\/v2\/product\/27445","targetHints":{"allow":["GET"]}}],"collection":[{"href":"https:\/\/toolhouse.fi\/fi\/wp-json\/wp\/v2\/product"}],"about":[{"href":"https:\/\/toolhouse.fi\/fi\/wp-json\/wp\/v2\/types\/product"}],"version-history":[{"count":0,"href":"https:\/\/toolhouse.fi\/fi\/wp-json\/wp\/v2\/product\/27445\/revisions"}],"wp:featuredmedia":[{"embeddable":true,"href":"https:\/\/toolhouse.fi\/fi\/wp-json\/wp\/v2\/media\/27439"}],"wp:attachment":[{"href":"https:\/\/toolhouse.fi\/fi\/wp-json\/wp\/v2\/media?parent=27445"}],"wp:term":[{"taxonomy":"product_cat","embeddable":true,"href":"https:\/\/toolhouse.fi\/fi\/wp-json\/wp\/v2\/product_cat?post=27445"},{"taxonomy":"product_tag","embeddable":true,"href":"https:\/\/toolhouse.fi\/fi\/wp-json\/wp\/v2\/product_tag?post=27445"}],"curies":[{"name":"wp","href":"https:\/\/api.w.org\/{rel}","templated":true}]}}