{"id":27593,"date":"2025-08-05T14:13:23","date_gmt":"2025-08-05T11:13:23","guid":{"rendered":"https:\/\/toolhouse.fi\/?post_type=product&#038;p=27593"},"modified":"2026-03-30T16:12:17","modified_gmt":"2026-03-30T13:12:17","slug":"sahkotalja-150-300kg-230v","status":"publish","type":"product","link":"https:\/\/toolhouse.fi\/fi\/tuote\/sahkotalja-150-300kg-230v\/","title":{"rendered":"S\u00e4hk\u00f6talja 150\/300kg 230V"},"content":{"rendered":"","protected":false},"excerpt":{"rendered":"<p data-start=\"40\" data-end=\"127\"><strong data-start=\"40\" data-end=\"127\">Tehokas ja luotettava s\u00e4hk\u00f6inen vaijerivinssi \u2013 600W \/ 230V, nostokyky 150 \/ 300 kg<\/strong><\/p>\n<p data-start=\"129\" data-end=\"145\"><strong data-start=\"129\" data-end=\"145\">Tuotetiedot:<\/strong><\/p>\n<ul>\n<li data-start=\"149\" data-end=\"163\">Teho: 600 W<\/li>\n<li data-start=\"166\" data-end=\"182\">J\u00e4nnite: 230 V<\/li>\n<li data-start=\"185\" data-end=\"223\">Vaijerin pituus: 12 metri\u00e4<\/li>\n<li class=\"slugWirediameterMm\">Vaijerin halkaisija: 4 mm<\/li>\n<li data-start=\"226\" data-end=\"265\">Mitat: 350 x 135 x 155 mm (P x L x K)<\/li>\n<li data-start=\"268\" data-end=\"282\">Paino: 11 kg<\/li>\n<li data-start=\"285\" data-end=\"322\">Kiinnitysreikien v\u00e4li: 90 x 190 mm<\/li>\n<li data-start=\"325\" data-end=\"361\">Nostokyky yhdell\u00e4 koukulla: 150 kg<\/li>\n<li data-start=\"364\" data-end=\"401\">Nostokyky v\u00e4kipy\u00f6r\u00e4n kanssa: 300 kg<\/li>\n<li data-start=\"404\" data-end=\"444\">Nostonopeus yhdell\u00e4 koukulla: 10 m\/min<\/li>\n<li data-start=\"447\" data-end=\"487\">Nostonopeus v\u00e4kipy\u00f6r\u00e4n kanssa: 5 m\/min<\/li>\n<li data-start=\"490\" data-end=\"527\">Nostokorkeus yhdell\u00e4 koukulla: 12 m<\/li>\n<li data-start=\"530\" data-end=\"567\">Nostokorkeus v\u00e4kipy\u00f6r\u00e4n kanssa: 6 m<\/li>\n<li data-start=\"570\" data-end=\"597\">Automaattinen turvakytkin<\/li>\n<li data-start=\"600\" data-end=\"650\">Kuparik\u00e4\u00e4mitty moottori<\/li>\n<li data-start=\"653\" data-end=\"737\">Vahva alumiininen moottorikotelo<\/li>\n<li data-start=\"740\" data-end=\"783\">Ergonominen kaukos\u00e4\u00e4din h\u00e4t\u00e4pys\u00e4ytyksell\u00e4<\/li>\n<li data-start=\"740\" data-end=\"783\">Automaattinen jarru<\/li>\n<li data-start=\"786\" data-end=\"801\">CE-hyv\u00e4ksytty<\/li>\n<li data-start=\"804\" data-end=\"820\">Valmistaja: Geko<\/li>\n<\/ul>\n<p data-start=\"822\" data-end=\"843\"><strong data-start=\"822\" data-end=\"843\">Pakkaus sis\u00e4lt\u00e4\u00e4:<\/strong><\/p>\n<ul>\n<li data-start=\"847\" data-end=\"872\">S\u00e4hk\u00f6inen vaijerivinssi<\/li>\n<li data-start=\"875\" data-end=\"898\">2 kiinnityskannaketta<\/li>\n<li data-start=\"901\" data-end=\"941\">4 kiinnityspulttia (M8) aluslevyineen<\/li>\n<li data-start=\"944\" data-end=\"963\">Lis\u00e4koukku<\/li>\n<\/ul>\n","protected":false},"featured_media":27607,"template":"","meta":{"_acf_changed":false,"_seopress_robots_primary_cat":"none","_seopress_titles_title":"","_seopress_titles_desc":"","_seopress_robots_index":""},"product_cat":[40,749],"product_tag":[],"class_list":{"0":"post-27593","1":"product","2":"type-product","3":"status-publish","4":"has-post-thumbnail","6":"product_cat-korjaamolaitteet","7":"product_cat-vinssit-ja-taljat","9":"first","10":"instock","11":"taxable","12":"shipping-taxable","13":"purchasable","14":"product-type-simple","swatches":"rey-swatches","show_selected":""},"acf":[],"_links":{"self":[{"href":"https:\/\/toolhouse.fi\/fi\/wp-json\/wp\/v2\/product\/27593","targetHints":{"allow":["GET"]}}],"collection":[{"href":"https:\/\/toolhouse.fi\/fi\/wp-json\/wp\/v2\/product"}],"about":[{"href":"https:\/\/toolhouse.fi\/fi\/wp-json\/wp\/v2\/types\/product"}],"version-history":[{"count":1,"href":"https:\/\/toolhouse.fi\/fi\/wp-json\/wp\/v2\/product\/27593\/revisions"}],"predecessor-version":[{"id":27595,"href":"https:\/\/toolhouse.fi\/fi\/wp-json\/wp\/v2\/product\/27593\/revisions\/27595"}],"wp:featuredmedia":[{"embeddable":true,"href":"https:\/\/toolhouse.fi\/fi\/wp-json\/wp\/v2\/media\/27607"}],"wp:attachment":[{"href":"https:\/\/toolhouse.fi\/fi\/wp-json\/wp\/v2\/media?parent=27593"}],"wp:term":[{"taxonomy":"product_cat","embeddable":true,"href":"https:\/\/toolhouse.fi\/fi\/wp-json\/wp\/v2\/product_cat?post=27593"},{"taxonomy":"product_tag","embeddable":true,"href":"https:\/\/toolhouse.fi\/fi\/wp-json\/wp\/v2\/product_tag?post=27593"}],"curies":[{"name":"wp","href":"https:\/\/api.w.org\/{rel}","templated":true}]}}