{"id":27629,"date":"2025-08-05T15:50:44","date_gmt":"2025-08-05T12:50:44","guid":{"rendered":"https:\/\/toolhouse.fi\/?post_type=product&#038;p=27629"},"modified":"2025-10-14T12:47:30","modified_gmt":"2025-10-14T09:47:30","slug":"korinoikaisusarjan-pumppu-10t","status":"publish","type":"product","link":"https:\/\/toolhouse.fi\/fi\/tuote\/korinoikaisusarjan-pumppu-10t\/","title":{"rendered":"Korinoikaisusarjan pumppu 10T"},"content":{"rendered":"","protected":false},"excerpt":{"rendered":"<p class=\"\" data-start=\"0\" data-end=\"89\">10T k\u00e4sik\u00e4ytt\u00f6inen hydraulipumppu oikaisusarjoille ja muihin hydraulisiin sovelluksiin.<\/p>\n<p class=\"\" data-start=\"91\" data-end=\"110\"><strong data-start=\"91\" data-end=\"108\">Ominaisuudet:<\/strong><\/p>\n<ul>\n<li data-start=\"113\" data-end=\"138\">Maksimipaine: 10 tonnia<\/li>\n<li data-start=\"141\" data-end=\"165\">Letkun pituus: 1400 mm<\/li>\n<li data-start=\"168\" data-end=\"184\">Valmistaja: Geko<\/li>\n<\/ul>\n","protected":false},"featured_media":27633,"template":"","meta":{"_acf_changed":false,"_seopress_robots_primary_cat":"none","_seopress_titles_title":"","_seopress_titles_desc":"","_seopress_robots_index":""},"product_cat":[138,461,462],"product_tag":[],"class_list":{"0":"post-27629","1":"product","2":"type-product","3":"status-publish","4":"has-post-thumbnail","6":"product_cat-hydrauliprassit","7":"product_cat-korinoikaisusarjat","8":"product_cat-varaosat-ja-tarvikkeet-hydrauliprassit","10":"first","11":"instock","12":"taxable","13":"shipping-taxable","14":"purchasable","15":"product-type-simple","swatches":"rey-swatches","show_selected":""},"acf":[],"_links":{"self":[{"href":"https:\/\/toolhouse.fi\/fi\/wp-json\/wp\/v2\/product\/27629","targetHints":{"allow":["GET"]}}],"collection":[{"href":"https:\/\/toolhouse.fi\/fi\/wp-json\/wp\/v2\/product"}],"about":[{"href":"https:\/\/toolhouse.fi\/fi\/wp-json\/wp\/v2\/types\/product"}],"version-history":[{"count":2,"href":"https:\/\/toolhouse.fi\/fi\/wp-json\/wp\/v2\/product\/27629\/revisions"}],"predecessor-version":[{"id":27634,"href":"https:\/\/toolhouse.fi\/fi\/wp-json\/wp\/v2\/product\/27629\/revisions\/27634"}],"wp:featuredmedia":[{"embeddable":true,"href":"https:\/\/toolhouse.fi\/fi\/wp-json\/wp\/v2\/media\/27633"}],"wp:attachment":[{"href":"https:\/\/toolhouse.fi\/fi\/wp-json\/wp\/v2\/media?parent=27629"}],"wp:term":[{"taxonomy":"product_cat","embeddable":true,"href":"https:\/\/toolhouse.fi\/fi\/wp-json\/wp\/v2\/product_cat?post=27629"},{"taxonomy":"product_tag","embeddable":true,"href":"https:\/\/toolhouse.fi\/fi\/wp-json\/wp\/v2\/product_tag?post=27629"}],"curies":[{"name":"wp","href":"https:\/\/api.w.org\/{rel}","templated":true}]}}