{"id":27640,"date":"2025-08-05T16:24:31","date_gmt":"2025-08-05T13:24:31","guid":{"rendered":"https:\/\/toolhouse.fi\/?post_type=product&#038;p=27640"},"modified":"2026-05-13T08:11:03","modified_gmt":"2026-05-13T05:11:03","slug":"hydraulinen-lavistinsarja-22-60-mm","status":"publish","type":"product","link":"https:\/\/toolhouse.fi\/fi\/tuote\/hydraulinen-lavistinsarja-22-60-mm\/","title":{"rendered":"Hydraulinen l\u00e4vistinsarja 22-60 mm"},"content":{"rendered":"","protected":false},"excerpt":{"rendered":"<p data-start=\"72\" data-end=\"151\"><strong data-start=\"72\" data-end=\"151\">Hydraulinen l\u00e4vistysty\u00f6kalu 22\u201360 mm\u00a0<\/strong><\/p>\n<p data-start=\"153\" data-end=\"372\">Ammattik\u00e4ytt\u00f6\u00f6n suunniteltu sarja py\u00f6reiden reikien tarkkaan l\u00e4vist\u00e4miseen metallilevyihin. Soveltuu levyille, joiden paksuus on enint\u00e4\u00e4n noin 4 mm (materiaalista riippuen) ja reikien halkaisija 22 mm \u2013 60 mm.<\/p>\n<p data-start=\"592\" data-end=\"609\"><strong data-start=\"592\" data-end=\"609\">Ominaisuudet:<\/strong><\/p>\n<ul>\n<li data-start=\"613\" data-end=\"796\">Hydraulinen l\u00e4vistysmekanismi: L\u00e4vistysp\u00e4\u00e4 on yhdistetty letkulla k\u00e4sik\u00e4ytt\u00f6iseen hydraulipumppuun. J\u00e4rjestelm\u00e4 tuottaa10 tonnin puristusvoiman tehokkaaseen ty\u00f6skentelyyn.<\/li>\n<li data-start=\"799\" data-end=\"906\">Laaja yhteensopivuus: Sopii ter\u00e4slevyille, ruostumattomalle ter\u00e4kselle ja muille ei-rautametalleille.<\/li>\n<li data-start=\"909\" data-end=\"1000\">Siisti ja tarkka tulos: Takaa puhtaat ja tasaiset l\u00e4vistykset ilman pinnan vaurioita.<\/li>\n<\/ul>\n<hr data-start=\"1146\" data-end=\"1149\" \/>\n<p data-start=\"1151\" data-end=\"1171\"><strong data-start=\"1151\" data-end=\"1171\">Tekniset tiedot:<\/strong><\/p>\n<ul>\n<li data-start=\"1175\" data-end=\"1197\">Valmistaja: Geko<\/li>\n<li data-start=\"1200\" data-end=\"1269\">Reikien halkaisijat: 22 mm, 27,5 mm, 34 mm, 43 mm, 49 mm, 60 mm<\/li>\n<li data-start=\"1272\" data-end=\"1347\">Yhteensopivat materiaalit: Ter\u00e4s, ruostumaton ter\u00e4s, ei-rautametallit<\/li>\n<li data-start=\"1350\" data-end=\"1424\">Maksimilevyn paksuus: n. 4 mm (ter\u00e4s), n. 1,8 mm (ruostumaton ter\u00e4s)<\/li>\n<li data-start=\"1427\" data-end=\"1457\">Puristusvoima: 10 tonnia<\/li>\n<li data-start=\"1460\" data-end=\"1518\">Toimintaperiaate: Hydraulinen, k\u00e4sik\u00e4ytt\u00f6inen pumppu<\/li>\n<li data-start=\"1460\" data-end=\"1518\">Paino: 11 kg<\/li>\n<\/ul>\n<hr data-start=\"1520\" data-end=\"1523\" \/>\n<p data-start=\"1525\" data-end=\"1546\"><strong data-start=\"1525\" data-end=\"1546\">Pakkaus sis\u00e4lt\u00e4\u00e4:<\/strong><\/p>\n<ul>\n<li data-start=\"1550\" data-end=\"1616\">6 paria l\u00e4vistysty\u00f6kaluja: 22 mm, 27,5 mm, 34 mm, 43 mm, 49 mm, 60 mm<\/li>\n<li data-start=\"1619\" data-end=\"1668\">2 kiinnityspulttia: 7\/16&#8243; x 3\/4&#8243; ja 3\/4&#8243; x 3\/4&#8243;<\/li>\n<li data-start=\"1671\" data-end=\"1714\">K\u00e4sik\u00e4ytt\u00f6inen hydraulipumppu letkulla<\/li>\n<li data-start=\"1671\" data-end=\"1714\">L\u00e4vistyssylinteri<\/li>\n<li data-start=\"1735\" data-end=\"1789\">Kest\u00e4v\u00e4 metallilaatikko s\u00e4ilytykseen ja kuljetukseen<\/li>\n<\/ul>\n","protected":false},"featured_media":27666,"template":"","meta":{"_acf_changed":false,"_seopress_robots_primary_cat":"none","_seopress_titles_title":"","_seopress_titles_desc":"","_seopress_robots_index":""},"product_cat":[262,461,483,472,473],"product_tag":[],"class_list":{"0":"post-27640","1":"product","2":"type-product","3":"status-publish","4":"has-post-thumbnail","6":"product_cat-hitsaus-metallityo","7":"product_cat-korinoikaisusarjat","8":"product_cat-korityokalut","9":"product_cat-metallityo","10":"product_cat-metallityon-tarvikkeet","12":"first","13":"outofstock","14":"taxable","15":"shipping-taxable","16":"purchasable","17":"product-type-simple","swatches":"rey-swatches","show_selected":""},"acf":[],"_links":{"self":[{"href":"https:\/\/toolhouse.fi\/fi\/wp-json\/wp\/v2\/product\/27640","targetHints":{"allow":["GET"]}}],"collection":[{"href":"https:\/\/toolhouse.fi\/fi\/wp-json\/wp\/v2\/product"}],"about":[{"href":"https:\/\/toolhouse.fi\/fi\/wp-json\/wp\/v2\/types\/product"}],"version-history":[{"count":0,"href":"https:\/\/toolhouse.fi\/fi\/wp-json\/wp\/v2\/product\/27640\/revisions"}],"wp:featuredmedia":[{"embeddable":true,"href":"https:\/\/toolhouse.fi\/fi\/wp-json\/wp\/v2\/media\/27666"}],"wp:attachment":[{"href":"https:\/\/toolhouse.fi\/fi\/wp-json\/wp\/v2\/media?parent=27640"}],"wp:term":[{"taxonomy":"product_cat","embeddable":true,"href":"https:\/\/toolhouse.fi\/fi\/wp-json\/wp\/v2\/product_cat?post=27640"},{"taxonomy":"product_tag","embeddable":true,"href":"https:\/\/toolhouse.fi\/fi\/wp-json\/wp\/v2\/product_tag?post=27640"}],"curies":[{"name":"wp","href":"https:\/\/api.w.org\/{rel}","templated":true}]}}