{"id":27726,"date":"2025-08-07T15:39:51","date_gmt":"2025-08-07T12:39:51","guid":{"rendered":"https:\/\/toolhouse.fi\/?post_type=product&#038;p=27726"},"modified":"2026-03-16T22:10:30","modified_gmt":"2026-03-16T20:10:30","slug":"puristuspihtisarja-ja-5-leukaparia","status":"publish","type":"product","link":"https:\/\/toolhouse.fi\/fi\/tuote\/puristuspihtisarja-ja-5-leukaparia\/","title":{"rendered":"Puristuspihtisarja ja 5 leukaparia"},"content":{"rendered":"","protected":false},"excerpt":{"rendered":"<p data-start=\"38\" data-end=\"234\">Ammattik\u00e4ytt\u00f6\u00f6n suunniteltu puristusty\u00f6kalu viidell\u00e4 vaihdettavalla leukaparilla. Soveltuu mm. eristettyjen ja erist\u00e4m\u00e4tt\u00f6mien liittimille, p\u00e4\u00e4teholkkeihin sek\u00e4 puristusliittimille.<\/p>\n<p data-start=\"236\" data-end=\"366\">Viidell\u00e4 vaihdettavalla leukaparilla hoituu suurin osa kaapelikenkien ja liittimien puristuksista yhdell\u00e4 ja samalla ty\u00f6kalulla.<\/p>\n<p data-start=\"368\" data-end=\"438\">Leukaparit vaihtuvat helposti sekunneissa \u2013 ilman erillisi\u00e4 ty\u00f6kaluja.<\/p>\n<ul>\n<li data-start=\"350\" data-end=\"366\">Pituus: 220 mm<\/li>\n<li data-start=\"369\" data-end=\"412\">5 vaihdettavaa leukaparia (A, B, C, D, F)<\/li>\n<li data-start=\"415\" data-end=\"454\">Nopea leukojen vaihto ilman ty\u00f6kaluja<\/li>\n<li data-start=\"457\" data-end=\"492\">Ergonomiset, liukumattomat kahvat<\/li>\n<li data-start=\"676\" data-end=\"731\">R\u00e4ikk\u00e4mekanismi, jossa s\u00e4\u00e4dett\u00e4v\u00e4 puristusvoima<\/li>\n<li data-start=\"495\" data-end=\"521\">S\u00e4\u00e4dett\u00e4v\u00e4 puristusvoima<\/li>\n<li data-start=\"524\" data-end=\"549\">Mukana s\u00e4ilytyslaatikko<\/li>\n<li data-start=\"552\" data-end=\"568\">Valmistaja: Geko<\/li>\n<\/ul>\n","protected":false},"featured_media":27741,"template":"","meta":{"_acf_changed":false,"_seopress_robots_primary_cat":"none","_seopress_titles_title":"","_seopress_titles_desc":"","_seopress_robots_index":""},"product_cat":[339,488,350,337,40],"product_tag":[],"class_list":{"0":"post-27726","1":"product","2":"type-product","3":"status-publish","4":"has-post-thumbnail","6":"product_cat-autotyokalut","7":"product_cat-kasityokalut","8":"product_cat-muut","9":"product_cat-tyokalut","10":"product_cat-korjaamolaitteet","12":"first","13":"instock","14":"taxable","15":"shipping-taxable","16":"purchasable","17":"product-type-simple","swatches":"rey-swatches","show_selected":""},"acf":[],"_links":{"self":[{"href":"https:\/\/toolhouse.fi\/fi\/wp-json\/wp\/v2\/product\/27726","targetHints":{"allow":["GET"]}}],"collection":[{"href":"https:\/\/toolhouse.fi\/fi\/wp-json\/wp\/v2\/product"}],"about":[{"href":"https:\/\/toolhouse.fi\/fi\/wp-json\/wp\/v2\/types\/product"}],"version-history":[{"count":0,"href":"https:\/\/toolhouse.fi\/fi\/wp-json\/wp\/v2\/product\/27726\/revisions"}],"wp:featuredmedia":[{"embeddable":true,"href":"https:\/\/toolhouse.fi\/fi\/wp-json\/wp\/v2\/media\/27741"}],"wp:attachment":[{"href":"https:\/\/toolhouse.fi\/fi\/wp-json\/wp\/v2\/media?parent=27726"}],"wp:term":[{"taxonomy":"product_cat","embeddable":true,"href":"https:\/\/toolhouse.fi\/fi\/wp-json\/wp\/v2\/product_cat?post=27726"},{"taxonomy":"product_tag","embeddable":true,"href":"https:\/\/toolhouse.fi\/fi\/wp-json\/wp\/v2\/product_tag?post=27726"}],"curies":[{"name":"wp","href":"https:\/\/api.w.org\/{rel}","templated":true}]}}