{"id":27753,"date":"2025-08-07T17:26:53","date_gmt":"2025-08-07T14:26:53","guid":{"rendered":"https:\/\/toolhouse.fi\/?post_type=product&#038;p=27753"},"modified":"2026-05-12T11:54:11","modified_gmt":"2026-05-12T08:54:11","slug":"muovihitsauslaite-1080w","status":"publish","type":"product","link":"https:\/\/toolhouse.fi\/fi\/tuote\/muovihitsauslaite-1080w\/","title":{"rendered":"Muovihitsauslaite 1080w"},"content":{"rendered":"","protected":false},"excerpt":{"rendered":"<p data-start=\"47\" data-end=\"108\"><strong data-start=\"47\" data-end=\"108\">1080W muovihitsauslaite muovi- ja synteettimateriaaleille<\/strong><\/p>\n<p data-start=\"69\" data-end=\"418\">Tehokas kuumailmahitsauslaite muovi- ja korjaust\u00f6ihin. GEKO:n 1080 W hitsauslaite soveltuu erinomaisesti erilaisten muovi- ja synteettimateriaalien, kuten auton puskurien, haljenneiden moottoripy\u00f6r\u00e4n katteiden ja kodinkoneiden osien hitsaukseen. Soveltuu my\u00f6s liiman, kalvojen, maalin ja lakan poistamiseen sek\u00e4 muoviputkien ja -profiilien liitt\u00e4miseen.<\/p>\n<p data-start=\"420\" data-end=\"437\"><strong data-start=\"420\" data-end=\"437\">Ominaisuudet:<\/strong><\/p>\n<ul>\n<li data-start=\"441\" data-end=\"454\">Teho: 1080W<\/li>\n<li data-start=\"457\" data-end=\"500\">9-portainen l\u00e4mp\u00f6tilans\u00e4\u00e4t\u00f6: 20\u00b0C \u2013 550\u00b0C<\/li>\n<li data-start=\"503\" data-end=\"571\">T\u00e4ydellinen auton muoviosille, katteille, putkille ja profiileille<\/li>\n<li data-start=\"574\" data-end=\"613\">Suuri ilmavirtaus ja tehokas l\u00e4mmitys<\/li>\n<li data-start=\"616\" data-end=\"643\">Mukana 2 erilaista suutinta<\/li>\n<\/ul>\n<p data-start=\"645\" data-end=\"665\"><strong data-start=\"645\" data-end=\"665\">Tekniset tiedot:<\/strong><\/p>\n<ul>\n<li data-start=\"669\" data-end=\"700\">K\u00e4ytt\u00f6j\u00e4nnite: 230V ~ 50\/60Hz<\/li>\n<li data-start=\"703\" data-end=\"716\">Teho: 1080W<\/li>\n<li data-start=\"719\" data-end=\"749\">L\u00e4mp\u00f6tila-alue: 20\u00b0C &#8211; 550\u00b0C<\/li>\n<li data-start=\"752\" data-end=\"774\">Ilmavirtaus: 10 m\u00b3\/h<\/li>\n<li data-start=\"777\" data-end=\"794\">\u00c4\u00e4nitaso: 65 dB<\/li>\n<li data-start=\"797\" data-end=\"818\">Mitat: 130 \u00d7 350 mm<\/li>\n<li data-start=\"821\" data-end=\"847\">Kahvan halkaisija: 65 mm<\/li>\n<li data-start=\"850\" data-end=\"871\">Johdon pituus: 1,75 m<\/li>\n<\/ul>\n","protected":false},"featured_media":27786,"template":"","meta":{"_acf_changed":false,"_seopress_robots_primary_cat":"none","_seopress_titles_title":"","_seopress_titles_desc":"","_seopress_robots_index":""},"product_cat":[339,467,483,40],"product_tag":[],"class_list":{"0":"post-27753","1":"product","2":"type-product","3":"status-publish","4":"has-post-thumbnail","6":"product_cat-autotyokalut","7":"product_cat-hitsaustarvikkeet","8":"product_cat-korityokalut","9":"product_cat-korjaamolaitteet","11":"first","12":"instock","13":"taxable","14":"shipping-taxable","15":"purchasable","16":"product-type-simple","swatches":"rey-swatches","show_selected":""},"acf":[],"_links":{"self":[{"href":"https:\/\/toolhouse.fi\/fi\/wp-json\/wp\/v2\/product\/27753","targetHints":{"allow":["GET"]}}],"collection":[{"href":"https:\/\/toolhouse.fi\/fi\/wp-json\/wp\/v2\/product"}],"about":[{"href":"https:\/\/toolhouse.fi\/fi\/wp-json\/wp\/v2\/types\/product"}],"version-history":[{"count":0,"href":"https:\/\/toolhouse.fi\/fi\/wp-json\/wp\/v2\/product\/27753\/revisions"}],"wp:featuredmedia":[{"embeddable":true,"href":"https:\/\/toolhouse.fi\/fi\/wp-json\/wp\/v2\/media\/27786"}],"wp:attachment":[{"href":"https:\/\/toolhouse.fi\/fi\/wp-json\/wp\/v2\/media?parent=27753"}],"wp:term":[{"taxonomy":"product_cat","embeddable":true,"href":"https:\/\/toolhouse.fi\/fi\/wp-json\/wp\/v2\/product_cat?post=27753"},{"taxonomy":"product_tag","embeddable":true,"href":"https:\/\/toolhouse.fi\/fi\/wp-json\/wp\/v2\/product_tag?post=27753"}],"curies":[{"name":"wp","href":"https:\/\/api.w.org\/{rel}","templated":true}]}}