{"id":27796,"date":"2025-08-08T10:07:04","date_gmt":"2025-08-08T07:07:04","guid":{"rendered":"https:\/\/toolhouse.fi\/?post_type=product&#038;p=27796"},"modified":"2025-11-24T19:07:02","modified_gmt":"2025-11-24T17:07:02","slug":"muovihitsauslaite-70w","status":"publish","type":"product","link":"https:\/\/toolhouse.fi\/fi\/tuote\/muovihitsauslaite-70w\/","title":{"rendered":"Muovihitsauslaite 70W"},"content":{"rendered":"","protected":false},"excerpt":{"rendered":"<p data-start=\"40\" data-end=\"104\"><strong data-start=\"40\" data-end=\"104\">Tehokas muovihitsaussarja muoviosien halkeamien korjaamiseen<\/strong><\/p>\n<p data-start=\"106\" data-end=\"321\">K\u00e4tev\u00e4 ja tehokas niittipistooli, joka kuumentaa niitit nopeasti ja upottaa ne muoviin kest\u00e4vi\u00e4 ja vahvoja korjauksia varten. T\u00e4ydellinen puskurien, katteiden, paneelien ja muiden muoviosien halkeamien korjaamiseen.<\/p>\n<p data-start=\"323\" data-end=\"558\">Muovihitsauslaite toimitetaan 200 niitin kanssa, nelj\u00e4ss\u00e4 eri mallissa. 70 W tehonsa ja jopa 600\u202f\u00b0C maksimil\u00e4mp\u00f6tilansa ansiosta laite soveltuu my\u00f6s paksumpien muovien korjaamiseen.<\/p>\n<p data-start=\"560\" data-end=\"577\"><strong data-start=\"560\" data-end=\"577\">Ominaisuudet:<\/strong><\/p>\n<ul>\n<li data-start=\"581\" data-end=\"593\">Teho: 70 W<\/li>\n<li data-start=\"596\" data-end=\"612\">J\u00e4nnite: 230 V<\/li>\n<li data-start=\"615\" data-end=\"641\">Maksimil\u00e4mp\u00f6tila: 600\u202f\u00b0C<\/li>\n<li data-start=\"644\" data-end=\"675\">L\u00e4mmitysaika: noin 3 sekuntia<\/li>\n<li data-start=\"678\" data-end=\"693\">LED-valaistus<\/li>\n<li data-start=\"696\" data-end=\"719\">Johdon pituus: 155 cm<\/li>\n<li data-start=\"722\" data-end=\"740\">Valmistaja: Geko<\/li>\n<li data-start=\"743\" data-end=\"780\">Sis\u00e4lt\u00e4\u00e4 200 niitti\u00e4 (4 eri mallia)<\/li>\n<\/ul>\n","protected":false},"featured_media":27801,"template":"","meta":{"_acf_changed":false,"_seopress_robots_primary_cat":"none","_seopress_titles_title":"","_seopress_titles_desc":"","_seopress_robots_index":""},"product_cat":[467,483,350],"product_tag":[],"class_list":{"0":"post-27796","1":"product","2":"type-product","3":"status-publish","4":"has-post-thumbnail","6":"product_cat-hitsaustarvikkeet","7":"product_cat-korityokalut","8":"product_cat-muut","10":"first","11":"instock","12":"taxable","13":"shipping-taxable","14":"purchasable","15":"product-type-simple","swatches":"rey-swatches","show_selected":""},"acf":[],"_links":{"self":[{"href":"https:\/\/toolhouse.fi\/fi\/wp-json\/wp\/v2\/product\/27796","targetHints":{"allow":["GET"]}}],"collection":[{"href":"https:\/\/toolhouse.fi\/fi\/wp-json\/wp\/v2\/product"}],"about":[{"href":"https:\/\/toolhouse.fi\/fi\/wp-json\/wp\/v2\/types\/product"}],"version-history":[{"count":0,"href":"https:\/\/toolhouse.fi\/fi\/wp-json\/wp\/v2\/product\/27796\/revisions"}],"wp:featuredmedia":[{"embeddable":true,"href":"https:\/\/toolhouse.fi\/fi\/wp-json\/wp\/v2\/media\/27801"}],"wp:attachment":[{"href":"https:\/\/toolhouse.fi\/fi\/wp-json\/wp\/v2\/media?parent=27796"}],"wp:term":[{"taxonomy":"product_cat","embeddable":true,"href":"https:\/\/toolhouse.fi\/fi\/wp-json\/wp\/v2\/product_cat?post=27796"},{"taxonomy":"product_tag","embeddable":true,"href":"https:\/\/toolhouse.fi\/fi\/wp-json\/wp\/v2\/product_tag?post=27796"}],"curies":[{"name":"wp","href":"https:\/\/api.w.org\/{rel}","templated":true}]}}