{"id":27816,"date":"2025-08-08T10:55:01","date_gmt":"2025-08-08T07:55:01","guid":{"rendered":"https:\/\/toolhouse.fi\/?post_type=product&#038;p=27816"},"modified":"2025-10-29T11:38:06","modified_gmt":"2025-10-29T09:38:06","slug":"niitit-muovihitsauslaitteeseen-600-kpl","status":"publish","type":"product","link":"https:\/\/toolhouse.fi\/fi\/tuote\/niitit-muovihitsauslaitteeseen-600-kpl\/","title":{"rendered":"Niitit muovihitsauslaitteeseen 600 kpl"},"content":{"rendered":"","protected":false},"excerpt":{"rendered":"<p data-start=\"40\" data-end=\"81\"><strong data-start=\"40\" data-end=\"81\">Niitit muovihitsauslaitteeseen T81281<\/strong><\/p>\n<p data-start=\"83\" data-end=\"118\">Sis\u00e4lt\u00e4\u00e4 600 niitti\u00e4, 6 eri mallia.<\/p>\n<p data-start=\"120\" data-end=\"132\"><strong data-start=\"120\" data-end=\"132\">Sis\u00e4lt\u00f6:<\/strong><\/p>\n<ul>\n<li data-start=\"136\" data-end=\"152\">RS16 \u2013 100 kpl<\/li>\n<li data-start=\"155\" data-end=\"171\">RS18 \u2013 100 kpl<\/li>\n<li data-start=\"174\" data-end=\"190\">RS26 \u2013 100 kpl<\/li>\n<li data-start=\"193\" data-end=\"209\">RS28 \u2013 100 kpl<\/li>\n<li data-start=\"212\" data-end=\"228\">RS38 \u2013 100 kpl<\/li>\n<li data-start=\"231\" data-end=\"247\">RS46 \u2013 100 kpl<\/li>\n<\/ul>\n","protected":false},"featured_media":27814,"template":"","meta":{"_acf_changed":false,"_seopress_robots_primary_cat":"none","_seopress_titles_title":"","_seopress_titles_desc":"","_seopress_robots_index":""},"product_cat":[467,483,350],"product_tag":[],"class_list":{"0":"post-27816","1":"product","2":"type-product","3":"status-publish","4":"has-post-thumbnail","6":"product_cat-hitsaustarvikkeet","7":"product_cat-korityokalut","8":"product_cat-muut","10":"first","11":"instock","12":"taxable","13":"shipping-taxable","14":"purchasable","15":"product-type-simple","swatches":"rey-swatches","show_selected":""},"acf":[],"_links":{"self":[{"href":"https:\/\/toolhouse.fi\/fi\/wp-json\/wp\/v2\/product\/27816","targetHints":{"allow":["GET"]}}],"collection":[{"href":"https:\/\/toolhouse.fi\/fi\/wp-json\/wp\/v2\/product"}],"about":[{"href":"https:\/\/toolhouse.fi\/fi\/wp-json\/wp\/v2\/types\/product"}],"version-history":[{"count":0,"href":"https:\/\/toolhouse.fi\/fi\/wp-json\/wp\/v2\/product\/27816\/revisions"}],"wp:featuredmedia":[{"embeddable":true,"href":"https:\/\/toolhouse.fi\/fi\/wp-json\/wp\/v2\/media\/27814"}],"wp:attachment":[{"href":"https:\/\/toolhouse.fi\/fi\/wp-json\/wp\/v2\/media?parent=27816"}],"wp:term":[{"taxonomy":"product_cat","embeddable":true,"href":"https:\/\/toolhouse.fi\/fi\/wp-json\/wp\/v2\/product_cat?post=27816"},{"taxonomy":"product_tag","embeddable":true,"href":"https:\/\/toolhouse.fi\/fi\/wp-json\/wp\/v2\/product_tag?post=27816"}],"curies":[{"name":"wp","href":"https:\/\/api.w.org\/{rel}","templated":true}]}}