{"id":27847,"date":"2025-08-08T12:05:21","date_gmt":"2025-08-08T09:05:21","guid":{"rendered":"https:\/\/toolhouse.fi\/?post_type=product&#038;p=27847"},"modified":"2025-08-13T11:32:38","modified_gmt":"2025-08-13T08:32:38","slug":"puhdistussarja-pulteille","status":"publish","type":"product","link":"https:\/\/toolhouse.fi\/fi\/tuote\/puhdistussarja-pulteille\/","title":{"rendered":"Puhdistussarja pulteille"},"content":{"rendered":"","protected":false},"excerpt":{"rendered":"<p data-start=\"0\" data-end=\"168\">Tehokas ty\u00f6kalu py\u00f6r\u00e4npulttien ja kierteiden puhdistamiseen \u2013 nopea ratkaisu ruosteen, lian ja vanhan rasvan poistoon pulttien ja kierteiden pinnoilta.<\/p>\n<p data-start=\"170\" data-end=\"361\">Sarjassa on 6 vaihdettavaa harjaa eri halkaisijoilla, harjanpidike 1\/2\u2033 kiinnityksell\u00e4 sek\u00e4 adapterit ruuvinv\u00e4\u00e4ntimelle ja SDS-plus -koneille.<\/p>\n<p data-start=\"363\" data-end=\"377\"><strong data-start=\"363\" data-end=\"375\">Sis\u00e4lt\u00f6:<\/strong><\/p>\n<ul data-start=\"378\" data-end=\"679\" data-is-last-node=\"\" data-is-only-node=\"\">\n<li data-start=\"378\" data-end=\"437\">\n<p data-start=\"380\" data-end=\"437\">1\u00d7 harjanpidike pikalukituksella ja 1\/2\u2033 kiinnityksell\u00e4<\/p>\n<\/li>\n<li data-start=\"438\" data-end=\"579\">\n<p data-start=\"440\" data-end=\"461\">6\u00d7 puhdistusharjaa:<\/p>\n<ul data-start=\"464\" data-end=\"579\">\n<li data-start=\"464\" data-end=\"481\">\n<p data-start=\"466\" data-end=\"481\">12 mm (7\/16\u2033)<\/p>\n<\/li>\n<li data-start=\"484\" data-end=\"500\">\n<p data-start=\"486\" data-end=\"500\">13 mm (1\/2\u2033)<\/p>\n<\/li>\n<li data-start=\"503\" data-end=\"520\">\n<p data-start=\"505\" data-end=\"520\">14 mm (9\/16\u2033)<\/p>\n<\/li>\n<li data-start=\"523\" data-end=\"539\">\n<p data-start=\"525\" data-end=\"539\">16 mm (5\/8\u2033)<\/p>\n<\/li>\n<li data-start=\"542\" data-end=\"558\">\n<p data-start=\"544\" data-end=\"558\">22 mm (7\/8\u2033)<\/p>\n<\/li>\n<li data-start=\"561\" data-end=\"579\">\n<p data-start=\"563\" data-end=\"579\">28 mm (1-1\/8\u2033)<\/p>\n<\/li>\n<\/ul>\n<\/li>\n<li data-start=\"580\" data-end=\"612\">\n<p data-start=\"582\" data-end=\"612\">1\u00d7 SDS-PLUS -adapteri (1\/2\u2033)<\/p>\n<\/li>\n<li data-start=\"613\" data-end=\"657\">\n<p data-start=\"615\" data-end=\"657\">1\u00d7 HEX-adapteri ruuvinv\u00e4\u00e4ntimelle (1\/2\u2033)<\/p>\n<\/li>\n<li data-start=\"658\" data-end=\"679\" data-is-last-node=\"\">\n<p data-start=\"660\" data-end=\"679\" data-is-last-node=\"\">1\u00d7 s\u00e4ilytyslaukku<\/p>\n<\/li>\n<\/ul>\n","protected":false},"featured_media":27856,"template":"","meta":{"_acf_changed":false,"_seopress_robots_primary_cat":"none","_seopress_titles_title":"","_seopress_titles_desc":"","_seopress_robots_index":""},"product_cat":[339,489,350,163],"product_tag":[],"class_list":{"0":"post-27847","1":"product","2":"type-product","3":"status-publish","4":"has-post-thumbnail","6":"product_cat-autotyokalut","7":"product_cat-kierretyokalut","8":"product_cat-muut","9":"product_cat-rengaskoneiden-tarvikkeet","11":"first","12":"instock","13":"taxable","14":"shipping-taxable","15":"purchasable","16":"product-type-simple","swatches":"rey-swatches","show_selected":""},"acf":[],"_links":{"self":[{"href":"https:\/\/toolhouse.fi\/fi\/wp-json\/wp\/v2\/product\/27847","targetHints":{"allow":["GET"]}}],"collection":[{"href":"https:\/\/toolhouse.fi\/fi\/wp-json\/wp\/v2\/product"}],"about":[{"href":"https:\/\/toolhouse.fi\/fi\/wp-json\/wp\/v2\/types\/product"}],"version-history":[{"count":0,"href":"https:\/\/toolhouse.fi\/fi\/wp-json\/wp\/v2\/product\/27847\/revisions"}],"wp:featuredmedia":[{"embeddable":true,"href":"https:\/\/toolhouse.fi\/fi\/wp-json\/wp\/v2\/media\/27856"}],"wp:attachment":[{"href":"https:\/\/toolhouse.fi\/fi\/wp-json\/wp\/v2\/media?parent=27847"}],"wp:term":[{"taxonomy":"product_cat","embeddable":true,"href":"https:\/\/toolhouse.fi\/fi\/wp-json\/wp\/v2\/product_cat?post=27847"},{"taxonomy":"product_tag","embeddable":true,"href":"https:\/\/toolhouse.fi\/fi\/wp-json\/wp\/v2\/product_tag?post=27847"}],"curies":[{"name":"wp","href":"https:\/\/api.w.org\/{rel}","templated":true}]}}