{"id":27977,"date":"2025-08-14T13:39:46","date_gmt":"2025-08-14T10:39:46","guid":{"rendered":"https:\/\/toolhouse.fi\/?post_type=product&#038;p=27977"},"modified":"2025-10-03T08:27:45","modified_gmt":"2025-10-03T05:27:45","slug":"pk-4000ar-4t-tukirungolla","status":"publish","type":"product","link":"https:\/\/toolhouse.fi\/fi\/tuote\/pk-4000ar-4t-tukirungolla\/","title":{"rendered":"PK-4000AR  4T tukirungolla."},"content":{"rendered":"<table border=\"0\" width=\"436\" cellspacing=\"0\" cellpadding=\"2\">\n<tbody>\n<tr>\n<td width=\"322\"><b>Nostokyky :<\/b><\/td>\n<td width=\"93\">4000 kg<\/td>\n<\/tr>\n<tr>\n<td bgcolor=\"#f1f1f1\" width=\"322\"><b>Nostokorkeus:<\/b><\/td>\n<td bgcolor=\"#f1f1f1\" width=\"93\">100 \u20131900mm<\/td>\n<\/tr>\n<tr>\n<td width=\"322\"><b>Automaattinen turvalukitus 24v:<\/b><\/td>\n<td width=\"93\">Kyll\u00e4<\/td>\n<\/tr>\n<tr>\n<td bgcolor=\"#f1f1f1\" width=\"322\"><b>K\u00e4ytt\u00f6 :<\/b><\/td>\n<td bgcolor=\"#f1f1f1\" width=\"93\">s\u00e4hk\u00f6hydraulinen<\/td>\n<\/tr>\n<tr>\n<td width=\"322\"><b>Nostoaika :<\/b><\/td>\n<td width=\"93\">30 sek<\/td>\n<\/tr>\n<tr>\n<td bgcolor=\"#f1f1f1\" width=\"322\"><b>230V pistorasia :<\/b><\/td>\n<td bgcolor=\"#f1f1f1\" width=\"93\">Kyll\u00e4<\/td>\n<\/tr>\n<tr>\n<td width=\"322\"><b><strong>Pilarien sis\u00e4leveys<\/strong>:<\/b><\/p>\n<p><strong>L\u00e4piajoleveys:<\/strong><\/td>\n<td width=\"93\">2800 mm<\/p>\n<p>2570 mm<\/td>\n<\/tr>\n<tr>\n<td bgcolor=\"#f1f1f1\" width=\"322\"><b>Korkeus :<\/b><\/td>\n<td bgcolor=\"#f1f1f1\" width=\"93\">2800 mm<\/td>\n<\/tr>\n<tr>\n<td width=\"322\"><b>Ulkoleveys :<\/b><\/p>\n<p><strong>Paino:<\/strong><\/td>\n<td width=\"93\">3300 mm<\/p>\n<p>620kg<\/td>\n<\/tr>\n<tr>\n<td bgcolor=\"#f1f1f1\" width=\"322\"><b>J\u00e4nnite :<\/b><\/td>\n<td bgcolor=\"#f1f1f1\" width=\"93\">400V<\/td>\n<\/tr>\n<tr>\n<td width=\"322\"><b>Takuu :<\/b><\/td>\n<td width=\"93\">12 kuukautta<\/td>\n<\/tr>\n<tr>\n<td bgcolor=\"#f1f1f1\" width=\"322\"><b>Ce h<\/b><strong>yv\u00e4ksytty :<\/strong><\/td>\n<td bgcolor=\"#f1f1f1\" width=\"93\">Kyll\u00e4<\/td>\n<\/tr>\n<tr>\n<td width=\"322\"><\/td>\n<td width=\"93\"><\/td>\n<\/tr>\n<tr>\n<td bgcolor=\"#f1f1f1\" width=\"322\"><strong>Moottorin teho:<\/strong><\/td>\n<td bgcolor=\"#f1f1f1\" width=\"93\">2,2kw<\/td>\n<\/tr>\n<tr>\n<td width=\"322\"><strong>Ohjausj\u00e4nnite:<\/strong><\/p>\n<p>&nbsp;<\/p>\n<p><strong>Malli<\/strong><\/td>\n<td width=\"93\">24 v<\/p>\n<p>&nbsp;<\/p>\n<p>Pk-4000AR<\/td>\n<\/tr>\n<\/tbody>\n<\/table>\n","protected":false},"excerpt":{"rendered":"<h3>PK-4000AR 2-pilariostin, jossa on suuri lattiakiinnike, mik\u00e4 mahdollistaa asennuksen 20 cm paksuihin lattioihin.<\/h3>\n<ul>\n<li tabindex=\"0\" role=\"label\">Hydraulinen 2-pilarinostin.<\/li>\n<li tabindex=\"0\" role=\"label\">Iso lattiakiinnike, ja tukirunko\n<div id=\"ts-body\">\n<div class=\"css-52 ts-pivot-container\">\n<div id=\"ContentContainer\">\n<div>\n<div>\n<div role=\"tabpanel\" aria-labelledby=\"Pivot2-Tab0\">\n<div class=\"ts-lookup-pivot\">\n<div id=\"Lookup\" class=\"ts-pivot-lookup-component\">\n<div class=\"ms-Grid ts-grid\">\n<div class=\"ms-Grid-row\">\n<div class=\"ts-textfield-container ts-larger-font\" lang=\"fi\">\n<div class=\"ts-alignment-view-container\">\n<div id=\"ts-alignment-view-idtgt\" class=\"ts-alignment-view ms-font-m ts-alignment-view-tgt ts-ltr-left-zero\" tabindex=\"0\" aria-hidden=\"false\">\n<div tabindex=\"0\" role=\"label\">pilarien v\u00e4lill\u00e4.<\/div>\n<\/div>\n<\/div>\n<\/div>\n<\/div>\n<\/div>\n<\/div>\n<\/div>\n<\/div>\n<\/div>\n<\/div>\n<\/div>\n<\/div>\n<\/div>\n<\/li>\n<li tabindex=\"0\" role=\"label\">Nostokyky 4000kg.<\/li>\n<li tabindex=\"0\" role=\"label\">Nostokorkeus 100 \u2013 1900 mm.<\/li>\n<li tabindex=\"0\" role=\"label\">Automaattiset 24 voltin turvalukot<\/li>\n<li tabindex=\"0\" role=\"label\">400v<\/li>\n<li tabindex=\"0\" role=\"label\">230V pistorasia<\/li>\n<\/ul>\n<p>&nbsp;<\/p>\n<p><strong>Korkea turvallisuus<\/strong><\/p>\n<div class=\"ts-lookup-pivot\">\n<div id=\"Lookup\" class=\"ts-pivot-lookup-component\">\n<div class=\"ms-Grid ts-grid\">\n<div class=\"ms-Grid-row\">\n<div class=\"ts-textfield-container \" lang=\"fi\">\n<div class=\"ts-alignment-view-container\">\n<p>PK-4000AR:ss\u00e4 lukitusj\u00e4rjestelm\u00e4 aktivoituu automaattisesti, kun autoa nostetaan.<\/p>\n<p>Lis\u00e4ksi nostoprosessi pys\u00e4htyy, kun auto saavuttaa maksimikorkeuden, se takaa t\u00e4ydellisen turvallisuuden k\u00e4ytett\u00e4ess\u00e4.<\/p>\n<p>Vakiovarusteena ovien kolhusuojat.<\/p>\n<p>Nostimessa on h\u00e4t\u00e4pys\u00e4ytys.<\/p>\n<\/div>\n<\/div>\n<\/div>\n<div class=\"ms-Grid-row\">\n<div class=\"ts-textfield-container \" lang=\"fi\">\n<div class=\"ts-alignment-view-container\">\n<p>&nbsp;<\/p>\n<\/div>\n<\/div>\n<\/div>\n<p><img alt=\"\" fetchpriority=\"high\" decoding=\"async\" class=\"alignright wp-image-8853 size-medium\" src=\"https:\/\/toolhouse.fi\/wp-content\/uploads\/2022\/02\/4T-2-pilari-2-1-300x225.jpg\" alt=\"\" width=\"300\" height=\"225\" srcset=\"https:\/\/toolhouse.fi\/wp-content\/uploads\/2022\/02\/4T-2-pilari-2-1-300x225.jpg 300w, https:\/\/toolhouse.fi\/wp-content\/uploads\/2022\/02\/4T-2-pilari-2-1-510x383.jpg 510w, https:\/\/toolhouse.fi\/wp-content\/uploads\/2022\/02\/4T-2-pilari-2-1-768x576.jpg 768w, https:\/\/toolhouse.fi\/wp-content\/uploads\/2022\/02\/4T-2-pilari-2-1-400x300.jpg 400w, https:\/\/toolhouse.fi\/wp-content\/uploads\/2022\/02\/4T-2-pilari-2-1-700x525.jpg 700w, https:\/\/toolhouse.fi\/wp-content\/uploads\/2022\/02\/4T-2-pilari-2-1.jpg 1000w\" sizes=\"(max-width: 300px) 100vw, 300px\" \/><\/p>\n<\/div>\n<\/div>\n<p><strong>Automaattinen<\/strong><\/p>\n<p>Automaattisen nostimen etuna on vaivaton nosto- ja laskuprosessin hallinta.<\/p>\n<p>Ohjauspaneelin painikkeet ohjaavat kaikkea tarvitsematta vapauttaa lukkoa manuaalisesti jokaisessa pylv\u00e4\u00e4ss\u00e4.<\/p>\n<p>T\u00e4ss\u00e4 mallissa molemmissa pilareissa on 24v s\u00e4hk\u00f6magneetit, jotka poistavat lukitukset k\u00e4yt\u00f6st\u00e4 automaattisesti, kun ohjauspaneelin laskupainiketta painetaan.<\/p>\n<p>&nbsp;<\/p>\n<\/div>\n<ul>\n<li>Takuu 1 vuosi.<\/li>\n<li>Kaikki varaosat saatavilla.<\/li>\n<li>CE-hyv\u00e4ksytty.<\/li>\n<\/ul>\n","protected":false},"featured_media":28001,"template":"","meta":{"_acf_changed":false,"_seopress_robots_primary_cat":"none","_seopress_titles_title":"","_seopress_titles_desc":"","_seopress_robots_index":""},"product_cat":[285,455,37],"product_tag":[],"class_list":{"0":"post-27977","1":"product","2":"type-product","3":"status-publish","4":"has-post-thumbnail","6":"product_cat-2-pilarinostimet","7":"product_cat-ajoneuvonostimet","8":"product_cat-autonostimet","9":"product_shipping_class-l-220-l-220r-fi","11":"first","12":"outofstock","13":"sale","14":"taxable","15":"shipping-taxable","16":"purchasable","17":"product-type-simple","swatches":"rey-swatches","show_selected":""},"acf":[],"_links":{"self":[{"href":"https:\/\/toolhouse.fi\/fi\/wp-json\/wp\/v2\/product\/27977","targetHints":{"allow":["GET"]}}],"collection":[{"href":"https:\/\/toolhouse.fi\/fi\/wp-json\/wp\/v2\/product"}],"about":[{"href":"https:\/\/toolhouse.fi\/fi\/wp-json\/wp\/v2\/types\/product"}],"version-history":[{"count":0,"href":"https:\/\/toolhouse.fi\/fi\/wp-json\/wp\/v2\/product\/27977\/revisions"}],"wp:featuredmedia":[{"embeddable":true,"href":"https:\/\/toolhouse.fi\/fi\/wp-json\/wp\/v2\/media\/28001"}],"wp:attachment":[{"href":"https:\/\/toolhouse.fi\/fi\/wp-json\/wp\/v2\/media?parent=27977"}],"wp:term":[{"taxonomy":"product_cat","embeddable":true,"href":"https:\/\/toolhouse.fi\/fi\/wp-json\/wp\/v2\/product_cat?post=27977"},{"taxonomy":"product_tag","embeddable":true,"href":"https:\/\/toolhouse.fi\/fi\/wp-json\/wp\/v2\/product_tag?post=27977"}],"curies":[{"name":"wp","href":"https:\/\/api.w.org\/{rel}","templated":true}]}}