{"id":28039,"date":"2025-08-19T15:46:45","date_gmt":"2025-08-19T12:46:45","guid":{"rendered":"https:\/\/toolhouse.fi\/?post_type=product&#038;p=28039"},"modified":"2026-03-18T13:27:29","modified_gmt":"2026-03-18T11:27:29","slug":"pk-4500g-lattiavapaa-2-pilarinostin","status":"publish","type":"product","link":"https:\/\/toolhouse.fi\/fi\/tuote\/pk-4500g-lattiavapaa-2-pilarinostin\/","title":{"rendered":"PK-4500G lattiavapaa 2-pilarinostin."},"content":{"rendered":"<table border=\"0\" width=\"436\" cellspacing=\"0\" cellpadding=\"2\">\n<tbody>\n<tr>\n<td width=\"322\"><b>Nostokyky:<\/b><\/td>\n<td width=\"93\">4500 kg<\/td>\n<\/tr>\n<tr>\n<td bgcolor=\"#f1f1f1\" width=\"322\"><b>Nostokorkeus:<\/b><\/td>\n<td bgcolor=\"#f1f1f1\" width=\"93\">100 \u20131900mm<\/td>\n<\/tr>\n<tr>\n<td width=\"322\"><b>Automaattinen turvalukitus 24v:<\/b><\/td>\n<td width=\"93\">Kyll\u00e4<\/td>\n<\/tr>\n<tr>\n<td bgcolor=\"#f1f1f1\" width=\"322\"><b>K\u00e4ytt\u00f6:<\/b><\/td>\n<td bgcolor=\"#f1f1f1\" width=\"93\">s\u00e4hk\u00f6hydraulinen<\/td>\n<\/tr>\n<tr>\n<td width=\"322\"><b>Nostoaika:<\/b><\/td>\n<td width=\"93\">35 sek<\/td>\n<\/tr>\n<tr>\n<td bgcolor=\"#f1f1f1\" width=\"322\"><b>230V pistorasia:<\/b><\/td>\n<td bgcolor=\"#f1f1f1\" width=\"93\">Kyll\u00e4<\/td>\n<\/tr>\n<tr>\n<td width=\"322\"><b><strong>Pilarien sis\u00e4leveys<\/strong>:<\/b><\/p>\n<p><strong>L\u00e4piajoleveys:<\/strong><\/td>\n<td width=\"93\">2900 mm<\/p>\n<p>2640 mm<\/td>\n<\/tr>\n<tr>\n<td bgcolor=\"#f1f1f1\" width=\"322\"><b>Korkeus:<\/b><\/td>\n<td bgcolor=\"#f1f1f1\" width=\"93\">4200 \/ 3880 mm<\/td>\n<\/tr>\n<tr>\n<td width=\"322\"><b>Ulkoleveys:<\/b><\/p>\n<p><strong>Paino:<\/strong><\/td>\n<td width=\"93\">3440 mm<\/p>\n<p>760 kg<\/td>\n<\/tr>\n<tr>\n<td bgcolor=\"#f1f1f1\" width=\"322\"><b>J\u00e4nnite :<\/b><\/td>\n<td bgcolor=\"#f1f1f1\" width=\"93\">230V<\/td>\n<\/tr>\n<tr>\n<td width=\"322\"><b>Takuu :<\/b><\/td>\n<td width=\"93\">12 kuukautta<\/td>\n<\/tr>\n<tr>\n<td bgcolor=\"#f1f1f1\" width=\"322\"><b>Ce h<\/b><strong>yv\u00e4ksytty:<\/strong><\/td>\n<td bgcolor=\"#f1f1f1\" width=\"93\">Kyll\u00e4<\/td>\n<\/tr>\n<tr>\n<td width=\"322\"><strong>Lattiavapaa:<\/strong><\/td>\n<td width=\"93\">Kyll\u00e4<\/td>\n<\/tr>\n<tr>\n<td bgcolor=\"#f1f1f1\" width=\"322\"><strong>Moottorin teho:<\/strong><\/td>\n<td bgcolor=\"#f1f1f1\" width=\"93\">2,2kw<\/td>\n<\/tr>\n<tr>\n<td width=\"322\"><strong>Ohjausj\u00e4nnite:<\/strong><\/p>\n<p>&nbsp;<\/p>\n<p><strong>Malli<\/strong><\/td>\n<td width=\"93\">24 v<\/p>\n<p>&nbsp;<\/p>\n<p>Pk-4500g<\/td>\n<\/tr>\n<\/tbody>\n<\/table>\n","protected":false},"excerpt":{"rendered":"<p>&nbsp;<\/p>\n<ul>\n<li tabindex=\"0\" role=\"label\">230V<\/li>\n<li>Hydraulinen 2-pilarinostin.<\/li>\n<li tabindex=\"0\" role=\"label\">Lattiavapaa.<\/li>\n<li tabindex=\"0\" role=\"label\">Nostokyky 4500kg.<\/li>\n<li tabindex=\"0\" role=\"label\">Pitk\u00e4t symmetriset 3-osaiset nostovarret<\/li>\n<li tabindex=\"0\" role=\"label\">Nostokorkeus 100 \u2013 1900 mm.<\/li>\n<li tabindex=\"0\" role=\"label\">Automaattiset 24V turvalukot.<\/li>\n<li tabindex=\"0\" role=\"label\">Korkeus 4200mm \/ 3880mm<\/li>\n<li tabindex=\"0\" role=\"label\">230V pistorasia<\/li>\n<\/ul>\n<p>&nbsp;<\/p>\n<article class=\"text-token-text-primary w-full focus:outline-none scroll-mt-[calc(var(--header-height)+min(200px,max(70px,20svh)))]\" dir=\"auto\" tabindex=\"-1\" data-turn-id=\"request-68623523-b8b8-800a-809a-48c565382763-47\" data-testid=\"conversation-turn-540\" data-scroll-anchor=\"true\" data-turn=\"assistant\">\n<div class=\"text-base my-auto mx-auto pb-10 [--thread-content-margin:--spacing(4)] @[37rem]:[--thread-content-margin:--spacing(6)] @[72rem]:[--thread-content-margin:--spacing(16)] px-(--thread-content-margin)\">\n<div class=\"[--thread-content-max-width:32rem] @[34rem]:[--thread-content-max-width:40rem] @[64rem]:[--thread-content-max-width:48rem] mx-auto max-w-(--thread-content-max-width) flex-1 group\/turn-messages focus-visible:outline-hidden relative flex w-full min-w-0 flex-col agent-turn\" tabindex=\"-1\">\n<div class=\"flex max-w-full flex-col grow\">\n<div class=\"min-h-8 text-message relative flex w-full flex-col items-end gap-2 text-start break-words whitespace-normal [.text-message+&amp;]:mt-5\" dir=\"auto\" data-message-author-role=\"assistant\" data-message-id=\"60438175-b06f-4b20-a189-9bacfa9018bc\" data-message-model-slug=\"gpt-5-mini\">\n<div class=\"flex w-full flex-col gap-1 empty:hidden first:pt-[3px]\">\n<div class=\"markdown prose dark:prose-invert w-full break-words light markdown-new-styling\">\n<p data-start=\"0\" data-end=\"26\"><strong>Kaksi korkeusvaihtoehtoa<\/strong><\/p>\n<p data-start=\"31\" data-end=\"181\" data-is-last-node=\"\" data-is-only-node=\"\">PK-4500G:ss\u00e4 voit valita kaksi eri kokonaiskorkeutta.<br data-start=\"81\" data-end=\"84\" \/>Se voidaan asentaa joko 3880 mm tai 4200 mm korkeuteen sen mukaan, mik\u00e4 sopii parhaiten tilaan, jossa nostinta k\u00e4ytet\u00e4\u00e4n.<\/p>\n<\/div>\n<\/div>\n<\/div>\n<\/div>\n<div class=\"flex min-h-[46px] justify-start\">\n<div class=\"touch:-me-2 touch:-ms-3.5 -ms-2.5 -me-1 flex flex-wrap items-center gap-y-4 p-1 select-none touch:w-[calc(100%+--spacing(3.5))] -mt-1 w-[calc(100%+--spacing(2.5))] duration-[1.5s] focus-within:transition-none hover:transition-none pointer-events-none [mask-image:linear-gradient(to_right,black_33%,transparent_66%)] [mask-size:300%_100%] [mask-position:100%_0%] motion-safe:transition-[mask-position] group-hover\/turn-messages:pointer-events-auto group-hover\/turn-messages:[mask-position:0_0] group-focus-within\/turn-messages:pointer-events-auto group-focus-within\/turn-messages:[mask-position:0_0] has-data-[state=open]:pointer-events-auto has-data-[state=open]:[mask-position:0_0]\">\n<p>&nbsp;<\/p>\n<div class=\"flex items-center\">\n<p data-start=\"0\" data-end=\"20\"><strong>Pitk\u00e4t nostovarret<\/strong><\/p>\n<p data-start=\"22\" data-end=\"121\">Pitk\u00e4t symmetriset nostovarret helpottavat pitkien ajoneuvojen, kuten pakettiautojen, nostamista.<\/p>\n<p data-start=\"123\" data-end=\"207\">Varret ovat teleskooppisia, ja niiden pituutta voidaan s\u00e4\u00e4t\u00e4\u00e4 750\u20131500 mm v\u00e4lill\u00e4.<\/p>\n<p data-start=\"209\" data-end=\"328\" data-is-last-node=\"\" data-is-only-node=\"\">Nostotallat on valmistettu \u00f6ljynkest\u00e4v\u00e4st\u00e4 kumista, ja lis\u00e4varusteena on saatavilla korokkeita kahdessa eri pituudessa.<\/p>\n<p data-start=\"209\" data-end=\"328\" data-is-last-node=\"\" data-is-only-node=\"\">\n<\/div>\n<\/div>\n<\/div>\n<\/div>\n<\/div>\n<\/article>\n<p><strong>Korkea turvallisuus<\/strong><\/p>\n<div class=\"ts-lookup-pivot\">\n<div id=\"Lookup\" class=\"ts-pivot-lookup-component\">\n<div class=\"ms-Grid ts-grid\">\n<div class=\"ms-Grid-row\">\n<div class=\"ts-textfield-container \" lang=\"fi\">\n<div class=\"ts-alignment-view-container\">\n<p>PK-4500G:ss\u00e4 lukitusj\u00e4rjestelm\u00e4 aktivoituu automaattisesti, kun autoa nostetaan.<\/p>\n<p>Lis\u00e4ksi nosto pys\u00e4htyy automaattisesti, kun auto saavuttaa suurimman nostokorkeuden, mik\u00e4 takaa erinomaisen turvallisuuden k\u00e4yt\u00f6ss\u00e4. Turvalukot ovat eritt\u00e4in vankat ja suunniteltu kest\u00e4m\u00e4\u00e4n vuosien p\u00e4ivitt\u00e4ist\u00e4 k\u00e4ytt\u00f6\u00e4.<\/p>\n<p>Vakiovarusteena ovien kolhusuojat.<\/p>\n<p>Nostimessa on h\u00e4t\u00e4pys\u00e4ytys.<\/p>\n<p>Yl\u00e4palkissa pehmustettu yl\u00e4rajapuomi, joka keskeytt\u00e4\u00e4 noston mik\u00e4li nostettava auto osuu siihen.<\/p>\n<\/div>\n<\/div>\n<\/div>\n<p>&nbsp;<\/p>\n<p><strong>Lattiavapaa<\/strong><\/p>\n<p>T\u00e4m\u00e4 helpottaa auton alla liikkumista ja esimerkiksi j\u00e4te\u00f6ljyvaunujen tai vaihteistonostinten k\u00e4ytt\u00f6\u00e4.<\/p>\n<div class=\"ms-Grid-row\">\n<div class=\"ts-textfield-container \" lang=\"fi\">\n<div class=\"ts-alignment-view-container\">\n<p>&nbsp;<\/p>\n<\/div>\n<\/div>\n<\/div>\n<p><img alt=\"\" fetchpriority=\"high\" decoding=\"async\" class=\"alignright wp-image-8853 size-medium\" src=\"http:\/\/toolhouse.fi\/wp-content\/uploads\/2022\/02\/4T-2-pilari-2-1-300x225.jpg\" alt=\"\" width=\"300\" height=\"225\" srcset=\"https:\/\/toolhouse.fi\/wp-content\/uploads\/2022\/02\/4T-2-pilari-2-1-300x225.jpg 300w, https:\/\/toolhouse.fi\/wp-content\/uploads\/2022\/02\/4T-2-pilari-2-1-510x383.jpg 510w, https:\/\/toolhouse.fi\/wp-content\/uploads\/2022\/02\/4T-2-pilari-2-1-768x576.jpg 768w, https:\/\/toolhouse.fi\/wp-content\/uploads\/2022\/02\/4T-2-pilari-2-1-400x300.jpg 400w, https:\/\/toolhouse.fi\/wp-content\/uploads\/2022\/02\/4T-2-pilari-2-1-700x525.jpg 700w, https:\/\/toolhouse.fi\/wp-content\/uploads\/2022\/02\/4T-2-pilari-2-1.jpg 1000w\" sizes=\"(max-width: 300px) 100vw, 300px\" \/><\/p>\n<\/div>\n<\/div>\n<p><strong>Automaattinen<\/strong><\/p>\n<p>Automaattisen nostimen etuna on vaivaton nosto- ja laskuprosessin hallinta.<\/p>\n<p>Ohjauspaneelin painikkeet ohjaavat kaikkea tarvitsematta vapauttaa lukkoa manuaalisesti jokaisessa pylv\u00e4\u00e4ss\u00e4.<\/p>\n<p>T\u00e4ss\u00e4 mallissa molemmissa pilareissa on 24v s\u00e4hk\u00f6magneetit, jotka poistavat lukitukset k\u00e4yt\u00f6st\u00e4 automaattisesti, kun ohjauspaneelin laskupainiketta painetaan.<\/p>\n<p><strong>Kest\u00e4vyys<\/strong><\/p>\n<p>Komponenteissa ja materiaaleissa korkein laatu. Ammattimaisesti valmistettu ja tarkat laatutestit takaavat luotettavan k\u00e4yt\u00f6n useiden vuosien ajan.<\/p>\n<p>Takuu 1 vuosi.<\/p>\n<p>Kaikki varaosat saatavilla!<\/p>\n<p>CE-hyv\u00e4ksytty<\/p>\n<\/div>\n<p>Kaikki nostimet toimitetaan ilman hydrauli\u00f6ljyj\u00e4.<\/p>\n","protected":false},"featured_media":32122,"template":"","meta":{"_acf_changed":false,"_seopress_robots_primary_cat":"none","_seopress_titles_title":"","_seopress_titles_desc":"","_seopress_robots_index":""},"product_cat":[285,455,37],"product_tag":[],"class_list":{"0":"post-28039","1":"product","2":"type-product","3":"status-publish","4":"has-post-thumbnail","6":"product_cat-2-pilarinostimet","7":"product_cat-ajoneuvonostimet","8":"product_cat-autonostimet","10":"first","11":"instock","12":"taxable","13":"shipping-taxable","14":"purchasable","15":"product-type-simple","swatches":"rey-swatches","show_selected":""},"acf":[],"_links":{"self":[{"href":"https:\/\/toolhouse.fi\/fi\/wp-json\/wp\/v2\/product\/28039","targetHints":{"allow":["GET"]}}],"collection":[{"href":"https:\/\/toolhouse.fi\/fi\/wp-json\/wp\/v2\/product"}],"about":[{"href":"https:\/\/toolhouse.fi\/fi\/wp-json\/wp\/v2\/types\/product"}],"version-history":[{"count":6,"href":"https:\/\/toolhouse.fi\/fi\/wp-json\/wp\/v2\/product\/28039\/revisions"}],"predecessor-version":[{"id":32120,"href":"https:\/\/toolhouse.fi\/fi\/wp-json\/wp\/v2\/product\/28039\/revisions\/32120"}],"wp:featuredmedia":[{"embeddable":true,"href":"https:\/\/toolhouse.fi\/fi\/wp-json\/wp\/v2\/media\/32122"}],"wp:attachment":[{"href":"https:\/\/toolhouse.fi\/fi\/wp-json\/wp\/v2\/media?parent=28039"}],"wp:term":[{"taxonomy":"product_cat","embeddable":true,"href":"https:\/\/toolhouse.fi\/fi\/wp-json\/wp\/v2\/product_cat?post=28039"},{"taxonomy":"product_tag","embeddable":true,"href":"https:\/\/toolhouse.fi\/fi\/wp-json\/wp\/v2\/product_tag?post=28039"}],"curies":[{"name":"wp","href":"https:\/\/api.w.org\/{rel}","templated":true}]}}