{"id":28128,"date":"2025-08-21T15:05:53","date_gmt":"2025-08-21T12:05:53","guid":{"rendered":"https:\/\/toolhouse.fi\/?post_type=product&#038;p=28128"},"modified":"2025-08-21T16:01:46","modified_gmt":"2025-08-21T13:01:46","slug":"karkipihdit-tvardy-200mm","status":"publish","type":"product","link":"https:\/\/toolhouse.fi\/fi\/tuote\/karkipihdit-tvardy-200mm\/","title":{"rendered":"K\u00e4rkipihdit Tvardy 200mm"},"content":{"rendered":"","protected":false},"excerpt":{"rendered":"<p data-start=\"90\" data-end=\"279\">Tvardy k\u00e4rkipihdit on valmistettu korkealaatuisesta, karkaistusta CrV-ty\u00f6kaluter\u00e4ksest\u00e4 (62\u201364 HRC), mik\u00e4 takaa pitk\u00e4n k\u00e4ytt\u00f6i\u00e4n my\u00f6s vaativassa k\u00e4yt\u00f6ss\u00e4. Ergonomiset kaksikomponenttiset kahvat tarjoavat varman otteen ja erinomaisen k\u00e4ytt\u00f6mukavuuden.<\/p>\n<p data-start=\"676\" data-end=\"695\"><strong data-start=\"676\" data-end=\"693\">Ominaisuudet:<\/strong><\/p>\n<ul>\n<li data-start=\"698\" data-end=\"775\">Korkealaatuinen CrV-ter\u00e4s \u2013 maksimaalinen kest\u00e4vyys ja kulutuksenkesto.<\/li>\n<li data-start=\"862\" data-end=\"930\">L\u00e4mp\u00f6k\u00e4sitelty \u2013 62\u201364 HRC kovuus pitk\u00e4ik\u00e4iselle ter\u00e4vyydelle.<\/li>\n<li data-start=\"933\" data-end=\"987\">Ruuviliitos tarjoaa leikkauss\u00e4rmien hyv\u00e4n toiminnan ja kohdistuksen<\/li>\n<li data-start=\"990\" data-end=\"1053\">Ergonominen kaksikomponenttikahva \u2013 pit\u00e4v\u00e4 ja mukava ote.<\/li>\n<li data-start=\"1115\" data-end=\"1167\">PTFE-pinnoite \u2013 suojaa korroosiolta ja lialta.<\/li>\n<li data-start=\"1170\" data-end=\"1244\">Poikittain uritetut tartuntapinnat ja sivuleikkuri<\/li>\n<li data-start=\"1271\" data-end=\"1295\">Kokonaispituus: 201 mm<\/li>\n<li data-start=\"1298\" data-end=\"1320\">k\u00e4rkien pituus: 71 mm<\/li>\n<li data-start=\"1323\" data-end=\"1345\">Paino: 0,23 kg<\/li>\n<\/ul>\n","protected":false},"featured_media":28132,"template":"","meta":{"_acf_changed":false,"_seopress_robots_primary_cat":"none","_seopress_titles_title":"","_seopress_titles_desc":"","_seopress_robots_index":""},"product_cat":[488,40],"product_tag":[],"class_list":{"0":"post-28128","1":"product","2":"type-product","3":"status-publish","4":"has-post-thumbnail","6":"product_cat-kasityokalut","7":"product_cat-korjaamolaitteet","9":"first","10":"instock","11":"taxable","12":"shipping-taxable","13":"purchasable","14":"product-type-simple","swatches":"rey-swatches","show_selected":""},"acf":[],"_links":{"self":[{"href":"https:\/\/toolhouse.fi\/fi\/wp-json\/wp\/v2\/product\/28128","targetHints":{"allow":["GET"]}}],"collection":[{"href":"https:\/\/toolhouse.fi\/fi\/wp-json\/wp\/v2\/product"}],"about":[{"href":"https:\/\/toolhouse.fi\/fi\/wp-json\/wp\/v2\/types\/product"}],"version-history":[{"count":0,"href":"https:\/\/toolhouse.fi\/fi\/wp-json\/wp\/v2\/product\/28128\/revisions"}],"wp:featuredmedia":[{"embeddable":true,"href":"https:\/\/toolhouse.fi\/fi\/wp-json\/wp\/v2\/media\/28132"}],"wp:attachment":[{"href":"https:\/\/toolhouse.fi\/fi\/wp-json\/wp\/v2\/media?parent=28128"}],"wp:term":[{"taxonomy":"product_cat","embeddable":true,"href":"https:\/\/toolhouse.fi\/fi\/wp-json\/wp\/v2\/product_cat?post=28128"},{"taxonomy":"product_tag","embeddable":true,"href":"https:\/\/toolhouse.fi\/fi\/wp-json\/wp\/v2\/product_tag?post=28128"}],"curies":[{"name":"wp","href":"https:\/\/api.w.org\/{rel}","templated":true}]}}