{"id":28421,"date":"2025-09-11T15:44:38","date_gmt":"2025-09-11T12:44:38","guid":{"rendered":"https:\/\/toolhouse.fi\/?post_type=product&#038;p=28421"},"modified":"2025-09-23T10:37:56","modified_gmt":"2025-09-23T07:37:56","slug":"kiintolenkkiavaimet-34-50mm-geko","status":"publish","type":"product","link":"https:\/\/toolhouse.fi\/fi\/tuote\/kiintolenkkiavaimet-34-50mm-geko\/","title":{"rendered":"Kiintolenkkiavaimet 34-50mm Geko"},"content":{"rendered":"","protected":false},"excerpt":{"rendered":"<p>Geko isot kiintoavaimet 34-50mm<\/p>\n<ul>\n<li>Sarja sis\u00e4lt\u00e4\u00e4 6 kiintolenkkiavainta.<\/li>\n<li>CrV-ter\u00e4st\u00e4<\/li>\n<li>Sarja sis\u00e4lt\u00e4\u00e4 koot <strong>34, 36, 38, 41, 46, 50 mm<\/strong><\/li>\n<li>K\u00e4tev\u00e4 k\u00e4\u00e4ritt\u00e4v\u00e4\/ripustettava s\u00e4ilytyspussi<\/li>\n<li>Pituus: 357 &#8211; 575 mm<\/li>\n<li>Paino: 9 kg<\/li>\n<li>Valmistaja: Geko<\/li>\n<\/ul>\n<p>&nbsp;<\/p>\n","protected":false},"featured_media":28417,"template":"","meta":{"_acf_changed":false,"_seopress_robots_primary_cat":"none","_seopress_titles_title":"","_seopress_titles_desc":"","_seopress_robots_index":""},"product_cat":[487,337,40],"product_tag":[],"class_list":{"0":"post-28421","1":"product","2":"type-product","3":"status-publish","4":"has-post-thumbnail","6":"product_cat-hylsytyokalut-vaantotyokalut","7":"product_cat-tyokalut","8":"product_cat-korjaamolaitteet","10":"first","11":"instock","12":"taxable","13":"shipping-taxable","14":"purchasable","15":"product-type-simple","swatches":"rey-swatches","show_selected":""},"acf":[],"_links":{"self":[{"href":"https:\/\/toolhouse.fi\/fi\/wp-json\/wp\/v2\/product\/28421","targetHints":{"allow":["GET"]}}],"collection":[{"href":"https:\/\/toolhouse.fi\/fi\/wp-json\/wp\/v2\/product"}],"about":[{"href":"https:\/\/toolhouse.fi\/fi\/wp-json\/wp\/v2\/types\/product"}],"version-history":[{"count":0,"href":"https:\/\/toolhouse.fi\/fi\/wp-json\/wp\/v2\/product\/28421\/revisions"}],"wp:featuredmedia":[{"embeddable":true,"href":"https:\/\/toolhouse.fi\/fi\/wp-json\/wp\/v2\/media\/28417"}],"wp:attachment":[{"href":"https:\/\/toolhouse.fi\/fi\/wp-json\/wp\/v2\/media?parent=28421"}],"wp:term":[{"taxonomy":"product_cat","embeddable":true,"href":"https:\/\/toolhouse.fi\/fi\/wp-json\/wp\/v2\/product_cat?post=28421"},{"taxonomy":"product_tag","embeddable":true,"href":"https:\/\/toolhouse.fi\/fi\/wp-json\/wp\/v2\/product_tag?post=28421"}],"curies":[{"name":"wp","href":"https:\/\/api.w.org\/{rel}","templated":true}]}}