{"id":28432,"date":"2025-09-11T16:37:35","date_gmt":"2025-09-11T13:37:35","guid":{"rendered":"https:\/\/toolhouse.fi\/?post_type=product&#038;p=28432"},"modified":"2025-12-28T20:51:35","modified_gmt":"2025-12-28T18:51:35","slug":"ruuvin-ulosvetajasarja-tvardy-15-os","status":"publish","type":"product","link":"https:\/\/toolhouse.fi\/fi\/tuote\/ruuvin-ulosvetajasarja-tvardy-15-os\/","title":{"rendered":"Ruuvin ulosvet\u00e4j\u00e4sarja Tvardy 15-os"},"content":{"rendered":"","protected":false},"excerpt":{"rendered":"<p data-start=\"0\" data-end=\"82\"><strong data-start=\"0\" data-end=\"80\">Tvardy ruuvinpoistosarja \u2013 tehokas ratkaisu katkenneiden ruuvien irrotukseen<\/strong><\/p>\n<p data-start=\"84\" data-end=\"294\">Ammattitason sarja, jossa on 15 ruuvin irrotusty\u00f6kalua 3 \u201314 mm. Valmistettu kest\u00e4v\u00e4st\u00e4 kromi-molybdeeniter\u00e4ksest\u00e4 (Cr-Mo), joka takaa pitk\u00e4n k\u00e4ytt\u00f6i\u00e4n ja luotettavan suorituskyvyn my\u00f6s raskaassa k\u00e4yt\u00f6ss\u00e4.<\/p>\n<h3 data-start=\"296\" data-end=\"315\">Ominaisuudet:<\/h3>\n<ul>\n<li data-start=\"318\" data-end=\"388\">Materiaali: Cr-Mo-ter\u00e4s \u2013 erinomainen kulutuskest\u00e4vyys ja lujuus<\/li>\n<li data-start=\"391\" data-end=\"422\">Koot:\n<ul data-start=\"425\" data-end=\"537\">\n<li data-start=\"425\" data-end=\"487\">\n<p data-start=\"427\" data-end=\"487\">12 mm HEX: 1\/8&#8243;, 3mm, 4mm, 3\/16&#8243;, 5mm, 5.5mm, 1\/4&#8243;, 6mm, 8mm, 3\/8&#8243;, 10mm<\/p>\n<\/li>\n<li data-start=\"490\" data-end=\"511\">\n<p data-start=\"492\" data-end=\"511\">16 mm HEX: 11mm, 12mm<\/p>\n<\/li>\n<li data-start=\"514\" data-end=\"537\">\n<p data-start=\"516\" data-end=\"537\">20 mm HEX: 1\/2&#8243;, 14mm<\/p>\n<\/li>\n<\/ul>\n<\/li>\n<li data-start=\"540\" data-end=\"597\"><strong data-start=\"540\" data-end=\"552\">Sis\u00e4lt\u00f6:<\/strong> 15 ruuvin irrotusty\u00f6kalua + tukeva s\u00e4ilytyskotelo<\/li>\n<li data-start=\"600\" data-end=\"624\"><strong data-start=\"600\" data-end=\"615\">Valmistaja:<\/strong> Tvardy<\/li>\n<\/ul>\n<p data-start=\"626\" data-end=\"703\">\n<p data-start=\"705\" data-end=\"791\" data-is-last-node=\"\" data-is-only-node=\"\">\n","protected":false},"featured_media":28449,"template":"","meta":{"_acf_changed":false,"_seopress_robots_primary_cat":"","_seopress_titles_title":"","_seopress_titles_desc":"","_seopress_robots_index":""},"product_cat":[487,337,40,486],"product_tag":[],"class_list":{"0":"post-28432","1":"product","2":"type-product","3":"status-publish","4":"has-post-thumbnail","6":"product_cat-hylsytyokalut-vaantotyokalut","7":"product_cat-tyokalut","8":"product_cat-korjaamolaitteet","9":"product_cat-ulosvetajat","11":"first","12":"instock","13":"taxable","14":"shipping-taxable","15":"purchasable","16":"product-type-simple","swatches":"rey-swatches","show_selected":""},"acf":[],"_links":{"self":[{"href":"https:\/\/toolhouse.fi\/fi\/wp-json\/wp\/v2\/product\/28432","targetHints":{"allow":["GET"]}}],"collection":[{"href":"https:\/\/toolhouse.fi\/fi\/wp-json\/wp\/v2\/product"}],"about":[{"href":"https:\/\/toolhouse.fi\/fi\/wp-json\/wp\/v2\/types\/product"}],"version-history":[{"count":0,"href":"https:\/\/toolhouse.fi\/fi\/wp-json\/wp\/v2\/product\/28432\/revisions"}],"wp:featuredmedia":[{"embeddable":true,"href":"https:\/\/toolhouse.fi\/fi\/wp-json\/wp\/v2\/media\/28449"}],"wp:attachment":[{"href":"https:\/\/toolhouse.fi\/fi\/wp-json\/wp\/v2\/media?parent=28432"}],"wp:term":[{"taxonomy":"product_cat","embeddable":true,"href":"https:\/\/toolhouse.fi\/fi\/wp-json\/wp\/v2\/product_cat?post=28432"},{"taxonomy":"product_tag","embeddable":true,"href":"https:\/\/toolhouse.fi\/fi\/wp-json\/wp\/v2\/product_tag?post=28432"}],"curies":[{"name":"wp","href":"https:\/\/api.w.org\/{rel}","templated":true}]}}