{"id":28500,"date":"2025-09-15T15:21:38","date_gmt":"2025-09-15T12:21:38","guid":{"rendered":"https:\/\/toolhouse.fi\/?post_type=product&#038;p=28500"},"modified":"2025-09-24T14:02:24","modified_gmt":"2025-09-24T11:02:24","slug":"oljyn-imuvaihtaja-geko-80l-kopia","status":"publish","type":"product","link":"https:\/\/toolhouse.fi\/fi\/tuote\/oljyn-imuvaihtaja-geko-80l-kopia\/","title":{"rendered":"\u00d6ljyn imuvaihtaja Geko premium 80L"},"content":{"rendered":"<table class=\"n54117_dictionary\">\n<tbody>\n<tr>\n<td class=\"n54117_item_a2\">Valmistaja:<\/td>\n<td class=\"n54117_item_b2\">Geko<\/td>\n<\/tr>\n<tr>\n<td class=\"n54117_item_a1\"><\/td>\n<td class=\"n54117_item_b1\"><\/td>\n<\/tr>\n<tr>\n<td class=\"n54117_item_a2\">Suppilon halk<span class=\"n67256colon\">:<\/span><\/p>\n<p>Suppilon tilavuus:<\/td>\n<td class=\"n54117_item_b2\">\n<div class=\"n54117_item_b_sub\">58 cm<\/div>\n<div>17 l<\/div>\n<\/td>\n<\/tr>\n<tr>\n<td class=\"n54117_item_a1\">S\u00e4ili\u00f6n tilavuus<span class=\"n67256colon\">:<\/span><\/p>\n<p>Tarkastuss\u00e4ili\u00f6n tilavuus:<\/td>\n<td class=\"n54117_item_b1\">\n<div class=\"n54117_item_b_sub\">80 l.<\/div>\n<div>9 l.<\/div>\n<\/td>\n<\/tr>\n<tr>\n<td class=\"n54117_item_a2\"><span class=\"n67256colon\">\u00d6ljyn l\u00e4mp\u00f6tila:<\/span><\/td>\n<td class=\"n54117_item_b2\">\n<div class=\"n54117_item_b_sub\"><span style=\"font-family: inherit; font-size: inherit; background-color: var(--body-bg-color); color: var(--body-color); font-weight: var(--body-font-weight,400);\">40 &#8211; 60 \u00b0 C<\/span><\/div>\n<\/td>\n<\/tr>\n<tr>\n<td class=\"n54117_item_a1\">Tyhjennysnopeus<span class=\"n67256colon\">:<\/span><\/td>\n<td class=\"n54117_item_b1\">\n<div class=\"n54117_item_b_sub\">1,5 &#8211;\u00a0 6,5 l \/ min<\/div>\n<\/td>\n<\/tr>\n<tr>\n<td class=\"n54117_item_a2\">Ilmapaine<span class=\"n67256colon\">:<\/span><\/td>\n<td class=\"n54117_item_b2\">\n<div class=\"n54117_item_b_sub\">6 \u2013 8 Bar<\/div>\n<\/td>\n<\/tr>\n<tr>\n<td class=\"n54117_item_a1\">Mukana 6 erikokoista imusondia<span class=\"n67256colon\">:<\/span><\/td>\n<td class=\"n54117_item_b1\">\n<div class=\"n54117_item_b_sub\">2 metalli 6mm\/ 8mm<\/div>\n<p>&nbsp;<\/p>\n<div class=\"n54117_item_b_sub\">4 muovi<\/div>\n<div class=\"n54117_item_b_sub\">(taivutettava)<\/div>\n<div>5mm\/ 5,8mm\/6,2mm\/ 8mm<\/div>\n<\/td>\n<\/tr>\n<tr>\n<td class=\"n54117_item_a2\"><\/td>\n<td class=\"n54117_item_b2\">\n<div class=\"n54117_item_b_sub\"><\/div>\n<\/td>\n<\/tr>\n<tr>\n<td class=\"n54117_item_a1\">Korkeus<span class=\"n67256colon\">:<\/span><\/td>\n<td class=\"n54117_item_b1\">\n<div class=\"n54117_item_b_sub\">130 &#8211; 160 cm<\/div>\n<\/td>\n<\/tr>\n<tr>\n<td class=\"n54117_item_a2\">Takuu<span class=\"n67256colon\">:<\/span><\/td>\n<td class=\"n54117_item_b2\">\n<div class=\"n54117_item_b_sub\">1 vuosi<\/div>\n<\/td>\n<\/tr>\n<tr>\n<td class=\"n54117_item_a1\">CE-hyv\u00e4ksytty:<\/td>\n<td class=\"n54117_item_b1\">\n<div class=\"n54117_item_b_sub\">kyll\u00e4<\/div>\n<\/td>\n<\/tr>\n<tr>\n<td class=\"n54117_item_a2\"><span class=\"n67256colon\">Paino:<\/span><\/td>\n<td class=\"n54117_item_b2\">\n<div class=\"n54117_item_b_sub\">25 kg<\/div>\n<\/td>\n<\/tr>\n<\/tbody>\n<\/table>\n","protected":false},"excerpt":{"rendered":"<p>&nbsp;<\/p>\n<p>&nbsp;<\/p>\n<p><strong>Geko premium \u00f6ljynimuri\u00a0<\/strong><br \/>\nGekon premium-sarjan \u00f6ljynimuri tarjoaa korkean imukapasiteetin, jopa 6,5 l\/min, mik\u00e4 tekee \u00f6ljynvaihdoista moottoreissa, vaihdelaatikoissa ym. vaivattomia.<\/p>\n<ul>\n<li><strong>Suuri ker\u00e4yss\u00e4ili\u00f6<\/strong>: S\u00e4ili\u00f6n tilavuus on 80 litraa, mik\u00e4 mahdollistaa useita \u00f6ljynvaihtoja ilman tyhjent\u00e4mist\u00e4. Tyhjennys tapahtuu nopeasti ja k\u00e4tev\u00e4sti paineilman avulla.<\/li>\n<li><strong>L\u00e4pin\u00e4kyv\u00e4 tarkastuss\u00e4ili\u00f6<\/strong>: 9 litran s\u00e4ili\u00f6 soveltuu t\u00e4ydellisesti \u00f6ljym\u00e4\u00e4r\u00e4n tarkastukseen ja valvontaan.<\/li>\n<li><strong>Manuaalinen tyhjennys<\/strong>: Suuri suppilo, jossa on siivil\u00e4, varmistaa helpon ja turvallisen tyhjennyksen \u00f6ljytulpan kautta.<\/li>\n<li><strong>Joustava ja monipuolinen k\u00e4ytt\u00f6<\/strong>: Mukana 6 erikokoista \u00f6ljysondia ja s\u00e4\u00e4dett\u00e4v\u00e4 korkeus 130\u2013160 cm, mik\u00e4 tekee laitteesta t\u00e4ydellisen useimpien ajoneuvojen \u00f6ljynvaihtoon.<\/li>\n<\/ul>\n<p>&nbsp;<\/p>\n<ul>\n<li><strong>S\u00e4ili\u00f6n tilavuus<\/strong>: 80 litraa<\/li>\n<li><strong>Tarkastuss\u00e4ili\u00f6<\/strong>: 9 litraa<\/li>\n<li><strong>Suppilon tilavuus<\/strong>: 17 litraa<\/li>\n<li><strong>Imuletkut<\/strong>: 6 kpl eri kokoja<\/li>\n<li><strong>S\u00e4\u00e4dett\u00e4v\u00e4 korkeus<\/strong>: 130\u2013160 cm<\/li>\n<\/ul>\n","protected":false},"featured_media":28739,"template":"","meta":{"_acf_changed":false,"_seopress_robots_primary_cat":"none","_seopress_titles_title":"","_seopress_titles_desc":"","_seopress_robots_index":""},"product_cat":[339,341,40],"product_tag":[],"class_list":{"0":"post-28500","1":"product","2":"type-product","3":"status-publish","4":"has-post-thumbnail","6":"product_cat-autotyokalut","7":"product_cat-oljynvaihto","8":"product_cat-korjaamolaitteet","10":"first","11":"instock","12":"taxable","13":"shipping-taxable","14":"purchasable","15":"product-type-simple","swatches":"rey-swatches","show_selected":""},"acf":[],"_links":{"self":[{"href":"https:\/\/toolhouse.fi\/fi\/wp-json\/wp\/v2\/product\/28500","targetHints":{"allow":["GET"]}}],"collection":[{"href":"https:\/\/toolhouse.fi\/fi\/wp-json\/wp\/v2\/product"}],"about":[{"href":"https:\/\/toolhouse.fi\/fi\/wp-json\/wp\/v2\/types\/product"}],"version-history":[{"count":0,"href":"https:\/\/toolhouse.fi\/fi\/wp-json\/wp\/v2\/product\/28500\/revisions"}],"wp:featuredmedia":[{"embeddable":true,"href":"https:\/\/toolhouse.fi\/fi\/wp-json\/wp\/v2\/media\/28739"}],"wp:attachment":[{"href":"https:\/\/toolhouse.fi\/fi\/wp-json\/wp\/v2\/media?parent=28500"}],"wp:term":[{"taxonomy":"product_cat","embeddable":true,"href":"https:\/\/toolhouse.fi\/fi\/wp-json\/wp\/v2\/product_cat?post=28500"},{"taxonomy":"product_tag","embeddable":true,"href":"https:\/\/toolhouse.fi\/fi\/wp-json\/wp\/v2\/product_tag?post=28500"}],"curies":[{"name":"wp","href":"https:\/\/api.w.org\/{rel}","templated":true}]}}