{"id":28508,"date":"2025-09-23T15:51:20","date_gmt":"2025-09-23T12:51:20","guid":{"rendered":"https:\/\/toolhouse.fi\/?post_type=product&#038;p=28508"},"modified":"2025-10-13T10:47:01","modified_gmt":"2025-10-13T07:47:01","slug":"oljynpainemittarisarja-0-35-bar","status":"publish","type":"product","link":"https:\/\/toolhouse.fi\/fi\/tuote\/oljynpainemittarisarja-0-35-bar\/","title":{"rendered":"\u00d6ljynpainemittarisarja 0-35 bar"},"content":{"rendered":"<p><strong>\u00d6ljynpainemittari moottori\u00f6ljyn paineen mittaamiseen bensiini- ja dieselmoottoreista<\/strong><\/p>\n<p><strong>Sis\u00e4lt\u00f6:<\/strong><\/p>\n<ul>\n<li>Mittausalue: 0\u201335 bar \/ 0\u2013500 psi<\/li>\n<li>Joustava letku 600 mm<\/li>\n<li>12 kpl mitta-adaptereita<\/li>\n<li>Mittarin halkaisija: 80 mm<\/li>\n<\/ul>\n<p>&nbsp;<\/p>\n<p><strong>Adapterit:<\/strong><\/p>\n<ul>\n<li>1\/4\u2033-18 NPT x 1\/8\u2033-27 NPT<\/li>\n<li>1\/8\u2033-27 NPT x 1\/8\u2033-27 NPT 90\u00b0 (2x)<\/li>\n<li>1\/8\u2033-28 BSPT x 1\/8\u2033-27 NPT<\/li>\n<li>1\/16\u2033-27 NPT x 1\/8\u2033-18 NPT<\/li>\n<li>M8x1.0 x 1\/8\u2033-18 NPT<\/li>\n<li>M10x1.0 x 1\/8\u2033-18 NPT<\/li>\n<li>1\/4\u2033-18 NPT x 1\/8\u2033-27 NPT<\/li>\n<li>1\/8\u2033-27 NPT x 1\/8\u2033-27 NPT<\/li>\n<li>1\/8\u2033-27 NPT x 1\/8\u2033-27 NPT<\/li>\n<li>3\/8\u2033-18 NPT x 1\/8\u2033-27 NPT<\/li>\n<\/ul>\n<p><strong>Valmistaja:<\/strong> Geko<\/p>\n","protected":false},"excerpt":{"rendered":"<p>\u00d6ljynpainemittari moottori\u00f6ljyn paineen mittaamiseen bensiini- ja dieselmoottoreista Sis\u00e4lt\u00f6: Mittausalue: 0\u201335 bar \/ 0\u2013500 psi Joustava letku 600 mm 12 kpl mitta-adaptereita Mittarin halkaisija: 80 mm &nbsp; Adapterit: 1\/4\u2033-18 NPT x 1\/8\u2033-27 NPT 1\/8\u2033-27 NPT x 1\/8\u2033-27 NPT 90\u00b0 (2x) 1\/8\u2033-28 BSPT x 1\/8\u2033-27 NPT 1\/16\u2033-27 NPT x 1\/8\u2033-18 NPT M8x1.0 x 1\/8\u2033-18 NPT M10x1.0 x [&hellip;]<\/p>\n","protected":false},"featured_media":28515,"template":"","meta":{"_acf_changed":false,"_seopress_robots_primary_cat":"none","_seopress_titles_title":"","_seopress_titles_desc":"","_seopress_robots_index":""},"product_cat":[339,480,40],"product_tag":[],"class_list":{"0":"post-28508","1":"product","2":"type-product","3":"status-publish","4":"has-post-thumbnail","6":"product_cat-autotyokalut","7":"product_cat-moottorityokalut","8":"product_cat-korjaamolaitteet","10":"first","11":"instock","12":"taxable","13":"shipping-taxable","14":"purchasable","15":"product-type-simple","swatches":"rey-swatches","show_selected":""},"acf":[],"_links":{"self":[{"href":"https:\/\/toolhouse.fi\/fi\/wp-json\/wp\/v2\/product\/28508","targetHints":{"allow":["GET"]}}],"collection":[{"href":"https:\/\/toolhouse.fi\/fi\/wp-json\/wp\/v2\/product"}],"about":[{"href":"https:\/\/toolhouse.fi\/fi\/wp-json\/wp\/v2\/types\/product"}],"version-history":[{"count":0,"href":"https:\/\/toolhouse.fi\/fi\/wp-json\/wp\/v2\/product\/28508\/revisions"}],"wp:featuredmedia":[{"embeddable":true,"href":"https:\/\/toolhouse.fi\/fi\/wp-json\/wp\/v2\/media\/28515"}],"wp:attachment":[{"href":"https:\/\/toolhouse.fi\/fi\/wp-json\/wp\/v2\/media?parent=28508"}],"wp:term":[{"taxonomy":"product_cat","embeddable":true,"href":"https:\/\/toolhouse.fi\/fi\/wp-json\/wp\/v2\/product_cat?post=28508"},{"taxonomy":"product_tag","embeddable":true,"href":"https:\/\/toolhouse.fi\/fi\/wp-json\/wp\/v2\/product_tag?post=28508"}],"curies":[{"name":"wp","href":"https:\/\/api.w.org\/{rel}","templated":true}]}}