{"id":28553,"date":"2025-09-16T15:49:06","date_gmt":"2025-09-16T12:49:06","guid":{"rendered":"https:\/\/toolhouse.fi\/?post_type=product&#038;p=28553"},"modified":"2026-04-15T16:18:12","modified_gmt":"2026-04-15T13:18:12","slug":"oljynvaihtopumppu-9l","status":"publish","type":"product","link":"https:\/\/toolhouse.fi\/fi\/tuote\/oljynvaihtopumppu-9l\/","title":{"rendered":"\u00d6ljynvaihtopumppu 9L"},"content":{"rendered":"<p>&nbsp;<\/p>\n<p data-start=\"43\" data-end=\"117\"><strong>Manuaalinen \u00f6ljyn imupumppu 9L \u2013 imee \u00f6ljyn auton \/ veneen moottorista<\/strong><\/p>\n<p data-start=\"43\" data-end=\"117\"><strong>Mukana 4 kpl erilaista imuputkea.<\/strong><\/p>\n<p data-start=\"119\" data-end=\"269\">Tehokas \u00f6ljynimuri moottori\u00f6ljyn ja muiden ei-aggressiivisten nesteiden nopeaan poistoon. Sopii erinomaisesti esimerkiksi auto- ja venemoottoreihin.<\/p>\n<p data-start=\"271\" data-end=\"299\"><strong data-start=\"271\" data-end=\"297\">Tuotteen ominaisuudet:<\/strong><\/p>\n<ul>\n<li data-start=\"302\" data-end=\"333\">Tilavuus: 9 litran s\u00e4ili\u00f6<\/li>\n<li data-start=\"336\" data-end=\"389\">Turvallinen k\u00e4ytt\u00f6: Auto-off kytkin kun s\u00e4ili\u00f6 on t\u00e4ynn\u00e4<\/li>\n<li data-start=\"392\" data-end=\"464\">Monipuolinen k\u00e4ytt\u00f6: Toimitukseen sis\u00e4ltyy 4 imuletkua<\/li>\n<li data-start=\"467\" data-end=\"566\">K\u00e4yt\u00e4nn\u00f6llinen muotoilu: Kevyt ja helposti siirrett\u00e4v\u00e4, helppo k\u00e4ytt\u00e4\u00e4 my\u00f6s ahtaissa tiloissa<\/li>\n<\/ul>\n<p data-start=\"568\" data-end=\"590\"><strong data-start=\"568\" data-end=\"588\">Tekniset tiedot:<\/strong><\/p>\n<ul>\n<li data-start=\"593\" data-end=\"621\">S\u00e4ili\u00f6n tilavuus: 9 litraa<\/li>\n<li data-start=\"624\" data-end=\"640\">Korkeus: 62 cm<\/li>\n<li data-start=\"678\" data-end=\"699\">Muoviset imuletkut:\n<ul data-start=\"702\" data-end=\"777\">\n<li data-start=\"702\" data-end=\"725\">\n<p data-start=\"704\" data-end=\"725\">\u00d84 mm, pituus 90 cm<\/p>\n<\/li>\n<li data-start=\"728\" data-end=\"751\">\n<p data-start=\"730\" data-end=\"751\">\u00d86 mm, pituus 90 cm<\/p>\n<\/li>\n<li data-start=\"754\" data-end=\"777\">\n<p data-start=\"756\" data-end=\"777\">\u00d810 mm, pituus 90 cm (P\u00e4\u00e4sondi)<\/p>\n<\/li>\n<\/ul>\n<\/li>\n<li data-start=\"778\" data-end=\"821\">\n<p data-start=\"780\" data-end=\"821\">Kuparinen imuputki: \u00d84 mm, pituus 60 cm<\/p>\n<\/li>\n<li data-start=\"778\" data-end=\"821\">(p\u00e4\u00e4sondi voidaan liitt\u00e4\u00e4 muihin, kokonaispituus 150 &#8211; 180 cm)<\/li>\n<\/ul>\n<p data-start=\"823\" data-end=\"845\"><strong data-start=\"823\" data-end=\"838\">Valmistaja:<\/strong> Geko<\/p>\n","protected":false},"excerpt":{"rendered":"<p>&nbsp; Manuaalinen \u00f6ljyn imupumppu 9L \u2013 imee \u00f6ljyn auton \/ veneen moottorista Mukana 4 kpl erilaista imuputkea. Tehokas \u00f6ljynimuri moottori\u00f6ljyn ja muiden ei-aggressiivisten nesteiden nopeaan poistoon. Sopii erinomaisesti esimerkiksi auto- ja venemoottoreihin. Tuotteen ominaisuudet: Tilavuus: 9 litran s\u00e4ili\u00f6 Turvallinen k\u00e4ytt\u00f6: Auto-off kytkin kun s\u00e4ili\u00f6 on t\u00e4ynn\u00e4 Monipuolinen k\u00e4ytt\u00f6: Toimitukseen sis\u00e4ltyy 4 imuletkua K\u00e4yt\u00e4nn\u00f6llinen muotoilu: Kevyt [&hellip;]<\/p>\n","protected":false},"featured_media":28561,"template":"","meta":{"_acf_changed":false,"_seopress_robots_primary_cat":"none","_seopress_titles_title":"","_seopress_titles_desc":"","_seopress_robots_index":""},"product_cat":[339,341,40],"product_tag":[],"class_list":{"0":"post-28553","1":"product","2":"type-product","3":"status-publish","4":"has-post-thumbnail","6":"product_cat-autotyokalut","7":"product_cat-oljynvaihto","8":"product_cat-korjaamolaitteet","10":"first","11":"instock","12":"sale","13":"taxable","14":"shipping-taxable","15":"purchasable","16":"product-type-simple","swatches":"rey-swatches","show_selected":""},"acf":[],"_links":{"self":[{"href":"https:\/\/toolhouse.fi\/fi\/wp-json\/wp\/v2\/product\/28553","targetHints":{"allow":["GET"]}}],"collection":[{"href":"https:\/\/toolhouse.fi\/fi\/wp-json\/wp\/v2\/product"}],"about":[{"href":"https:\/\/toolhouse.fi\/fi\/wp-json\/wp\/v2\/types\/product"}],"version-history":[{"count":0,"href":"https:\/\/toolhouse.fi\/fi\/wp-json\/wp\/v2\/product\/28553\/revisions"}],"wp:featuredmedia":[{"embeddable":true,"href":"https:\/\/toolhouse.fi\/fi\/wp-json\/wp\/v2\/media\/28561"}],"wp:attachment":[{"href":"https:\/\/toolhouse.fi\/fi\/wp-json\/wp\/v2\/media?parent=28553"}],"wp:term":[{"taxonomy":"product_cat","embeddable":true,"href":"https:\/\/toolhouse.fi\/fi\/wp-json\/wp\/v2\/product_cat?post=28553"},{"taxonomy":"product_tag","embeddable":true,"href":"https:\/\/toolhouse.fi\/fi\/wp-json\/wp\/v2\/product_tag?post=28553"}],"curies":[{"name":"wp","href":"https:\/\/api.w.org\/{rel}","templated":true}]}}