{"id":28568,"date":"2025-09-16T16:49:28","date_gmt":"2025-09-16T13:49:28","guid":{"rendered":"https:\/\/toolhouse.fi\/?post_type=product&#038;p=28568"},"modified":"2025-11-18T20:38:48","modified_gmt":"2025-11-18T18:38:48","slug":"paineilmatunkki-lyhyt-3500kg","status":"publish","type":"product","link":"https:\/\/toolhouse.fi\/fi\/tuote\/paineilmatunkki-lyhyt-3500kg\/","title":{"rendered":"Paineilmatunkki lyhyt 3500kg"},"content":{"rendered":"<table width=\"641\">\n<tbody>\n<tr>\n<td width=\"317\"><strong>Valmistaja:<\/strong><\/td>\n<td width=\"325\">Geko<\/td>\n<\/tr>\n<tr>\n<td width=\"317\"><strong>Nostokorkeus:<\/strong><\/td>\n<td width=\"325\">400mm<\/td>\n<\/tr>\n<tr>\n<td width=\"317\"><strong>Alin korkeus:<\/strong><\/td>\n<td width=\"325\">132mm<\/td>\n<\/tr>\n<tr>\n<td width=\"317\"><strong>Nostokyky:<\/strong><\/td>\n<td width=\"325\">3500kg<\/td>\n<\/tr>\n<tr>\n<td width=\"317\"><strong>Ilmapussin halk:<\/strong><\/td>\n<td width=\"325\">270mm<\/td>\n<\/tr>\n<tr>\n<td width=\"317\"><strong>Ty\u00f6paine:<\/strong><\/td>\n<td width=\"325\">7-10 bar<\/td>\n<\/tr>\n<tr>\n<td width=\"317\"><strong>Ylipaineventiili:<\/strong><\/td>\n<td width=\"325\">Kyll\u00e4<\/td>\n<\/tr>\n<tr>\n<td width=\"317\"><strong>Pituus:<\/strong><\/td>\n<td width=\"325\">695 mm<\/td>\n<\/tr>\n<tr>\n<td width=\"317\"><b>Paino:<\/b><\/td>\n<td width=\"325\">16kg<\/td>\n<\/tr>\n<tr>\n<td width=\"317\"><b>Ce-hyv\u00e4ksytty:<\/b><\/td>\n<td width=\"325\">Kyll\u00e4<\/td>\n<\/tr>\n<tr>\n<td width=\"317\"><strong>Takuu:<\/strong><\/td>\n<td width=\"325\">1 vuosi<\/td>\n<\/tr>\n<tr>\n<td width=\"317\"><\/td>\n<td width=\"325\"><\/td>\n<\/tr>\n<\/tbody>\n<\/table>\n","protected":false},"excerpt":{"rendered":"<p data-start=\"0\" data-end=\"71\"><strong data-start=\"0\" data-end=\"69\">Geko paineilmatunkki 3,5T Lyhyt malli\u2013 Nopea, turvallinen ja helposti siirrett\u00e4v\u00e4<\/strong><\/p>\n<p data-start=\"73\" data-end=\"198\">Geko 3,5T paljetunkki on tehokas ja k\u00e4tev\u00e4 tunkki, joka nostaa ajoneuvot nopeasti ja turvallisesti 132\u2013400 mm.<\/p>\n<p>&nbsp;<\/p>\n<ul data-start=\"200\" data-end=\"542\">\n<li data-start=\"302\" data-end=\"416\">Vakaa rakenne, paljetunkin sis\u00e4ll\u00e4 on metallinen teleskooppisylinteri, mik\u00e4 vakauttaa noston sivu- ja pystysuunnassa.<\/li>\n<li data-start=\"302\" data-end=\"416\">Suuri pohjalevy takaa tukevan k\u00e4yt\u00f6n sek\u00e4 autotallissa ett\u00e4 ulkona.<\/li>\n<li data-start=\"302\" data-end=\"416\">\n<article class=\"text-token-text-primary w-full focus:outline-none scroll-mt-[calc(var(--header-height)+min(200px,max(70px,20svh)))]\" dir=\"auto\" tabindex=\"-1\" data-turn-id=\"request-68a6f29c-0708-8321-b1a5-23d16144c2bd-33\" data-testid=\"conversation-turn-334\" data-scroll-anchor=\"true\" data-turn=\"assistant\">\n<div class=\"text-base my-auto mx-auto pb-10 [--thread-content-margin:--spacing(4)] thread-sm:[--thread-content-margin:--spacing(6)] thread-lg:[--thread-content-margin:--spacing(16)] px-(--thread-content-margin)\">\n<div class=\"[--thread-content-max-width:40rem] thread-sm:[--thread-content-max-width:40rem] thread-lg:[--thread-content-max-width:48rem] mx-auto max-w-(--thread-content-max-width) flex-1 group\/turn-messages focus-visible:outline-hidden relative flex w-full min-w-0 flex-col agent-turn\" tabindex=\"-1\">\n<div class=\"flex max-w-full flex-col grow\">\n<div class=\"min-h-8 text-message relative flex w-full flex-col items-end gap-2 text-start break-words whitespace-normal [.text-message+&amp;]:mt-5\" dir=\"auto\" data-message-author-role=\"assistant\" data-message-id=\"dfa36ba6-95dd-4e56-9b96-d0440d22915e\" data-message-model-slug=\"gpt-5-mini\">\n<div class=\"flex w-full flex-col gap-1 empty:hidden first:pt-[3px]\">\n<div class=\"markdown prose dark:prose-invert w-full break-words light markdown-new-styling\">\n<p data-start=\"0\" data-end=\"30\" data-is-last-node=\"\" data-is-only-node=\"\">K\u00e4tev\u00e4 malli lyhyell\u00e4 kahvalla.<\/p>\n<\/div>\n<\/div>\n<\/div>\n<\/div>\n<\/div>\n<\/div>\n<\/article>\n<\/li>\n<li data-start=\"417\" data-end=\"474\">Helppo siirt\u00e4\u00e4 nylonpy\u00f6rien ansiosta.<\/li>\n<li data-start=\"417\" data-end=\"474\">Kaksi venttiili\u00e4, tulo- ja poistoaukot varmistavat j\u00e4rjestelm\u00e4n tiiviyden, vaikka irrotat paineilmaletkun kokonaan. Tunkki ei putoa vaikka paineilmaletku irrotettaisi.<\/li>\n<li data-start=\"475\" data-end=\"542\">Tilaa s\u00e4\u00e4st\u00e4v\u00e4 s\u00e4ilytys \u2013 voidaan s\u00e4ilytt\u00e4\u00e4 pystyasennossa.<\/li>\n<\/ul>\n<p data-start=\"544\" data-end=\"621\" data-is-last-node=\"\" data-is-only-node=\"\">\n","protected":false},"featured_media":28587,"template":"","meta":{"_acf_changed":false,"_seopress_robots_primary_cat":"none","_seopress_titles_title":"","_seopress_titles_desc":"","_seopress_robots_index":""},"product_cat":[455,287],"product_tag":[],"class_list":{"0":"post-28568","1":"product","2":"type-product","3":"status-publish","4":"has-post-thumbnail","6":"product_cat-ajoneuvonostimet","7":"product_cat-tunkit-pukit","9":"first","10":"instock","11":"sale","12":"taxable","13":"shipping-taxable","14":"purchasable","15":"product-type-simple","swatches":"rey-swatches","show_selected":""},"acf":[],"_links":{"self":[{"href":"https:\/\/toolhouse.fi\/fi\/wp-json\/wp\/v2\/product\/28568","targetHints":{"allow":["GET"]}}],"collection":[{"href":"https:\/\/toolhouse.fi\/fi\/wp-json\/wp\/v2\/product"}],"about":[{"href":"https:\/\/toolhouse.fi\/fi\/wp-json\/wp\/v2\/types\/product"}],"version-history":[{"count":0,"href":"https:\/\/toolhouse.fi\/fi\/wp-json\/wp\/v2\/product\/28568\/revisions"}],"wp:featuredmedia":[{"embeddable":true,"href":"https:\/\/toolhouse.fi\/fi\/wp-json\/wp\/v2\/media\/28587"}],"wp:attachment":[{"href":"https:\/\/toolhouse.fi\/fi\/wp-json\/wp\/v2\/media?parent=28568"}],"wp:term":[{"taxonomy":"product_cat","embeddable":true,"href":"https:\/\/toolhouse.fi\/fi\/wp-json\/wp\/v2\/product_cat?post=28568"},{"taxonomy":"product_tag","embeddable":true,"href":"https:\/\/toolhouse.fi\/fi\/wp-json\/wp\/v2\/product_tag?post=28568"}],"curies":[{"name":"wp","href":"https:\/\/api.w.org\/{rel}","templated":true}]}}