{"id":28602,"date":"2025-09-17T11:39:13","date_gmt":"2025-09-17T08:39:13","guid":{"rendered":"https:\/\/toolhouse.fi\/?post_type=product&#038;p=28602"},"modified":"2025-09-17T11:57:05","modified_gmt":"2025-09-17T08:57:05","slug":"liukuvasarasarja-navoille-ja-laakereille","status":"publish","type":"product","link":"https:\/\/toolhouse.fi\/fi\/tuote\/liukuvasarasarja-navoille-ja-laakereille\/","title":{"rendered":"Liukuvasarasarja navoille ja laakereille"},"content":{"rendered":"","protected":false},"excerpt":{"rendered":"<p data-start=\"0\" data-end=\"202\">Ulosvetosarja \u2013 soveltuu navoille, hammaspy\u00f6rille, hihnapy\u00f6rille sek\u00e4 sis\u00e4- ja ulkopuolisille laakereille.<br data-start=\"106\" data-end=\"109\" \/>Sarja on valmistettu kest\u00e4v\u00e4st\u00e4, korkealaatuisesta ter\u00e4ksest\u00e4, mik\u00e4 takaa pitk\u00e4n k\u00e4ytt\u00f6i\u00e4n.<\/p>\n<p data-start=\"204\" data-end=\"333\">Tehokas ja monipuolinen ty\u00f6kalu: 2,2 kg liukuvasara on asennettu 58 cm pitk\u00e4\u00e4n varteen, mik\u00e4 tekee ty\u00f6st\u00e4 nopeaa ja vaivatonta.<\/p>\n<p data-start=\"335\" data-end=\"357\"><strong data-start=\"335\" data-end=\"355\">Tekniset tiedot:<\/strong><\/p>\n<ul>\n<li data-start=\"360\" data-end=\"395\">Materiaali: korkealaatuinen ter\u00e4s<\/li>\n<li data-start=\"398\" data-end=\"426\">Liukuvasaran paino: 2,2 kg<\/li>\n<li data-start=\"429\" data-end=\"451\">Varren pituus: 58 cm<\/li>\n<\/ul>\n<p data-start=\"453\" data-end=\"474\"><strong data-start=\"453\" data-end=\"472\">Sarjan sis\u00e4lt\u00f6:<\/strong><\/p>\n<ul>\n<li data-start=\"477\" data-end=\"499\">Liukuvasara varrella<\/li>\n<li data-start=\"502\" data-end=\"529\">2 kpl akselin\/navan ulosvet\u00e4ji\u00e4<\/li>\n<li data-start=\"532\" data-end=\"541\">Sovitin<\/li>\n<li data-start=\"544\" data-end=\"562\">3 kpl ulosvet\u00e4j\u00e4n leukaa<\/li>\n<li data-start=\"485\" data-end=\"522\">Sovitin 2-leukaiselle ulosvet\u00e4j\u00e4lle<\/li>\n<li data-start=\"525\" data-end=\"562\">Sovitin 3-leukaiselle ulosvet\u00e4j\u00e4lle<\/li>\n<li data-start=\"565\" data-end=\"589\"><span style=\"color: #484f56; font-size: 1.125rem;\">Koukkup\u00e4\u00e4<\/span><\/li>\n<li data-start=\"630\" data-end=\"638\">Kaulus<\/li>\n<li data-start=\"641\" data-end=\"648\">Ruuvi<\/li>\n<li data-start=\"651\" data-end=\"666\">3 kpl ruuveja<\/li>\n<\/ul>\n<p data-start=\"668\" data-end=\"691\"><strong data-start=\"668\" data-end=\"683\">Valmistaja:<\/strong> Geko.<\/p>\n","protected":false},"featured_media":28609,"template":"","meta":{"_acf_changed":false,"_seopress_robots_primary_cat":"none","_seopress_titles_title":"","_seopress_titles_desc":"","_seopress_robots_index":""},"product_cat":[481,40,486],"product_tag":[],"class_list":{"0":"post-28602","1":"product","2":"type-product","3":"status-publish","4":"has-post-thumbnail","6":"product_cat-alusta-ja-voimansiirtotyokalut","7":"product_cat-korjaamolaitteet","8":"product_cat-ulosvetajat","10":"first","11":"instock","12":"taxable","13":"shipping-taxable","14":"purchasable","15":"product-type-simple","swatches":"rey-swatches","show_selected":""},"acf":[],"_links":{"self":[{"href":"https:\/\/toolhouse.fi\/fi\/wp-json\/wp\/v2\/product\/28602","targetHints":{"allow":["GET"]}}],"collection":[{"href":"https:\/\/toolhouse.fi\/fi\/wp-json\/wp\/v2\/product"}],"about":[{"href":"https:\/\/toolhouse.fi\/fi\/wp-json\/wp\/v2\/types\/product"}],"version-history":[{"count":0,"href":"https:\/\/toolhouse.fi\/fi\/wp-json\/wp\/v2\/product\/28602\/revisions"}],"wp:featuredmedia":[{"embeddable":true,"href":"https:\/\/toolhouse.fi\/fi\/wp-json\/wp\/v2\/media\/28609"}],"wp:attachment":[{"href":"https:\/\/toolhouse.fi\/fi\/wp-json\/wp\/v2\/media?parent=28602"}],"wp:term":[{"taxonomy":"product_cat","embeddable":true,"href":"https:\/\/toolhouse.fi\/fi\/wp-json\/wp\/v2\/product_cat?post=28602"},{"taxonomy":"product_tag","embeddable":true,"href":"https:\/\/toolhouse.fi\/fi\/wp-json\/wp\/v2\/product_tag?post=28602"}],"curies":[{"name":"wp","href":"https:\/\/api.w.org\/{rel}","templated":true}]}}