{"id":28618,"date":"2025-09-17T14:02:16","date_gmt":"2025-09-17T11:02:16","guid":{"rendered":"https:\/\/toolhouse.fi\/?post_type=product&#038;p=28618"},"modified":"2026-04-17T16:18:21","modified_gmt":"2026-04-17T13:18:21","slug":"pyoranlaakerin-ulosvetaja","status":"publish","type":"product","link":"https:\/\/toolhouse.fi\/fi\/tuote\/pyoranlaakerin-ulosvetaja\/","title":{"rendered":"Py\u00f6r\u00e4nlaakerin ulosvet\u00e4j\u00e4"},"content":{"rendered":"","protected":false},"excerpt":{"rendered":"<p data-start=\"0\" data-end=\"47\"><strong>Ty\u00f6kalusarja napojen ja py\u00f6r\u00e4laakerien purkamiseen ja asentamiseen<\/strong><\/p>\n<p data-start=\"49\" data-end=\"278\"><br data-start=\"60\" data-end=\"63\" \/>Ty\u00f6kalusarja py\u00f6r\u00e4nlaakereiden asennukseen ja irrotukseen ilman jousituksen purkamista. Sopii erinomaisesti laakereiden, puslien ja navan vaihtoon.<\/p>\n<p data-start=\"280\" data-end=\"294\">Sis\u00e4lt\u00f6:<\/p>\n<ul>\n<li data-start=\"297\" data-end=\"331\">Kuulalaakeroitu ulosvetokara, \u00d822 x 275 mm<\/li>\n<li data-start=\"334\" data-end=\"399\">9 adapteria: \u00d855,5 \u2013 59 \u2013 62 \u2013 65 \u2013 66 \u2013 71,5 \u2013 73 \u2013 78 \u2013 84 mm<\/li>\n<li data-start=\"402\" data-end=\"431\">3 vetohylsy\u00e4: \u00d873 \u2013 86 \u2013 91 mm<\/li>\n<li data-start=\"434\" data-end=\"484\">Navapultit: M12 x 1,5 \u2013 3 kpl, M14 x 1,5 \u2013 3 kpl<\/li>\n<\/ul>\n<p data-start=\"648\" data-end=\"668\" data-is-last-node=\"\" data-is-only-node=\"\">Valmistaja: Geko<\/p>\n","protected":false},"featured_media":28623,"template":"","meta":{"_acf_changed":false,"_seopress_robots_primary_cat":"none","_seopress_titles_title":"","_seopress_titles_desc":"","_seopress_robots_index":""},"product_cat":[481,339,40,486],"product_tag":[],"class_list":{"0":"post-28618","1":"product","2":"type-product","3":"status-publish","4":"has-post-thumbnail","6":"product_cat-alusta-ja-voimansiirtotyokalut","7":"product_cat-autotyokalut","8":"product_cat-korjaamolaitteet","9":"product_cat-ulosvetajat","11":"first","12":"outofstock","13":"taxable","14":"shipping-taxable","15":"purchasable","16":"product-type-simple","swatches":"rey-swatches","show_selected":""},"acf":[],"_links":{"self":[{"href":"https:\/\/toolhouse.fi\/fi\/wp-json\/wp\/v2\/product\/28618","targetHints":{"allow":["GET"]}}],"collection":[{"href":"https:\/\/toolhouse.fi\/fi\/wp-json\/wp\/v2\/product"}],"about":[{"href":"https:\/\/toolhouse.fi\/fi\/wp-json\/wp\/v2\/types\/product"}],"version-history":[{"count":0,"href":"https:\/\/toolhouse.fi\/fi\/wp-json\/wp\/v2\/product\/28618\/revisions"}],"wp:featuredmedia":[{"embeddable":true,"href":"https:\/\/toolhouse.fi\/fi\/wp-json\/wp\/v2\/media\/28623"}],"wp:attachment":[{"href":"https:\/\/toolhouse.fi\/fi\/wp-json\/wp\/v2\/media?parent=28618"}],"wp:term":[{"taxonomy":"product_cat","embeddable":true,"href":"https:\/\/toolhouse.fi\/fi\/wp-json\/wp\/v2\/product_cat?post=28618"},{"taxonomy":"product_tag","embeddable":true,"href":"https:\/\/toolhouse.fi\/fi\/wp-json\/wp\/v2\/product_tag?post=28618"}],"curies":[{"name":"wp","href":"https:\/\/api.w.org\/{rel}","templated":true}]}}