{"id":28636,"date":"2025-09-17T15:38:54","date_gmt":"2025-09-17T12:38:54","guid":{"rendered":"https:\/\/toolhouse.fi\/?post_type=product&#038;p=28636"},"modified":"2025-09-17T15:48:42","modified_gmt":"2025-09-17T12:48:42","slug":"oljytulpan-korjaussarja","status":"publish","type":"product","link":"https:\/\/toolhouse.fi\/fi\/tuote\/oljytulpan-korjaussarja\/","title":{"rendered":"\u00d6ljytulpan korjaussarja"},"content":{"rendered":"","protected":false},"excerpt":{"rendered":"<p data-start=\"0\" data-end=\"76\">64-osainen \u00f6ljytulpan korjaussarja, sopii useimpiin automerkkeihin.<\/p>\n<p data-start=\"78\" data-end=\"92\"><strong data-start=\"78\" data-end=\"90\">Sis\u00e4lt\u00f6:<\/strong><\/p>\n<ul>\n<li data-start=\"95\" data-end=\"169\">4 kierretappia\u00a0: M13 x 1,5 mm, M15 x 1,5 mm, M17 x 1,5 mm, M20 x 1,5 mm<\/li>\n<li data-start=\"172\" data-end=\"238\">5 kpl \u00f6ljyproppu M13 x 1,5 mm, ulkoinen 17 mm<\/li>\n<li data-start=\"241\" data-end=\"307\">5 kpl \u00f6ljyproppu M15 x 1,5 mm, ulkoinen 19 mm<\/li>\n<li data-start=\"310\" data-end=\"375\">5 kpl \u00f6ljyproppu M17 x 1,5 mm, kuusiokolo 8 mm<\/li>\n<li data-start=\"378\" data-end=\"444\">5 kpl \u00f6ljyproppu M20 x 1,5 mm, kuusiokolo 10 mm<\/li>\n<li data-start=\"447\" data-end=\"520\">40 kpl alumiinitiivisteet, 10 kpl \/ kokoa: 13, 15, 17, 20 mm<\/li>\n<\/ul>\n<p><strong>Sopii:<\/strong><\/p>\n<ul>\n<li>M12 \u00f6ljytulpan kierre &#8211; k\u00e4yt\u00e4\u00a0 M13x1,5 kierretappia ja \u00f6ljytulppaa<\/li>\n<li>M14 \u00f6ljytulpan kierre &#8211; k\u00e4yt\u00e4\u00a0 M15x1,5 kierretappia ja \u00f6ljytulppaa<\/li>\n<li>M16 \u00f6ljytulpan kierre &#8211; k\u00e4yt\u00e4\u00a0 M17x1,5 kierretappia ja \u00f6ljytulppaa<\/li>\n<li>M18 \u00f6ljytulpan kierre &#8211; k\u00e4yt\u00e4\u00a0 M20x1,5 kierretappia ja \u00f6ljytulppaa<\/li>\n<\/ul>\n<p data-start=\"522\" data-end=\"545\">Valmistaja: Geko<\/p>\n","protected":false},"featured_media":28642,"template":"","meta":{"_acf_changed":false,"_seopress_robots_primary_cat":"","_seopress_titles_title":"","_seopress_titles_desc":"","_seopress_robots_index":""},"product_cat":[339,341,40],"product_tag":[],"class_list":{"0":"post-28636","1":"product","2":"type-product","3":"status-publish","4":"has-post-thumbnail","6":"product_cat-autotyokalut","7":"product_cat-oljynvaihto","8":"product_cat-korjaamolaitteet","10":"first","11":"instock","12":"taxable","13":"shipping-taxable","14":"purchasable","15":"product-type-simple","swatches":"rey-swatches","show_selected":""},"acf":[],"_links":{"self":[{"href":"https:\/\/toolhouse.fi\/fi\/wp-json\/wp\/v2\/product\/28636","targetHints":{"allow":["GET"]}}],"collection":[{"href":"https:\/\/toolhouse.fi\/fi\/wp-json\/wp\/v2\/product"}],"about":[{"href":"https:\/\/toolhouse.fi\/fi\/wp-json\/wp\/v2\/types\/product"}],"version-history":[{"count":0,"href":"https:\/\/toolhouse.fi\/fi\/wp-json\/wp\/v2\/product\/28636\/revisions"}],"wp:featuredmedia":[{"embeddable":true,"href":"https:\/\/toolhouse.fi\/fi\/wp-json\/wp\/v2\/media\/28642"}],"wp:attachment":[{"href":"https:\/\/toolhouse.fi\/fi\/wp-json\/wp\/v2\/media?parent=28636"}],"wp:term":[{"taxonomy":"product_cat","embeddable":true,"href":"https:\/\/toolhouse.fi\/fi\/wp-json\/wp\/v2\/product_cat?post=28636"},{"taxonomy":"product_tag","embeddable":true,"href":"https:\/\/toolhouse.fi\/fi\/wp-json\/wp\/v2\/product_tag?post=28636"}],"curies":[{"name":"wp","href":"https:\/\/api.w.org\/{rel}","templated":true}]}}