{"id":28675,"date":"2025-09-18T14:15:57","date_gmt":"2025-09-18T11:15:57","guid":{"rendered":"https:\/\/toolhouse.fi\/?post_type=product&#038;p=28675"},"modified":"2025-12-24T23:14:10","modified_gmt":"2025-12-24T21:14:10","slug":"tiivistekoukkusarja","status":"publish","type":"product","link":"https:\/\/toolhouse.fi\/fi\/tuote\/tiivistekoukkusarja\/","title":{"rendered":"Tiivistekoukkusarja"},"content":{"rendered":"","protected":false},"excerpt":{"rendered":"<p data-start=\"30\" data-end=\"116\"><strong data-start=\"30\" data-end=\"114\">6-osainen koukkusarja \/ o rengasty\u00f6kalu \u2013 ihanteellinen tiivisteiden, O-renkaiden ym. irrotukseen.<\/strong><\/p>\n<ul>\n<li data-start=\"118\" data-end=\"214\">Materiaalit: karkaistu hiiliter\u00e4s<\/li>\n<li data-start=\"118\" data-end=\"214\">Osien m\u00e4\u00e4r\u00e4: 6<\/li>\n<li data-start=\"118\" data-end=\"214\">Kokonaispituus: 240 mm<\/li>\n<li data-start=\"118\" data-end=\"214\">Valmistaja: Geko<\/li>\n<\/ul>\n","protected":false},"featured_media":28669,"template":"","meta":{"_acf_changed":false,"_seopress_robots_primary_cat":"","_seopress_titles_title":"","_seopress_titles_desc":"","_seopress_robots_index":""},"product_cat":[350,341,40],"product_tag":[],"class_list":{"0":"post-28675","1":"product","2":"type-product","3":"status-publish","4":"has-post-thumbnail","6":"product_cat-muut","7":"product_cat-oljynvaihto","8":"product_cat-korjaamolaitteet","10":"first","11":"instock","12":"taxable","13":"shipping-taxable","14":"purchasable","15":"product-type-simple","swatches":"rey-swatches","show_selected":""},"acf":[],"_links":{"self":[{"href":"https:\/\/toolhouse.fi\/fi\/wp-json\/wp\/v2\/product\/28675","targetHints":{"allow":["GET"]}}],"collection":[{"href":"https:\/\/toolhouse.fi\/fi\/wp-json\/wp\/v2\/product"}],"about":[{"href":"https:\/\/toolhouse.fi\/fi\/wp-json\/wp\/v2\/types\/product"}],"version-history":[{"count":0,"href":"https:\/\/toolhouse.fi\/fi\/wp-json\/wp\/v2\/product\/28675\/revisions"}],"wp:featuredmedia":[{"embeddable":true,"href":"https:\/\/toolhouse.fi\/fi\/wp-json\/wp\/v2\/media\/28669"}],"wp:attachment":[{"href":"https:\/\/toolhouse.fi\/fi\/wp-json\/wp\/v2\/media?parent=28675"}],"wp:term":[{"taxonomy":"product_cat","embeddable":true,"href":"https:\/\/toolhouse.fi\/fi\/wp-json\/wp\/v2\/product_cat?post=28675"},{"taxonomy":"product_tag","embeddable":true,"href":"https:\/\/toolhouse.fi\/fi\/wp-json\/wp\/v2\/product_tag?post=28675"}],"curies":[{"name":"wp","href":"https:\/\/api.w.org\/{rel}","templated":true}]}}