{"id":28795,"date":"2025-09-24T16:08:07","date_gmt":"2025-09-24T13:08:07","guid":{"rendered":"https:\/\/toolhouse.fi\/?post_type=product&#038;p=28795"},"modified":"2026-03-13T12:36:48","modified_gmt":"2026-03-13T10:36:48","slug":"jateoljynkeraaja-70l-geko","status":"publish","type":"product","link":"https:\/\/toolhouse.fi\/fi\/tuote\/jateoljynkeraaja-70l-geko\/","title":{"rendered":"J\u00e4te\u00f6ljynker\u00e4\u00e4j\u00e4 70L Geko"},"content":{"rendered":"<table class=\"n54117_dictionary\">\n<tbody>\n<tr>\n<td class=\"n54117_item_a2\">Valmistaja:<\/td>\n<td class=\"n54117_item_b2\">Geko<\/td>\n<\/tr>\n<tr>\n<td class=\"n54117_item_a1\"><\/td>\n<td class=\"n54117_item_b1\"><\/td>\n<\/tr>\n<tr>\n<td class=\"n54117_item_a2\">Suppilon halk<span class=\"n67256colon\">:<\/span><\/p>\n<p>Suppilon tilavuus:<\/td>\n<td class=\"n54117_item_b2\">\n<div class=\"n54117_item_b_sub\">38 cm<\/div>\n<div>n.14 l<\/div>\n<\/td>\n<\/tr>\n<tr>\n<td class=\"n54117_item_a1\"><\/td>\n<td class=\"n54117_item_b1\"><\/td>\n<\/tr>\n<tr>\n<td class=\"n54117_item_a2\"><span class=\"n67256colon\">\u00d6ljyn l\u00e4mp\u00f6tila:<\/span><\/td>\n<td class=\"n54117_item_b2\">\n<div class=\"n54117_item_b_sub\"><span style=\"font-family: inherit; font-size: inherit; background-color: var(--body-bg-color); color: var(--body-color); font-weight: var(--body-font-weight,400);\">40 &#8211; 80 \u00b0 C<\/span><\/div>\n<\/td>\n<\/tr>\n<tr>\n<td class=\"n54117_item_a1\"><\/td>\n<td class=\"n54117_item_b1\">\n<div class=\"n54117_item_b_sub\"><\/div>\n<\/td>\n<\/tr>\n<tr>\n<td class=\"n54117_item_a2\">Ilmapaine<span class=\"n67256colon\">:<\/span><\/td>\n<td class=\"n54117_item_b2\">\n<div class=\"n54117_item_b_sub\">6 \u2013 8 Bar<\/div>\n<\/td>\n<\/tr>\n<tr>\n<td class=\"n54117_item_a1\"><\/td>\n<td class=\"n54117_item_b1\"><\/td>\n<\/tr>\n<tr>\n<td class=\"n54117_item_a2\"><\/td>\n<td class=\"n54117_item_b2\">\n<div class=\"n54117_item_b_sub\"><\/div>\n<\/td>\n<\/tr>\n<tr>\n<td class=\"n54117_item_a1\">Korkeus<span class=\"n67256colon\">:<\/span><\/td>\n<td class=\"n54117_item_b1\">\n<div class=\"n54117_item_b_sub\">98 &#8211; 152 cm<\/div>\n<\/td>\n<\/tr>\n<tr>\n<td class=\"n54117_item_a2\">Takuu<span class=\"n67256colon\">:<\/span><\/td>\n<td class=\"n54117_item_b2\">\n<div class=\"n54117_item_b_sub\">1 vuosi<\/div>\n<\/td>\n<\/tr>\n<tr>\n<td class=\"n54117_item_a1\">CE-hyv\u00e4ksytty:<\/td>\n<td class=\"n54117_item_b1\">\n<div class=\"n54117_item_b_sub\">kyll\u00e4<\/div>\n<\/td>\n<\/tr>\n<tr>\n<td class=\"n54117_item_a2\"><span class=\"n67256colon\">Paino:<\/span><\/td>\n<td class=\"n54117_item_b2\">\n<div class=\"n54117_item_b_sub\">19 kg<\/div>\n<\/td>\n<\/tr>\n<\/tbody>\n<\/table>\n","protected":false},"excerpt":{"rendered":"<p>&nbsp;<\/p>\n<p>&nbsp;<\/p>\n<p><strong>Geko \u00f6ljyn valutusastia\u00a0tekee \u00f6ljynvaihdosta moottoreissa, vaihteistoissa jne. sek\u00e4 helppoa ett\u00e4 tehokasta.<\/strong><\/p>\n<p>Monipuolinen k\u00e4ytt\u00f6 s\u00e4\u00e4dett\u00e4v\u00e4n korkeuden ansiosta, pienin korkeus vain 98 cm.<\/p>\n<p>&nbsp;<\/p>\n<ul>\n<li>Suuri ker\u00e4yss\u00e4ili\u00f6: S\u00e4ili\u00f6n tilavuus on 70 litraa, mik\u00e4 mahdollistaa useita \u00f6ljynvaihtoja ilman tyhjent\u00e4mist\u00e4. Tyhjennys tapahtuu nopeasti ja k\u00e4tev\u00e4sti paineilman avulla.<\/li>\n<li>Manuaalinen tyhjennys: Suuri, halkaisijaltaan 38 cm:n suppilo, jossa on siivil\u00e4, varmistaa helpon ja turvallisen tyhjennyksen \u00f6ljytulpan kautta.<\/li>\n<li>J\u00e4te\u00f6ljys\u00e4ili\u00f6 tyhjennet\u00e4\u00e4n paineilman avulla.<\/li>\n<\/ul>\n<p>&nbsp;<\/p>\n<ul>\n<li>Tilavuus: 70 litraa<\/li>\n<li>Suppilon tilavuus: 14 litraa<\/li>\n<li>S\u00e4\u00e4dett\u00e4v\u00e4 korkeus: 98\u2013152 cm<\/li>\n<\/ul>\n","protected":false},"featured_media":28817,"template":"","meta":{"_acf_changed":false,"_seopress_robots_primary_cat":"none","_seopress_titles_title":"","_seopress_titles_desc":"","_seopress_robots_index":""},"product_cat":[339,341,40],"product_tag":[],"class_list":{"0":"post-28795","1":"product","2":"type-product","3":"status-publish","4":"has-post-thumbnail","6":"product_cat-autotyokalut","7":"product_cat-oljynvaihto","8":"product_cat-korjaamolaitteet","10":"first","11":"outofstock","12":"taxable","13":"shipping-taxable","14":"purchasable","15":"product-type-simple","swatches":"rey-swatches","show_selected":""},"acf":[],"_links":{"self":[{"href":"https:\/\/toolhouse.fi\/fi\/wp-json\/wp\/v2\/product\/28795","targetHints":{"allow":["GET"]}}],"collection":[{"href":"https:\/\/toolhouse.fi\/fi\/wp-json\/wp\/v2\/product"}],"about":[{"href":"https:\/\/toolhouse.fi\/fi\/wp-json\/wp\/v2\/types\/product"}],"version-history":[{"count":0,"href":"https:\/\/toolhouse.fi\/fi\/wp-json\/wp\/v2\/product\/28795\/revisions"}],"wp:featuredmedia":[{"embeddable":true,"href":"https:\/\/toolhouse.fi\/fi\/wp-json\/wp\/v2\/media\/28817"}],"wp:attachment":[{"href":"https:\/\/toolhouse.fi\/fi\/wp-json\/wp\/v2\/media?parent=28795"}],"wp:term":[{"taxonomy":"product_cat","embeddable":true,"href":"https:\/\/toolhouse.fi\/fi\/wp-json\/wp\/v2\/product_cat?post=28795"},{"taxonomy":"product_tag","embeddable":true,"href":"https:\/\/toolhouse.fi\/fi\/wp-json\/wp\/v2\/product_tag?post=28795"}],"curies":[{"name":"wp","href":"https:\/\/api.w.org\/{rel}","templated":true}]}}