{"id":28849,"date":"2025-09-25T17:27:00","date_gmt":"2025-09-25T14:27:00","guid":{"rendered":"https:\/\/toolhouse.fi\/?post_type=product&#038;p=28849"},"modified":"2025-09-25T18:39:34","modified_gmt":"2025-09-25T15:39:34","slug":"voimahylsysarja-1-11-osaa","status":"publish","type":"product","link":"https:\/\/toolhouse.fi\/fi\/tuote\/voimahylsysarja-1-11-osaa\/","title":{"rendered":"Voimahylsysarja 1&#8243; 11-osaa"},"content":{"rendered":"","protected":false},"excerpt":{"rendered":"<p>&nbsp;<\/p>\n<p>Geko konehylsysarja sis\u00e4lt\u00e4\u00e4: 11 kpl hylsyj\u00e4 1&#8243; karalle.<\/p>\n<p>Hylsyjen koot:<\/p>\n<ul>\n<li><span dir=\"auto\">17mm<\/span><\/li>\n<li><span dir=\"auto\">19mm<\/span><\/li>\n<li><span dir=\"auto\">21mm<\/span><\/li>\n<li><span dir=\"auto\">24mm<\/span><\/li>\n<li><span dir=\"auto\">27mm<\/span><\/li>\n<li><span dir=\"auto\">30mm<\/span><\/li>\n<li><span dir=\"auto\">32mm<\/span><\/li>\n<li><span dir=\"auto\">33mm<\/span><\/li>\n<li><span dir=\"auto\">36mm<\/span><\/li>\n<li><span dir=\"auto\">38mm<\/span><\/li>\n<li><span dir=\"auto\">41mm<\/span><\/li>\n<\/ul>\n<p>&nbsp;<\/p>\n<ul>\n<li>Pituus 78 mm<\/li>\n<li>CRV ter\u00e4s<\/li>\n<li>S\u00e4ilytysrasia<\/li>\n<li>1&#8243; v\u00e4\u00e4nti\u00f6<\/li>\n<li>6 kulmaiset hylsyt<\/li>\n<li>Valmistaja: Geko<\/li>\n<\/ul>\n<p>&nbsp;<\/p>\n","protected":false},"featured_media":28855,"template":"","meta":{"_acf_changed":false,"_seopress_robots_primary_cat":"none","_seopress_titles_title":"","_seopress_titles_desc":"","_seopress_robots_index":""},"product_cat":[487,323,337,40],"product_tag":[],"class_list":{"0":"post-28849","1":"product","2":"type-product","3":"status-publish","4":"has-post-thumbnail","6":"product_cat-hylsytyokalut-vaantotyokalut","7":"product_cat-mutterinvaantimet","8":"product_cat-tyokalut","9":"product_cat-korjaamolaitteet","10":"product_shipping_class-tillbehor-590e","12":"first","13":"instock","14":"taxable","15":"shipping-taxable","16":"purchasable","17":"product-type-simple","swatches":"rey-swatches","show_selected":""},"acf":[],"_links":{"self":[{"href":"https:\/\/toolhouse.fi\/fi\/wp-json\/wp\/v2\/product\/28849","targetHints":{"allow":["GET"]}}],"collection":[{"href":"https:\/\/toolhouse.fi\/fi\/wp-json\/wp\/v2\/product"}],"about":[{"href":"https:\/\/toolhouse.fi\/fi\/wp-json\/wp\/v2\/types\/product"}],"version-history":[{"count":1,"href":"https:\/\/toolhouse.fi\/fi\/wp-json\/wp\/v2\/product\/28849\/revisions"}],"predecessor-version":[{"id":28853,"href":"https:\/\/toolhouse.fi\/fi\/wp-json\/wp\/v2\/product\/28849\/revisions\/28853"}],"wp:featuredmedia":[{"embeddable":true,"href":"https:\/\/toolhouse.fi\/fi\/wp-json\/wp\/v2\/media\/28855"}],"wp:attachment":[{"href":"https:\/\/toolhouse.fi\/fi\/wp-json\/wp\/v2\/media?parent=28849"}],"wp:term":[{"taxonomy":"product_cat","embeddable":true,"href":"https:\/\/toolhouse.fi\/fi\/wp-json\/wp\/v2\/product_cat?post=28849"},{"taxonomy":"product_tag","embeddable":true,"href":"https:\/\/toolhouse.fi\/fi\/wp-json\/wp\/v2\/product_tag?post=28849"}],"curies":[{"name":"wp","href":"https:\/\/api.w.org\/{rel}","templated":true}]}}