{"id":28909,"date":"2025-10-02T11:32:26","date_gmt":"2025-10-02T08:32:26","guid":{"rendered":"https:\/\/toolhouse.fi\/?post_type=product&#038;p=28909"},"modified":"2025-10-02T11:35:06","modified_gmt":"2025-10-02T08:35:06","slug":"voimahylsy-1%e2%80%b3-32mm","status":"publish","type":"product","link":"https:\/\/toolhouse.fi\/fi\/tuote\/voimahylsy-1%e2%80%b3-32mm\/","title":{"rendered":"Voimahylsy 1\u2033 32mm"},"content":{"rendered":"","protected":false},"excerpt":{"rendered":"<p>Geko konehylsy 1\u2033 &#8211; 32 mm<\/p>\n<p>&nbsp;<\/p>\n<ul>\n<li>32 mm<\/li>\n<li>Pituus 78 mm<\/li>\n<li>CRV ter\u00e4s<\/li>\n<li>1\u2033 v\u00e4\u00e4nti\u00f6<\/li>\n<li>6 kulmainen<\/li>\n<li>Valmistaja: Geko<\/li>\n<\/ul>\n","protected":false},"featured_media":28914,"template":"","meta":{"_acf_changed":false,"_seopress_robots_primary_cat":"","_seopress_titles_title":"","_seopress_titles_desc":"","_seopress_robots_index":""},"product_cat":[487,323,337,40],"product_tag":[],"class_list":{"0":"post-28909","1":"product","2":"type-product","3":"status-publish","4":"has-post-thumbnail","6":"product_cat-hylsytyokalut-vaantotyokalut","7":"product_cat-mutterinvaantimet","8":"product_cat-tyokalut","9":"product_cat-korjaamolaitteet","11":"first","12":"instock","13":"taxable","14":"shipping-taxable","15":"purchasable","16":"product-type-simple","swatches":"rey-swatches","show_selected":""},"acf":[],"_links":{"self":[{"href":"https:\/\/toolhouse.fi\/fi\/wp-json\/wp\/v2\/product\/28909","targetHints":{"allow":["GET"]}}],"collection":[{"href":"https:\/\/toolhouse.fi\/fi\/wp-json\/wp\/v2\/product"}],"about":[{"href":"https:\/\/toolhouse.fi\/fi\/wp-json\/wp\/v2\/types\/product"}],"version-history":[{"count":1,"href":"https:\/\/toolhouse.fi\/fi\/wp-json\/wp\/v2\/product\/28909\/revisions"}],"predecessor-version":[{"id":28912,"href":"https:\/\/toolhouse.fi\/fi\/wp-json\/wp\/v2\/product\/28909\/revisions\/28912"}],"wp:featuredmedia":[{"embeddable":true,"href":"https:\/\/toolhouse.fi\/fi\/wp-json\/wp\/v2\/media\/28914"}],"wp:attachment":[{"href":"https:\/\/toolhouse.fi\/fi\/wp-json\/wp\/v2\/media?parent=28909"}],"wp:term":[{"taxonomy":"product_cat","embeddable":true,"href":"https:\/\/toolhouse.fi\/fi\/wp-json\/wp\/v2\/product_cat?post=28909"},{"taxonomy":"product_tag","embeddable":true,"href":"https:\/\/toolhouse.fi\/fi\/wp-json\/wp\/v2\/product_tag?post=28909"}],"curies":[{"name":"wp","href":"https:\/\/api.w.org\/{rel}","templated":true}]}}