{"id":28931,"date":"2025-10-02T15:19:14","date_gmt":"2025-10-02T12:19:14","guid":{"rendered":"https:\/\/toolhouse.fi\/?post_type=product&#038;p=28931"},"modified":"2025-12-23T18:34:41","modified_gmt":"2025-12-23T16:34:41","slug":"suutintesteri-diesel","status":"publish","type":"product","link":"https:\/\/toolhouse.fi\/fi\/tuote\/suutintesteri-diesel\/","title":{"rendered":"Suutintesteri diesel"},"content":{"rendered":"","protected":false},"excerpt":{"rendered":"<p data-start=\"66\" data-end=\"235\"><strong data-start=\"79\" data-end=\"110\">Geko suutin\u00adtesteri 600 bar<\/strong> on ty\u00f6kalu, jolla voidaan testata ja s\u00e4\u00e4t\u00e4\u00e4 suuttimien avautumis\u00adpainetta, ruiskutuskuviota sek\u00e4 tiiviytt\u00e4.<\/p>\n<p data-start=\"237\" data-end=\"431\">Mukana toimitettujen adapterien ansiosta testeri sopii useimpiin autojen, kuorma-autojen ja traktoreiden suuttimiin. Suuri ja selke\u00e4 100 mm painemittari helpottaa tarkkaa mittausta.<\/p>\n<p data-start=\"433\" data-end=\"455\"><strong data-start=\"433\" data-end=\"453\">Tekniset tiedot:<\/strong><\/p>\n<ul>\n<li data-start=\"458\" data-end=\"506\">Mittausalue: 0\u2013600 bar (0\u201360 MPa) \/ 0\u20138000 PSI<\/li>\n<li data-start=\"509\" data-end=\"546\">Suutinadapterit: M12x1,5 ja M14x1,5<\/li>\n<li data-start=\"575\" data-end=\"622\">Kiinnitysrei\u00e4t p\u00f6yt\u00e4kiinnityst\u00e4 varten: \u00d88 mm<\/li>\n<li data-start=\"625\" data-end=\"668\">Diesel\u00ads\u00e4ili\u00f6 integroidulla suodattimella<\/li>\n<li>Painemittari: \u00d8100 mm<\/li>\n<li data-start=\"671\" data-end=\"699\">Paino: 5,5 kg<\/li>\n<li data-start=\"671\" data-end=\"699\">Korkeus:\u00a0370mm<\/li>\n<li data-start=\"701\" data-end=\"723\">Valmistaja: Geko<\/li>\n<\/ul>\n<p>&nbsp;<\/p>\n<article class=\"text-token-text-primary w-full focus:outline-none scroll-mt-[calc(var(--header-height)+min(200px,max(70px,20svh)))]\" dir=\"auto\" tabindex=\"-1\" data-turn-id=\"request-68a6f29c-0708-8321-b1a5-23d16144c2bd-17\" data-testid=\"conversation-turn-538\" data-scroll-anchor=\"true\" data-turn=\"assistant\">\n<div class=\"text-base my-auto mx-auto pb-10 [--thread-content-margin:--spacing(4)] thread-sm:[--thread-content-margin:--spacing(6)] thread-lg:[--thread-content-margin:--spacing(16)] px-(--thread-content-margin)\">\n<div class=\"[--thread-content-max-width:40rem] thread-lg:[--thread-content-max-width:48rem] mx-auto max-w-(--thread-content-max-width) flex-1 group\/turn-messages focus-visible:outline-hidden relative flex w-full min-w-0 flex-col agent-turn\" tabindex=\"-1\">\n<div class=\"flex max-w-full flex-col grow\">\n<div class=\"min-h-8 text-message relative flex w-full flex-col items-end gap-2 text-start break-words whitespace-normal [.text-message+&amp;]:mt-5\" dir=\"auto\" data-message-author-role=\"assistant\" data-message-id=\"72f6af92-56cd-4275-bad0-e2f0129fd26d\" data-message-model-slug=\"gpt-5-mini\">\n<div class=\"flex w-full flex-col gap-1 empty:hidden first:pt-[3px]\">\n<div class=\"markdown prose dark:prose-invert w-full break-words light markdown-new-styling\">\n<p data-start=\"0\" data-end=\"23\" data-is-last-node=\"\" data-is-only-node=\"\">N\u00e4in testeri\u00e4 k\u00e4ytet\u00e4\u00e4n<\/p>\n<\/div>\n<\/div>\n<\/div>\n<\/div>\n<\/div>\n<\/div>\n<\/article>\n<ol>\n<li data-start=\"116\" data-end=\"150\">T\u00e4yt\u00e4 ensin 0,2L diesel\u00f6ljy s\u00e4ili\u00f6\u00f6n.<\/li>\n<li data-start=\"154\" data-end=\"199\">Paina vipua, jotta ilma poistuu laitteesta.<\/li>\n<li data-start=\"203\" data-end=\"316\">Kiinnit\u00e4 korkeapaine dieselputki paikalleen, kunnes diesel\u00f6ljy virtaa tasaisesti ulos ja ilma on poistunut.<\/li>\n<li data-start=\"320\" data-end=\"383\">Paina vipua uudelleen poistaaksesi ilman korkeapaineputkesta.<\/li>\n<li data-start=\"387\" data-end=\"440\">Kiinnit\u00e4 ruiskutussuutin putkeen ja aloita testaus.<\/li>\n<\/ol>\n","protected":false},"featured_media":28942,"template":"","meta":{"_acf_changed":false,"_seopress_robots_primary_cat":"none","_seopress_titles_title":"","_seopress_titles_desc":"","_seopress_robots_index":""},"product_cat":[339,480,40],"product_tag":[],"class_list":{"0":"post-28931","1":"product","2":"type-product","3":"status-publish","4":"has-post-thumbnail","6":"product_cat-autotyokalut","7":"product_cat-moottorityokalut","8":"product_cat-korjaamolaitteet","10":"first","11":"instock","12":"taxable","13":"shipping-taxable","14":"purchasable","15":"product-type-simple","swatches":"rey-swatches","show_selected":""},"acf":[],"_links":{"self":[{"href":"https:\/\/toolhouse.fi\/fi\/wp-json\/wp\/v2\/product\/28931","targetHints":{"allow":["GET"]}}],"collection":[{"href":"https:\/\/toolhouse.fi\/fi\/wp-json\/wp\/v2\/product"}],"about":[{"href":"https:\/\/toolhouse.fi\/fi\/wp-json\/wp\/v2\/types\/product"}],"version-history":[{"count":3,"href":"https:\/\/toolhouse.fi\/fi\/wp-json\/wp\/v2\/product\/28931\/revisions"}],"predecessor-version":[{"id":28949,"href":"https:\/\/toolhouse.fi\/fi\/wp-json\/wp\/v2\/product\/28931\/revisions\/28949"}],"wp:featuredmedia":[{"embeddable":true,"href":"https:\/\/toolhouse.fi\/fi\/wp-json\/wp\/v2\/media\/28942"}],"wp:attachment":[{"href":"https:\/\/toolhouse.fi\/fi\/wp-json\/wp\/v2\/media?parent=28931"}],"wp:term":[{"taxonomy":"product_cat","embeddable":true,"href":"https:\/\/toolhouse.fi\/fi\/wp-json\/wp\/v2\/product_cat?post=28931"},{"taxonomy":"product_tag","embeddable":true,"href":"https:\/\/toolhouse.fi\/fi\/wp-json\/wp\/v2\/product_tag?post=28931"}],"curies":[{"name":"wp","href":"https:\/\/api.w.org\/{rel}","templated":true}]}}