{"id":28984,"date":"2025-10-03T15:13:59","date_gmt":"2025-10-03T12:13:59","guid":{"rendered":"https:\/\/toolhouse.fi\/?post_type=product&#038;p=28984"},"modified":"2025-10-03T15:42:45","modified_gmt":"2025-10-03T12:42:45","slug":"sytytystulppahylsy-tvardy-16-mm-1-2","status":"publish","type":"product","link":"https:\/\/toolhouse.fi\/fi\/tuote\/sytytystulppahylsy-tvardy-16-mm-1-2\/","title":{"rendered":"Sytytystulppahylsy Tvardy 16 mm 1\/2&#8243;"},"content":{"rendered":"","protected":false},"excerpt":{"rendered":"<p class=\"\" data-start=\"0\" data-end=\"71\"><span style=\"color: #333333;\">Ohutsein\u00e4inen sytytystulppahylsy 16mm, varustettu sis\u00e4puolisella uritetulla kumiholkilla, joka tarttuu tulppaan sek\u00e4 keskelt\u00e4 ett\u00e4 ylh\u00e4\u00e4lt\u00e4. T\u00e4m\u00e4 helpottaa sytytystulpan asennusta ja irrotusta.<\/span><\/p>\n<div class=\"pointer-events-none h-px w-px\" aria-hidden=\"true\" data-edge=\"true\"><\/div>\n<ul>\n<li><span style=\"color: #333333;\">Koko: 16 mm<\/span><\/li>\n<li data-start=\"75\" data-end=\"100\"><span style=\"color: #333333;\">V\u00e4\u00e4nti\u00f6: 1\/2&#8243;<\/span><\/li>\n<li data-start=\"103\" data-end=\"117\"><span style=\"color: #333333;\">6-kulmainen<\/span><\/li>\n<li data-start=\"120\" data-end=\"158\"><span style=\"color: #333333;\">Valmistettu kromivanadiiniter\u00e4ksest\u00e4 CRV 50BV30<\/span><\/li>\n<li data-start=\"161\" data-end=\"177\"><span style=\"color: #333333;\">Valmistaja: Tvardy<\/span><\/li>\n<\/ul>\n","protected":false},"featured_media":28988,"template":"","meta":{"_acf_changed":false,"_seopress_robots_primary_cat":"none","_seopress_titles_title":"","_seopress_titles_desc":"","_seopress_robots_index":""},"product_cat":[487,480,40],"product_tag":[],"class_list":{"0":"post-28984","1":"product","2":"type-product","3":"status-publish","4":"has-post-thumbnail","6":"product_cat-hylsytyokalut-vaantotyokalut","7":"product_cat-moottorityokalut","8":"product_cat-korjaamolaitteet","10":"first","11":"instock","12":"taxable","13":"shipping-taxable","14":"purchasable","15":"product-type-simple","swatches":"rey-swatches","show_selected":""},"acf":[],"_links":{"self":[{"href":"https:\/\/toolhouse.fi\/fi\/wp-json\/wp\/v2\/product\/28984","targetHints":{"allow":["GET"]}}],"collection":[{"href":"https:\/\/toolhouse.fi\/fi\/wp-json\/wp\/v2\/product"}],"about":[{"href":"https:\/\/toolhouse.fi\/fi\/wp-json\/wp\/v2\/types\/product"}],"version-history":[{"count":2,"href":"https:\/\/toolhouse.fi\/fi\/wp-json\/wp\/v2\/product\/28984\/revisions"}],"predecessor-version":[{"id":28992,"href":"https:\/\/toolhouse.fi\/fi\/wp-json\/wp\/v2\/product\/28984\/revisions\/28992"}],"wp:featuredmedia":[{"embeddable":true,"href":"https:\/\/toolhouse.fi\/fi\/wp-json\/wp\/v2\/media\/28988"}],"wp:attachment":[{"href":"https:\/\/toolhouse.fi\/fi\/wp-json\/wp\/v2\/media?parent=28984"}],"wp:term":[{"taxonomy":"product_cat","embeddable":true,"href":"https:\/\/toolhouse.fi\/fi\/wp-json\/wp\/v2\/product_cat?post=28984"},{"taxonomy":"product_tag","embeddable":true,"href":"https:\/\/toolhouse.fi\/fi\/wp-json\/wp\/v2\/product_tag?post=28984"}],"curies":[{"name":"wp","href":"https:\/\/api.w.org\/{rel}","templated":true}]}}