{"id":29044,"date":"2025-10-07T11:20:26","date_gmt":"2025-10-07T08:20:26","guid":{"rendered":"https:\/\/toolhouse.fi\/?post_type=product&#038;p=29044"},"modified":"2026-03-15T19:27:51","modified_gmt":"2026-03-15T17:27:51","slug":"geko-sakset-230mm","status":"publish","type":"product","link":"https:\/\/toolhouse.fi\/fi\/tuote\/geko-sakset-230mm\/","title":{"rendered":"Geko sakset 230mm"},"content":{"rendered":"","protected":false},"excerpt":{"rendered":"<article class=\"text-token-text-primary w-full focus:outline-none scroll-mt-[calc(var(--header-height)+min(200px,max(70px,20svh)))]\" dir=\"auto\" tabindex=\"-1\" data-turn-id=\"request-68a6f29c-0708-8321-b1a5-23d16144c2bd-43\" data-testid=\"conversation-turn-588\" data-scroll-anchor=\"true\" data-turn=\"assistant\">\n<div class=\"text-base my-auto mx-auto pb-10 [--thread-content-margin:--spacing(4)] thread-sm:[--thread-content-margin:--spacing(6)] thread-lg:[--thread-content-margin:--spacing(16)] px-(--thread-content-margin)\">\n<div class=\"[--thread-content-max-width:40rem] thread-lg:[--thread-content-max-width:48rem] mx-auto max-w-(--thread-content-max-width) flex-1 group\/turn-messages focus-visible:outline-hidden relative flex w-full min-w-0 flex-col agent-turn\" tabindex=\"-1\">\n<div class=\"flex max-w-full flex-col grow\">\n<div class=\"min-h-8 text-message relative flex w-full flex-col items-end gap-2 text-start break-words whitespace-normal [.text-message+&amp;]:mt-5\" dir=\"auto\" data-message-author-role=\"assistant\" data-message-id=\"184217ad-469d-40fb-be34-4cb2fd304cf8\" data-message-model-slug=\"gpt-5\">\n<div class=\"flex w-full flex-col gap-1 empty:hidden first:pt-[3px]\">\n<div class=\"markdown prose dark:prose-invert w-full break-words light markdown-new-styling\">\n<p data-start=\"0\" data-end=\"176\">Vahvat Geko-sakset, valmistettu ruostumattomasta 2Cr13-ter\u00e4ksest\u00e4. Kokonaispituus 230 mm ja ter\u00e4n paksuus 2,5 mm tarjoavat kest\u00e4vyytt\u00e4 ja tarkkuutta kaikkiin arjen teht\u00e4viin.<\/p>\n<p data-start=\"178\" data-end=\"196\">Tekniset tiedot:<\/p>\n<ul>\n<li data-start=\"198\" data-end=\"342\">Ter\u00e4materiaali: ruostumaton 2Cr13-ter\u00e4s<\/li>\n<li data-start=\"198\" data-end=\"342\">Ter\u00e4n paksuus: 2,5 mm<\/li>\n<li data-start=\"198\" data-end=\"342\">Kokonaispituus: 230 mm<\/li>\n<li data-start=\"198\" data-end=\"342\">Kahva: PP (polypropeeni) ja TPR (termoplastinen kumi)<\/li>\n<\/ul>\n<\/div>\n<\/div>\n<\/div>\n<\/div>\n<div class=\"z-0 flex min-h-[46px] justify-start\"><\/div>\n<div class=\"mt-3 w-full empty:hidden\">\n<div class=\"text-center\"><\/div>\n<\/div>\n<\/div>\n<\/div>\n<\/article>\n<div class=\"pointer-events-none h-px w-px\" aria-hidden=\"true\" data-edge=\"true\"><\/div>\n","protected":false},"featured_media":29049,"template":"","meta":{"_acf_changed":false,"_seopress_robots_primary_cat":"","_seopress_titles_title":"","_seopress_titles_desc":"","_seopress_robots_index":""},"product_cat":[488,350,337,40],"product_tag":[],"class_list":{"0":"post-29044","1":"product","2":"type-product","3":"status-publish","4":"has-post-thumbnail","6":"product_cat-kasityokalut","7":"product_cat-muut","8":"product_cat-tyokalut","9":"product_cat-korjaamolaitteet","11":"first","12":"instock","13":"taxable","14":"shipping-taxable","15":"purchasable","16":"product-type-simple","swatches":"rey-swatches","show_selected":""},"acf":[],"_links":{"self":[{"href":"https:\/\/toolhouse.fi\/fi\/wp-json\/wp\/v2\/product\/29044","targetHints":{"allow":["GET"]}}],"collection":[{"href":"https:\/\/toolhouse.fi\/fi\/wp-json\/wp\/v2\/product"}],"about":[{"href":"https:\/\/toolhouse.fi\/fi\/wp-json\/wp\/v2\/types\/product"}],"version-history":[{"count":1,"href":"https:\/\/toolhouse.fi\/fi\/wp-json\/wp\/v2\/product\/29044\/revisions"}],"predecessor-version":[{"id":29047,"href":"https:\/\/toolhouse.fi\/fi\/wp-json\/wp\/v2\/product\/29044\/revisions\/29047"}],"wp:featuredmedia":[{"embeddable":true,"href":"https:\/\/toolhouse.fi\/fi\/wp-json\/wp\/v2\/media\/29049"}],"wp:attachment":[{"href":"https:\/\/toolhouse.fi\/fi\/wp-json\/wp\/v2\/media?parent=29044"}],"wp:term":[{"taxonomy":"product_cat","embeddable":true,"href":"https:\/\/toolhouse.fi\/fi\/wp-json\/wp\/v2\/product_cat?post=29044"},{"taxonomy":"product_tag","embeddable":true,"href":"https:\/\/toolhouse.fi\/fi\/wp-json\/wp\/v2\/product_tag?post=29044"}],"curies":[{"name":"wp","href":"https:\/\/api.w.org\/{rel}","templated":true}]}}