{"id":29087,"date":"2025-10-09T14:37:42","date_gmt":"2025-10-09T11:37:42","guid":{"rendered":"https:\/\/toolhouse.fi\/?post_type=product&#038;p=29087"},"modified":"2025-10-09T15:38:29","modified_gmt":"2025-10-09T12:38:29","slug":"maaliruisku-550w-230v","status":"publish","type":"product","link":"https:\/\/toolhouse.fi\/fi\/tuote\/maaliruisku-550w-230v\/","title":{"rendered":"Maaliruisku 550W 230V"},"content":{"rendered":"","protected":false},"excerpt":{"rendered":"<article class=\"text-token-text-primary w-full focus:outline-none scroll-mt-[calc(var(--header-height)+min(200px,max(70px,20svh)))]\" dir=\"auto\" tabindex=\"-1\" data-turn-id=\"dcaa8495-8a42-4fd1-bd70-3547a401602f\" data-testid=\"conversation-turn-596\" data-scroll-anchor=\"true\" data-turn=\"assistant\">\n<div class=\"text-base my-auto mx-auto pb-10 [--thread-content-margin:--spacing(4)] thread-sm:[--thread-content-margin:--spacing(6)] thread-lg:[--thread-content-margin:--spacing(16)] px-(--thread-content-margin)\">\n<div class=\"[--thread-content-max-width:40rem] thread-lg:[--thread-content-max-width:48rem] mx-auto max-w-(--thread-content-max-width) flex-1 group\/turn-messages focus-visible:outline-hidden relative flex w-full min-w-0 flex-col agent-turn\" tabindex=\"-1\">\n<div class=\"flex max-w-full flex-col grow\">\n<div class=\"min-h-8 text-message relative flex w-full flex-col items-end gap-2 text-start break-words whitespace-normal [.text-message+&amp;]:mt-5\" dir=\"auto\" data-message-author-role=\"assistant\" data-message-id=\"1370e621-963d-4c3a-91bf-1719b1b7815b\" data-message-model-slug=\"gpt-5\">\n<div class=\"flex w-full flex-col gap-1 empty:hidden first:pt-[3px]\">\n<div class=\"markdown prose dark:prose-invert w-full break-words light markdown-new-styling\">\n<p data-start=\"0\" data-end=\"167\">Tehokas s\u00e4hk\u00f6k\u00e4ytt\u00f6inen maaliruisku, joka soveltuu kaikille maalityypeille. Portaaton ilman ja maalin s\u00e4\u00e4t\u00f6 sek\u00e4 kolme erikokoista suutinta takaavat tasaisen ja siistin maalipinnan.<\/p>\n<p data-start=\"169\" data-end=\"258\">Eritt\u00e4in helppo purkaa ja puhdistaa \u2013 moottoriyksikk\u00f6 on helposti irrotettavissa..<\/p>\n<p data-start=\"260\" data-end=\"282\"><strong data-start=\"260\" data-end=\"280\">Tekniset tiedot:<\/strong><\/p>\n<ul>\n<li data-start=\"285\" data-end=\"298\">Teho: 550 W<\/li>\n<li data-start=\"301\" data-end=\"317\">J\u00e4nnite: 230 V<\/li>\n<li data-start=\"320\" data-end=\"347\">S\u00e4ili\u00f6n tilavuus: 1000 ml<\/li>\n<li data-start=\"350\" data-end=\"386\">Keskim\u00e4\u00e4r\u00e4inen virtaama: 200 ml\/min<\/li>\n<li data-start=\"389\" data-end=\"429\">Portaaton maalin ja ilman m\u00e4\u00e4r\u00e4n s\u00e4\u00e4t\u00f6<\/li>\n<li data-start=\"432\" data-end=\"461\">Irrotettava moottoriyksikk\u00f6<\/li>\n<li data-start=\"464\" data-end=\"495\">Viskositeetti: 80 din\/s (max)<\/li>\n<li data-start=\"498\" data-end=\"542\">Kapasiteetti: 15 m\u00b2 \/ 10 min<\/li>\n<li data-start=\"545\" data-end=\"580\">Suuttimet: 1,0 mm, 1,8 mm, 2,5 mm<\/li>\n<li data-start=\"583\" data-end=\"606\">Johdon pituus: 180 cm<\/li>\n<li data-start=\"609\" data-end=\"625\">Paino: 1,25 kg<\/li>\n<li data-start=\"628\" data-end=\"655\">Mitat: 280 \u00d7 125 \u00d7 274 mm<\/li>\n<li data-start=\"658\" data-end=\"678\">Valmistaja: Geko<\/li>\n<\/ul>\n<\/div>\n<\/div>\n<\/div>\n<\/div>\n<div class=\"z-0 flex min-h-[46px] justify-start\"><\/div>\n<div class=\"mt-3 w-full empty:hidden\">\n<div class=\"text-center\"><\/div>\n<\/div>\n<\/div>\n<\/div>\n<\/article>\n<div class=\"pointer-events-none h-px w-px\" aria-hidden=\"true\" data-edge=\"true\"><\/div>\n","protected":false},"featured_media":29097,"template":"","meta":{"_acf_changed":false,"_seopress_robots_primary_cat":"","_seopress_titles_title":"","_seopress_titles_desc":"","_seopress_robots_index":""},"product_cat":[483,350,40],"product_tag":[],"class_list":{"0":"post-29087","1":"product","2":"type-product","3":"status-publish","4":"has-post-thumbnail","6":"product_cat-korityokalut","7":"product_cat-muut","8":"product_cat-korjaamolaitteet","10":"first","11":"instock","12":"taxable","13":"shipping-taxable","14":"purchasable","15":"product-type-simple","swatches":"rey-swatches","show_selected":""},"acf":[],"_links":{"self":[{"href":"https:\/\/toolhouse.fi\/fi\/wp-json\/wp\/v2\/product\/29087","targetHints":{"allow":["GET"]}}],"collection":[{"href":"https:\/\/toolhouse.fi\/fi\/wp-json\/wp\/v2\/product"}],"about":[{"href":"https:\/\/toolhouse.fi\/fi\/wp-json\/wp\/v2\/types\/product"}],"version-history":[{"count":2,"href":"https:\/\/toolhouse.fi\/fi\/wp-json\/wp\/v2\/product\/29087\/revisions"}],"predecessor-version":[{"id":29091,"href":"https:\/\/toolhouse.fi\/fi\/wp-json\/wp\/v2\/product\/29087\/revisions\/29091"}],"wp:featuredmedia":[{"embeddable":true,"href":"https:\/\/toolhouse.fi\/fi\/wp-json\/wp\/v2\/media\/29097"}],"wp:attachment":[{"href":"https:\/\/toolhouse.fi\/fi\/wp-json\/wp\/v2\/media?parent=29087"}],"wp:term":[{"taxonomy":"product_cat","embeddable":true,"href":"https:\/\/toolhouse.fi\/fi\/wp-json\/wp\/v2\/product_cat?post=29087"},{"taxonomy":"product_tag","embeddable":true,"href":"https:\/\/toolhouse.fi\/fi\/wp-json\/wp\/v2\/product_tag?post=29087"}],"curies":[{"name":"wp","href":"https:\/\/api.w.org\/{rel}","templated":true}]}}