{"id":29113,"date":"2025-10-10T11:21:29","date_gmt":"2025-10-10T08:21:29","guid":{"rendered":"https:\/\/toolhouse.fi\/?post_type=product&#038;p=29113"},"modified":"2025-10-10T16:39:10","modified_gmt":"2025-10-10T13:39:10","slug":"renkaansidontaliina-4kpl-50mm-4t-3m","status":"publish","type":"product","link":"https:\/\/toolhouse.fi\/fi\/tuote\/renkaansidontaliina-4kpl-50mm-4t-3m\/","title":{"rendered":"Renkaansidontaliina 4KPL &#8211; 50mm\/4T\/3M"},"content":{"rendered":"<article class=\"text-token-text-primary w-full focus:outline-none scroll-mt-[calc(var(--header-height)+min(200px,max(70px,20svh)))]\" dir=\"auto\" tabindex=\"-1\" data-turn-id=\"request-68a6f29c-0708-8321-b1a5-23d16144c2bd-53\" data-testid=\"conversation-turn-606\" data-scroll-anchor=\"true\" data-turn=\"assistant\">\n<div class=\"text-base my-auto mx-auto pb-10 [--thread-content-margin:--spacing(4)] thread-sm:[--thread-content-margin:--spacing(6)] thread-lg:[--thread-content-margin:--spacing(16)] px-(--thread-content-margin)\">\n<div class=\"[--thread-content-max-width:40rem] thread-lg:[--thread-content-max-width:48rem] mx-auto max-w-(--thread-content-max-width) flex-1 group\/turn-messages focus-visible:outline-hidden relative flex w-full min-w-0 flex-col agent-turn\" tabindex=\"-1\">\n<div class=\"flex max-w-full flex-col grow\">\n<div class=\"min-h-8 text-message relative flex w-full flex-col items-end gap-2 text-start break-words whitespace-normal [.text-message+&amp;]:mt-5\" dir=\"auto\" data-message-author-role=\"assistant\" data-message-id=\"8c3259f5-67cd-453c-877f-2b9291a788fb\" data-message-model-slug=\"gpt-5\">\n<div class=\"flex w-full flex-col gap-1 empty:hidden first:pt-[3px]\">\n<div class=\"markdown prose dark:prose-invert w-full break-words light markdown-new-styling\">\n<p data-start=\"0\" data-end=\"100\">Renkaansidontaliinat, joita k\u00e4ytet\u00e4\u00e4n ajoneuvojen kiinnitt\u00e4miseen per\u00e4vaunuihin. 3 m \/ 4 T \/ 50 mm<\/p>\n<p data-start=\"102\" data-end=\"132\">Myyd\u00e4\u00e4n 4 kappaleen settin\u00e4.<\/p>\n<p data-start=\"134\" data-end=\"156\"><strong data-start=\"134\" data-end=\"154\">Tekniset tiedot:<\/strong><\/p>\n<ul>\n<li data-start=\"159\" data-end=\"179\">Hihnan pituus: 3 m<\/li>\n<li data-start=\"182\" data-end=\"204\">Hihnan leveys: 50 mm<\/li>\n<li data-start=\"207\" data-end=\"229\">Kest\u00e4vyys: 4000 kg<\/li>\n<li data-start=\"265\" data-end=\"280\">Koukut: Kyll\u00e4<\/li>\n<li data-start=\"283\" data-end=\"313\">Materiaali: 100 % polyesteri<\/li>\n<li data-start=\"316\" data-end=\"358\">T\u00e4ytt\u00e4\u00e4 standardin EN12195-2 vaatimukset<\/li>\n<li data-start=\"316\" data-end=\"358\">Paino: 7,9 kg<\/li>\n<li data-start=\"361\" data-end=\"379\">Valmistaja: Geko<\/li>\n<\/ul>\n<p data-start=\"381\" data-end=\"429\" data-is-last-node=\"\" data-is-only-node=\"\">Pakkauksessa 4 kappaletta renkaansidontahihnoja.<\/p>\n<\/div>\n<\/div>\n<\/div>\n<\/div>\n<div class=\"z-0 flex min-h-[46px] justify-start\"><\/div>\n<div class=\"mt-3 w-full empty:hidden\">\n<div class=\"text-center\"><\/div>\n<\/div>\n<\/div>\n<\/div>\n<\/article>\n<div class=\"pointer-events-none h-px w-px\" aria-hidden=\"true\" data-edge=\"true\"><\/div>\n","protected":false},"excerpt":{"rendered":"<p>Renkaansidontaliinat, joita k\u00e4ytet\u00e4\u00e4n ajoneuvojen kiinnitt\u00e4miseen per\u00e4vaunuihin. 3 m \/ 4 T \/ 50 mm Myyd\u00e4\u00e4n 4 kappaleen settin\u00e4. Tekniset tiedot: Hihnan pituus: 3 m Hihnan leveys: 50 mm Kest\u00e4vyys: 4000 kg Koukut: Kyll\u00e4 Materiaali: 100 % polyesteri T\u00e4ytt\u00e4\u00e4 standardin EN12195-2 vaatimukset Paino: 7,9 kg Valmistaja: Geko Pakkauksessa 4 kappaletta renkaansidontahihnoja.<\/p>\n","protected":false},"featured_media":29121,"template":"","meta":{"_acf_changed":false,"_seopress_robots_primary_cat":"none","_seopress_titles_title":"","_seopress_titles_desc":"","_seopress_robots_index":""},"product_cat":[339,350,40],"product_tag":[],"class_list":{"0":"post-29113","1":"product","2":"type-product","3":"status-publish","4":"has-post-thumbnail","6":"product_cat-autotyokalut","7":"product_cat-muut","8":"product_cat-korjaamolaitteet","10":"first","11":"instock","12":"taxable","13":"shipping-taxable","14":"purchasable","15":"product-type-simple","swatches":"rey-swatches","show_selected":""},"acf":[],"_links":{"self":[{"href":"https:\/\/toolhouse.fi\/fi\/wp-json\/wp\/v2\/product\/29113","targetHints":{"allow":["GET"]}}],"collection":[{"href":"https:\/\/toolhouse.fi\/fi\/wp-json\/wp\/v2\/product"}],"about":[{"href":"https:\/\/toolhouse.fi\/fi\/wp-json\/wp\/v2\/types\/product"}],"version-history":[{"count":2,"href":"https:\/\/toolhouse.fi\/fi\/wp-json\/wp\/v2\/product\/29113\/revisions"}],"predecessor-version":[{"id":29159,"href":"https:\/\/toolhouse.fi\/fi\/wp-json\/wp\/v2\/product\/29113\/revisions\/29159"}],"wp:featuredmedia":[{"embeddable":true,"href":"https:\/\/toolhouse.fi\/fi\/wp-json\/wp\/v2\/media\/29121"}],"wp:attachment":[{"href":"https:\/\/toolhouse.fi\/fi\/wp-json\/wp\/v2\/media?parent=29113"}],"wp:term":[{"taxonomy":"product_cat","embeddable":true,"href":"https:\/\/toolhouse.fi\/fi\/wp-json\/wp\/v2\/product_cat?post=29113"},{"taxonomy":"product_tag","embeddable":true,"href":"https:\/\/toolhouse.fi\/fi\/wp-json\/wp\/v2\/product_tag?post=29113"}],"curies":[{"name":"wp","href":"https:\/\/api.w.org\/{rel}","templated":true}]}}