{"id":29174,"date":"2025-10-13T14:11:30","date_gmt":"2025-10-13T11:11:30","guid":{"rendered":"https:\/\/toolhouse.fi\/?post_type=product&#038;p=29174"},"modified":"2025-10-13T14:26:01","modified_gmt":"2025-10-13T11:26:01","slug":"aluvannehylsysarja-1-2-17-19-21mm-geko","status":"publish","type":"product","link":"https:\/\/toolhouse.fi\/fi\/tuote\/aluvannehylsysarja-1-2-17-19-21mm-geko\/","title":{"rendered":"Aluvannehylsysarja 1\/2&#8243; 17\/19\/21MM Geko"},"content":{"rendered":"","protected":false},"excerpt":{"rendered":"<p>Geko aluvannehylsysarja on suunniteltu alumiinivanteiden pulttien ja muttereiden irrotukseen. Hylsyjen muovisuojus suojelee vanteita naarmuuntumiselta.<\/p>\n<p>Hylsyjen koot: 17, 19 ja 21 mm<\/p>\n<p>&nbsp;<\/p>\n<table border=\"0\" width=\"587\" cellspacing=\"0\" cellpadding=\"2\">\n<tbody>\n<tr>\n<td width=\"258\"><b>Valmistaja :<\/b><\/td>\n<td width=\"322\">Geko<\/td>\n<\/tr>\n<tr>\n<td bgcolor=\"#f1f1f1\" width=\"258\"><b>Materiaali :<\/b><\/td>\n<td bgcolor=\"#f1f1f1\" width=\"322\">CrV ter\u00e4s<\/td>\n<\/tr>\n<tr>\n<td width=\"258\"><b>Hylsyjen koot :<\/b><\/td>\n<td width=\"322\">17, 19, 21 mm<\/td>\n<\/tr>\n<tr>\n<td bgcolor=\"#f1f1f1\" width=\"258\"><b>Hylsyjen pituus :<\/b><\/td>\n<td bgcolor=\"#f1f1f1\" width=\"322\">78 mm<\/td>\n<\/tr>\n<tr>\n<td width=\"258\"><strong>V\u00e4\u00e4nti\u00f6 :\u00a0<\/strong><\/td>\n<td width=\"322\">1\/2&#8243;<\/td>\n<\/tr>\n<tr>\n<td bgcolor=\"#f1f1f1\" width=\"258\"><\/td>\n<td bgcolor=\"#f1f1f1\" width=\"322\"><\/td>\n<\/tr>\n<tr>\n<td width=\"258\"><\/td>\n<td width=\"322\"><\/td>\n<\/tr>\n<\/tbody>\n<\/table>\n<p>&nbsp;<\/p>\n","protected":false},"featured_media":29176,"template":"","meta":{"_acf_changed":false,"_seopress_robots_primary_cat":"none","_seopress_titles_title":"","_seopress_titles_desc":"","_seopress_robots_index":""},"product_cat":[339,487,485,323,163,337,40],"product_tag":[],"class_list":{"0":"post-29174","1":"product","2":"type-product","3":"status-publish","4":"has-post-thumbnail","6":"product_cat-autotyokalut","7":"product_cat-hylsytyokalut-vaantotyokalut","8":"product_cat-momenttiavaimet","9":"product_cat-mutterinvaantimet","10":"product_cat-rengaskoneiden-tarvikkeet","11":"product_cat-tyokalut","12":"product_cat-korjaamolaitteet","13":"product_shipping_class-tillbehor-590e","15":"first","16":"instock","17":"taxable","18":"shipping-taxable","19":"purchasable","20":"product-type-simple","swatches":"rey-swatches","show_selected":""},"acf":[],"_links":{"self":[{"href":"https:\/\/toolhouse.fi\/fi\/wp-json\/wp\/v2\/product\/29174","targetHints":{"allow":["GET"]}}],"collection":[{"href":"https:\/\/toolhouse.fi\/fi\/wp-json\/wp\/v2\/product"}],"about":[{"href":"https:\/\/toolhouse.fi\/fi\/wp-json\/wp\/v2\/types\/product"}],"version-history":[{"count":2,"href":"https:\/\/toolhouse.fi\/fi\/wp-json\/wp\/v2\/product\/29174\/revisions"}],"predecessor-version":[{"id":29183,"href":"https:\/\/toolhouse.fi\/fi\/wp-json\/wp\/v2\/product\/29174\/revisions\/29183"}],"wp:featuredmedia":[{"embeddable":true,"href":"https:\/\/toolhouse.fi\/fi\/wp-json\/wp\/v2\/media\/29176"}],"wp:attachment":[{"href":"https:\/\/toolhouse.fi\/fi\/wp-json\/wp\/v2\/media?parent=29174"}],"wp:term":[{"taxonomy":"product_cat","embeddable":true,"href":"https:\/\/toolhouse.fi\/fi\/wp-json\/wp\/v2\/product_cat?post=29174"},{"taxonomy":"product_tag","embeddable":true,"href":"https:\/\/toolhouse.fi\/fi\/wp-json\/wp\/v2\/product_tag?post=29174"}],"curies":[{"name":"wp","href":"https:\/\/api.w.org\/{rel}","templated":true}]}}